{"id":821,"date":"2019-06-26T11:14:22","date_gmt":"2019-06-26T09:14:22","guid":{"rendered":"https:\/\/wordpress.nibis.de\/rsgebhardshagen\/?page_id=821"},"modified":"2020-09-15T11:28:33","modified_gmt":"2020-09-15T09:28:33","slug":"ernaehrung-und-umweltschutz","status":"publish","type":"page","link":"https:\/\/wordpress.nibis.de\/rsgebhardshagen\/ernaehrung-und-umweltschutz\/","title":{"rendered":"Ern\u00e4hrung und Umweltschutz"},"content":{"rendered":"\n<figure class=\"wp-block-gallery columns-2 is-cropped wp-block-gallery-1 is-layout-flex wp-block-gallery-is-layout-flex\"><ul class=\"blocks-gallery-grid\"><li class=\"blocks-gallery-item\"><figure><img loading=\"lazy\" decoding=\"async\" width=\"1024\" height=\"497\" src=\"https:\/\/wordpress.nibis.de\/rsgebhardshagen\/files\/2019\/07\/7366c38c-0c1b-4415-934a-2f46fd19dd01-1024x497.jpg\" alt=\"\" data-id=\"992\" data-link=\"https:\/\/wordpress.nibis.de\/rsgebhardshagen\/ernaehrung-und-umweltschutz\/7366c38c-0c1b-4415-934a-2f46fd19dd01\/\" class=\"wp-image-992\" srcset=\"https:\/\/wordpress.nibis.de\/rsgebhardshagen\/files\/2019\/07\/7366c38c-0c1b-4415-934a-2f46fd19dd01-1024x497.jpg 1024w, https:\/\/wordpress.nibis.de\/rsgebhardshagen\/files\/2019\/07\/7366c38c-0c1b-4415-934a-2f46fd19dd01-300x146.jpg 300w, https:\/\/wordpress.nibis.de\/rsgebhardshagen\/files\/2019\/07\/7366c38c-0c1b-4415-934a-2f46fd19dd01-768x373.jpg 768w, https:\/\/wordpress.nibis.de\/rsgebhardshagen\/files\/2019\/07\/7366c38c-0c1b-4415-934a-2f46fd19dd01.jpg 1600w\" sizes=\"auto, (max-width: 1024px) 100vw, 1024px\" \/><\/figure><\/li><li class=\"blocks-gallery-item\"><figure><img loading=\"lazy\" decoding=\"async\" width=\"1024\" height=\"497\" src=\"https:\/\/wordpress.nibis.de\/rsgebhardshagen\/files\/2019\/07\/d1b65c6b-1efc-4b27-99c8-37476c779575-1024x497.jpg\" alt=\"\" data-id=\"993\" data-link=\"https:\/\/wordpress.nibis.de\/rsgebhardshagen\/ernaehrung-und-umweltschutz\/d1b65c6b-1efc-4b27-99c8-37476c779575\/\" class=\"wp-image-993\" srcset=\"https:\/\/wordpress.nibis.de\/rsgebhardshagen\/files\/2019\/07\/d1b65c6b-1efc-4b27-99c8-37476c779575-1024x497.jpg 1024w, https:\/\/wordpress.nibis.de\/rsgebhardshagen\/files\/2019\/07\/d1b65c6b-1efc-4b27-99c8-37476c779575-300x146.jpg 300w, https:\/\/wordpress.nibis.de\/rsgebhardshagen\/files\/2019\/07\/d1b65c6b-1efc-4b27-99c8-37476c779575-768x373.jpg 768w, https:\/\/wordpress.nibis.de\/rsgebhardshagen\/files\/2019\/07\/d1b65c6b-1efc-4b27-99c8-37476c779575.jpg 1600w\" sizes=\"auto, (max-width: 1024px) 100vw, 1024px\" \/><\/figure><\/li><\/ul><\/figure>\n\n\n<p><strong>Reporterin: Svenja<\/strong><\/p>\n<p>Da <strong><span style=\"color: #ff0777\">Frau Hollmann<\/span><\/strong> gerade etwas Leckeres mit ihrer Projektgruppe zubereitet hat, konnte sie uns leider kein Interview geben.\u00a0<\/p>\n<p><strong><span style=\"color: #ff0777\">Interviews mit den Projektteilnehmern<\/span><\/strong><\/p>\n<p><span style=\"color: #ff7400\"><strong>M., 5. Klasse<\/strong><\/span><\/p>\n<ul>\n<li>Findest du das Thema der Woche gut? ,,Ja, es ist gut dass sich unsere RSG f\u00fcr den Klimaschutz einsetzt.&#8220;<\/li>\n<li>Warum hast du dieses Projekt gew\u00e4hlt? ,,Ich habe gelesen, dass wir auf einen Bauernhof fahren und das hat mich dazu gebracht, das Projekt zu w\u00e4hlen.&#8220;<\/li>\n<li>Was habt ihr in eurer Gruppe bislang alles gemacht? ,,Wir waren auf einem Bauernhof und haben dort 25 kg Erdbeeren gepfl\u00fcckt.&#8220;<\/li>\n<li>Welche Bereiche deines Projekts machen Dir besonders viel Spa\u00df? ,,Mir macht das Kochen sehr viel Spa\u00df, denn wir haben einen Schokobrunnen und Erdbeeren.&#8220;<\/li>\n<li>Was tust Du selbst f\u00fcr den Umweltschutz? ,,Ich achte darauf, dass mein M\u00fcll auch in der Tonne landet.&#8220;<\/li>\n<\/ul>\n<p><span style=\"color: #ff7400\"><strong>N., Klasse 8a<\/strong><\/span><\/p>\n<ul>\n<li>Findest du das Thema der Woche gut? ,,Ja, es ist wichtig, dass man das Klima sch\u00fctzt&#8220;.<\/li>\n<li>Warum hast du dieses Projekt gew\u00e4hlt? ,,Mich hat das Kochen sehr interessiert.&#8220;<\/li>\n<li>Was habt ihr in eurer Gruppe bislang alles gemacht? ,,Wir waren auf einem Bauernhof und haben Erdbeeren gepfl\u00fcckt.&#8220;<\/li>\n<li>Welche Bereiche deines Projekts machen Dir besonders viel Spa\u00df? ,,Das Kuchen backen.&#8220;<\/li>\n<li>Was tust du selbst f\u00fcr den Umweltschutz? ,,Wenn ich M\u00fcll sehe, r\u00e4ume ich ihn weg.&#8220;\u00a0<\/li>\n<\/ul>\n<p>\u00a0<\/p>","protected":false},"excerpt":{"rendered":"<p>Reporterin: Svenja Da Frau Hollmann gerade etwas Leckeres mit ihrer Projektgruppe zubereitet hat, konnte sie uns leider kein Interview geben.\u00a0 Interviews mit den Projektteilnehmern M., 5. Klasse Findest du das Thema der Woche gut? ,,Ja, es ist gut dass sich unsere RSG f\u00fcr den Klimaschutz einsetzt.&#8220; Warum hast du dieses Projekt gew\u00e4hlt? ,,Ich habe gelesen, [&hellip;]<\/p>\n","protected":false},"author":9193020,"featured_media":0,"parent":0,"menu_order":0,"comment_status":"closed","ping_status":"closed","template":"","meta":{"footnotes":""},"class_list":["post-821","page","type-page","status-publish","hentry"],"_links":{"self":[{"href":"https:\/\/wordpress.nibis.de\/rsgebhardshagen\/wp-json\/wp\/v2\/pages\/821","targetHints":{"allow":["GET"]}}],"collection":[{"href":"https:\/\/wordpress.nibis.de\/rsgebhardshagen\/wp-json\/wp\/v2\/pages"}],"about":[{"href":"https:\/\/wordpress.nibis.de\/rsgebhardshagen\/wp-json\/wp\/v2\/types\/page"}],"author":[{"embeddable":true,"href":"https:\/\/wordpress.nibis.de\/rsgebhardshagen\/wp-json\/wp\/v2\/users\/9193020"}],"replies":[{"embeddable":true,"href":"https:\/\/wordpress.nibis.de\/rsgebhardshagen\/wp-json\/wp\/v2\/comments?post=821"}],"version-history":[{"count":13,"href":"https:\/\/wordpress.nibis.de\/rsgebhardshagen\/wp-json\/wp\/v2\/pages\/821\/revisions"}],"predecessor-version":[{"id":1591,"href":"https:\/\/wordpress.nibis.de\/rsgebhardshagen\/wp-json\/wp\/v2\/pages\/821\/revisions\/1591"}],"wp:attachment":[{"href":"https:\/\/wordpress.nibis.de\/rsgebhardshagen\/wp-json\/wp\/v2\/media?parent=821"}],"curies":[{"name":"wp","href":"https:\/\/api.w.org\/{rel}","templated":true}]}}