{"id":132,"date":"2023-06-07T12:36:29","date_gmt":"2023-06-07T10:36:29","guid":{"rendered":"https:\/\/wordpress.nibis.de\/rsi\/?page_id=132"},"modified":"2023-06-26T10:52:14","modified_gmt":"2023-06-26T08:52:14","slug":"kollegium","status":"publish","type":"page","link":"https:\/\/wordpress.nibis.de\/rsi\/kollegium\/","title":{"rendered":"Kollegium"},"content":{"rendered":"\n<figure class=\"wp-block-image size-full\"><a href=\"https:\/\/wordpress.nibis.de\/rsi\/files\/2023\/06\/Kollegium_Mai_2023_Web.png\" target=\"_blank\" rel=\"noopener\"><img loading=\"lazy\" decoding=\"async\" width=\"1024\" height=\"413\" src=\"https:\/\/wordpress.nibis.de\/rsi\/files\/2023\/06\/Kollegium_Mai_2023_Web.png\" alt=\"Kollegium Mai 2023\" class=\"wp-image-291\" srcset=\"https:\/\/wordpress.nibis.de\/rsi\/files\/2023\/06\/Kollegium_Mai_2023_Web.png 1024w, https:\/\/wordpress.nibis.de\/rsi\/files\/2023\/06\/Kollegium_Mai_2023_Web-300x121.png 300w, https:\/\/wordpress.nibis.de\/rsi\/files\/2023\/06\/Kollegium_Mai_2023_Web-768x310.png 768w\" sizes=\"auto, (max-width: 1024px) 100vw, 1024px\" \/><\/a><\/figure>\n\n\n\n<p>Frau Dittmar, Frau Drees, Frau Eden, Frau Fricke, Frau Grove, Herr Gr\u00fcner, Frau Gutsmann, Frau John, Frau Keunecke, Frau Klahn, Frau Kobbe, Frau Maurer-Lambertz, Herr Messner, Frau Dr. Michael, Herr M\u00fcggenburg, Frau Neuendorf, Herr Nickel, Frau Niklas, Frau Pichler-Graf, Frau Pravemann, Frau Schampera, Frau Schroff, Frau Sch\u00fctte, Frau Senger, Frau Siebert, Frau Stelke, Frau Stieler, Frau Smolinski, Herr Sp\u00e4t, Frau Sperling, Frau Trautmann, Herr \u00d6zt\u00fcrk, Herr Waltermann, Frau Weber, Herr Wehling, Frau Weisgerber, Frau Yurchanka<\/p>\n","protected":false},"excerpt":{"rendered":"<p>Frau Dittmar, Frau Drees, Frau Eden, Frau Fricke, Frau Grove, Herr Gr\u00fcner, Frau Gutsmann, Frau John, Frau Keunecke, Frau Klahn, Frau Kobbe, Frau Maurer-Lambertz, Herr &hellip; <\/p>\n","protected":false},"author":953,"featured_media":0,"parent":0,"menu_order":0,"comment_status":"closed","ping_status":"closed","template":"","meta":{"footnotes":""},"class_list":["post-132","page","type-page","status-publish","hentry"],"_links":{"self":[{"href":"https:\/\/wordpress.nibis.de\/rsi\/wp-json\/wp\/v2\/pages\/132","targetHints":{"allow":["GET"]}}],"collection":[{"href":"https:\/\/wordpress.nibis.de\/rsi\/wp-json\/wp\/v2\/pages"}],"about":[{"href":"https:\/\/wordpress.nibis.de\/rsi\/wp-json\/wp\/v2\/types\/page"}],"author":[{"embeddable":true,"href":"https:\/\/wordpress.nibis.de\/rsi\/wp-json\/wp\/v2\/users\/953"}],"replies":[{"embeddable":true,"href":"https:\/\/wordpress.nibis.de\/rsi\/wp-json\/wp\/v2\/comments?post=132"}],"version-history":[{"count":3,"href":"https:\/\/wordpress.nibis.de\/rsi\/wp-json\/wp\/v2\/pages\/132\/revisions"}],"predecessor-version":[{"id":330,"href":"https:\/\/wordpress.nibis.de\/rsi\/wp-json\/wp\/v2\/pages\/132\/revisions\/330"}],"wp:attachment":[{"href":"https:\/\/wordpress.nibis.de\/rsi\/wp-json\/wp\/v2\/media?parent=132"}],"curies":[{"name":"wp","href":"https:\/\/api.w.org\/{rel}","templated":true}]}}