{"id":138,"date":"2023-06-07T12:37:55","date_gmt":"2023-06-07T10:37:55","guid":{"rendered":"https:\/\/wordpress.nibis.de\/rsi\/?page_id=138"},"modified":"2023-06-26T11:16:12","modified_gmt":"2023-06-26T09:16:12","slug":"schulsozialarbeit","status":"publish","type":"page","link":"https:\/\/wordpress.nibis.de\/rsi\/schulsozialarbeit\/","title":{"rendered":"Schulsozialarbeit"},"content":{"rendered":"\n<p>Was machen eigentlich Sozialp\u00e4dagogen in der Schule?<\/p>\n\n\n\n<ul class=\"wp-block-list\"><li>Beratung von Sch\u00fclerinnen und Sch\u00fclern (Konflikte pers\u00f6nlich, famili\u00e4r, mit Lehrern)<\/li><li>Beratung von Eltern<\/li><li>Angebote im Freizeitbereich<\/li><li>Organisation von Projekten<\/li><li>Pr\u00e4ventionsarbeit<\/li><li>Mitarbeit am Schulprogramm<\/li><li>AG<\/li><\/ul>\n\n\n\n<p><strong>Schulsozialarbeiterin:<\/strong> Alexandra Buchal (&#98;&#x75;&#x63;h&#97;&#x6c;&#64;&#114;&#x73;-&#105;&#x6c;s&#101;&#x64;&#x65;&#46;&#x64;&#x65;)<br><strong>Schulsozialarbeiter:<\/strong> Dirk Grune (gru&#110;&#101;&#64;&#x72;&#x73;&#x2d;&#x69;&#x6c;&#x73;ede&#46;&#100;&#101;)<\/p>\n","protected":false},"excerpt":{"rendered":"<p>Was machen eigentlich Sozialp\u00e4dagogen in der Schule? Beratung von Sch\u00fclerinnen und Sch\u00fclern (Konflikte pers\u00f6nlich, famili\u00e4r, mit Lehrern) Beratung von Eltern Angebote im Freizeitbereich Organisation von &hellip; <\/p>\n","protected":false},"author":953,"featured_media":0,"parent":0,"menu_order":0,"comment_status":"closed","ping_status":"closed","template":"","meta":{"footnotes":""},"class_list":["post-138","page","type-page","status-publish","hentry"],"_links":{"self":[{"href":"https:\/\/wordpress.nibis.de\/rsi\/wp-json\/wp\/v2\/pages\/138","targetHints":{"allow":["GET"]}}],"collection":[{"href":"https:\/\/wordpress.nibis.de\/rsi\/wp-json\/wp\/v2\/pages"}],"about":[{"href":"https:\/\/wordpress.nibis.de\/rsi\/wp-json\/wp\/v2\/types\/page"}],"author":[{"embeddable":true,"href":"https:\/\/wordpress.nibis.de\/rsi\/wp-json\/wp\/v2\/users\/953"}],"replies":[{"embeddable":true,"href":"https:\/\/wordpress.nibis.de\/rsi\/wp-json\/wp\/v2\/comments?post=138"}],"version-history":[{"count":2,"href":"https:\/\/wordpress.nibis.de\/rsi\/wp-json\/wp\/v2\/pages\/138\/revisions"}],"predecessor-version":[{"id":338,"href":"https:\/\/wordpress.nibis.de\/rsi\/wp-json\/wp\/v2\/pages\/138\/revisions\/338"}],"wp:attachment":[{"href":"https:\/\/wordpress.nibis.de\/rsi\/wp-json\/wp\/v2\/media?parent=138"}],"curies":[{"name":"wp","href":"https:\/\/api.w.org\/{rel}","templated":true}]}}