{"id":162,"date":"2023-06-07T12:43:10","date_gmt":"2023-06-07T10:43:10","guid":{"rendered":"https:\/\/wordpress.nibis.de\/rsi\/?page_id=162"},"modified":"2023-06-26T13:43:55","modified_gmt":"2023-06-26T11:43:55","slug":"anmeldung","status":"publish","type":"page","link":"https:\/\/wordpress.nibis.de\/rsi\/anmeldung\/","title":{"rendered":"Anmeldung"},"content":{"rendered":"\n<p><strong>Anmeldungen neue 5. Klassen Schuljahr 2023\/24<\/strong><\/p>\n\n\n\n<p>Sehr geehrte Eltern und Erziehungsberechtigte,<\/p>\n\n\n\n<p>die Anmeldung an der Realschule Gro\u00df Ilsede f\u00fcr die zuk\u00fcnftigen 5. Klassen ist vom 04.05. \u2013 12.05.2023 m\u00f6glich.<\/p>\n\n\n\n<p><strong>Wir bitten Sie unter 05172 \/ 8525 einen Termin f\u00fcr die Anmeldung zu vereinbaren.<\/strong><\/p>\n\n\n\n<p>Alle Formulare f\u00fcr die Anmeldung und f\u00fcr die Schulbuchausleihe finden Sie zum Download auf dieser Seite. Bitte f\u00fcllen Sie alle Formulare aus und bringen Sie diese zum Termin mit.<\/p>\n\n\n\n<p><strong>Formulare:<\/strong><br>1. Anmeldung Realschule Gro\u00df Ilsede<br>2. Informationen zur Schulbuchausleihe<br>3. Anmeldung zur Schulbuchausleihe<\/p>\n\n\n\n<p>Sollten Sie nicht die M\u00f6glichkeit haben die Formulare herunterzuladen oder auszudrucken, liegen diese auch zur Abholung in der Schule bereit.<\/p>\n\n\n\n<p><strong>Zus\u00e4tzlich zu den Anmeldeformularen ben\u00f6tigen wir bei der Anmeldung unbedingt folgende Papiere:<\/strong><\/p>\n\n\n\n<ul class=\"wp-block-list\"><li>Zeugnis des 1. Halbjahres Jahrgang 4<\/li><li>Geburtsurkunde Ihres Kindes<\/li><li>Impfpass o. anderes Dokument zum Nachweis des Masern-Impfschutzes<\/li><li>ggf. Leistungsnachweise zur Befreiung von der Zahlung zur Schulbuchausleihe<\/li><li>ggf. f\u00fcr das 2. und 3. Kind Schulbescheinigungen zur Minderung der Geb\u00fchr f\u00fcr die Schulbuchausleihe<\/li><li>Ggf. Bescheid \u00fcber sonderp\u00e4dagogischen F\u00f6rderbedarf<\/li><li>Ggf. Sorgerechtsnachweis<\/li><\/ul>\n\n\n\n<p>Wir freuen uns Sie und Ihre Kinder im kommenden Schuljahr an der Realschule Gro\u00df Ilsede begr\u00fc\u00dfen zu d\u00fcrfen!<\/p>\n","protected":false},"excerpt":{"rendered":"<p>Anmeldungen neue 5. Klassen Schuljahr 2023\/24 Sehr geehrte Eltern und Erziehungsberechtigte, die Anmeldung an der Realschule Gro\u00df Ilsede f\u00fcr die zuk\u00fcnftigen 5. Klassen ist vom &hellip; <\/p>\n","protected":false},"author":953,"featured_media":0,"parent":0,"menu_order":0,"comment_status":"closed","ping_status":"closed","template":"","meta":{"footnotes":""},"class_list":["post-162","page","type-page","status-publish","hentry"],"_links":{"self":[{"href":"https:\/\/wordpress.nibis.de\/rsi\/wp-json\/wp\/v2\/pages\/162","targetHints":{"allow":["GET"]}}],"collection":[{"href":"https:\/\/wordpress.nibis.de\/rsi\/wp-json\/wp\/v2\/pages"}],"about":[{"href":"https:\/\/wordpress.nibis.de\/rsi\/wp-json\/wp\/v2\/types\/page"}],"author":[{"embeddable":true,"href":"https:\/\/wordpress.nibis.de\/rsi\/wp-json\/wp\/v2\/users\/953"}],"replies":[{"embeddable":true,"href":"https:\/\/wordpress.nibis.de\/rsi\/wp-json\/wp\/v2\/comments?post=162"}],"version-history":[{"count":2,"href":"https:\/\/wordpress.nibis.de\/rsi\/wp-json\/wp\/v2\/pages\/162\/revisions"}],"predecessor-version":[{"id":388,"href":"https:\/\/wordpress.nibis.de\/rsi\/wp-json\/wp\/v2\/pages\/162\/revisions\/388"}],"wp:attachment":[{"href":"https:\/\/wordpress.nibis.de\/rsi\/wp-json\/wp\/v2\/media?parent=162"}],"curies":[{"name":"wp","href":"https:\/\/api.w.org\/{rel}","templated":true}]}}