{"id":54,"date":"2023-06-05T15:20:22","date_gmt":"2023-06-05T13:20:22","guid":{"rendered":"https:\/\/wordpress.nibis.de\/rsi\/?page_id=54"},"modified":"2023-06-26T13:50:59","modified_gmt":"2023-06-26T11:50:59","slug":"foerderverein","status":"publish","type":"page","link":"https:\/\/wordpress.nibis.de\/rsi\/foerderverein\/","title":{"rendered":"F\u00f6rderverein"},"content":{"rendered":"\n<div class=\"wp-block-image\"><figure class=\"aligncenter size-full\"><img loading=\"lazy\" decoding=\"async\" width=\"447\" height=\"99\" src=\"https:\/\/wordpress.nibis.de\/rsi\/files\/2023\/06\/Logo_FoeVe.jpg\" alt=\"\" class=\"wp-image-316\" srcset=\"https:\/\/wordpress.nibis.de\/rsi\/files\/2023\/06\/Logo_FoeVe.jpg 447w, https:\/\/wordpress.nibis.de\/rsi\/files\/2023\/06\/Logo_FoeVe-300x66.jpg 300w, https:\/\/wordpress.nibis.de\/rsi\/files\/2023\/06\/Logo_FoeVe-445x99.jpg 445w\" sizes=\"auto, (max-width: 447px) 100vw, 447px\" \/><\/figure><\/div>\n\n\n\n<p>Der F\u00f6rderverein der Realschule Ilsede verfolgt das Ziel, das Schulleben zu bereichern, zu unterst\u00fctzen sowie die erzieherischen und unterrichtsspezifischen Belange der Schule zu f\u00f6rdern.<\/p>\n\n\n\n<p>Unsere vordringlichsten Ziele sind:<\/p>\n\n\n\n<ul class=\"wp-block-list\"><li>Bereitstellung finanzieller Mittel f\u00fcr Anschaffungen im Interesse Ihrer Kinder<\/li><li>Unterst\u00fctzung der Schule<\/li><\/ul>\n\n\n\n<p><strong>WICHTIG:<\/strong><\/p>\n\n\n\n<p>Der F\u00f6rderverein der Realschule Gro\u00df Ilsede ist ein beim Amtsgericht Peine eingetragener, gemeinn\u00fctziger Verein. Spenden und Beitr\u00e4ge in unsere Vereinskasse werden als steuerlich abzugsf\u00e4hige Ausgaben anerkannt.<\/p>\n\n\n\n<div class=\"wp-block-buttons is-layout-flex wp-block-buttons-is-layout-flex\">\n<div class=\"wp-block-button aligncenter is-style-outline is-style-outline--1\"><a class=\"wp-block-button__link\" href=\"https:\/\/www.fv-rsilsede.de\/mitglied-werden\/\" target=\"_blank\" rel=\"noreferrer noopener\">Homepage des F\u00f6rdervereins der Realschule Gro\u00df Ilsede<\/a><\/div>\n<\/div>\n\n\n\n<p><\/p>\n","protected":false},"excerpt":{"rendered":"<p>Der F\u00f6rderverein der Realschule Ilsede verfolgt das Ziel, das Schulleben zu bereichern, zu unterst\u00fctzen sowie die erzieherischen und unterrichtsspezifischen Belange der Schule zu f\u00f6rdern. Unsere &hellip; <\/p>\n","protected":false},"author":9194213,"featured_media":0,"parent":0,"menu_order":0,"comment_status":"closed","ping_status":"closed","template":"","meta":{"footnotes":""},"class_list":["post-54","page","type-page","status-publish","hentry"],"_links":{"self":[{"href":"https:\/\/wordpress.nibis.de\/rsi\/wp-json\/wp\/v2\/pages\/54","targetHints":{"allow":["GET"]}}],"collection":[{"href":"https:\/\/wordpress.nibis.de\/rsi\/wp-json\/wp\/v2\/pages"}],"about":[{"href":"https:\/\/wordpress.nibis.de\/rsi\/wp-json\/wp\/v2\/types\/page"}],"author":[{"embeddable":true,"href":"https:\/\/wordpress.nibis.de\/rsi\/wp-json\/wp\/v2\/users\/9194213"}],"replies":[{"embeddable":true,"href":"https:\/\/wordpress.nibis.de\/rsi\/wp-json\/wp\/v2\/comments?post=54"}],"version-history":[{"count":6,"href":"https:\/\/wordpress.nibis.de\/rsi\/wp-json\/wp\/v2\/pages\/54\/revisions"}],"predecessor-version":[{"id":395,"href":"https:\/\/wordpress.nibis.de\/rsi\/wp-json\/wp\/v2\/pages\/54\/revisions\/395"}],"wp:attachment":[{"href":"https:\/\/wordpress.nibis.de\/rsi\/wp-json\/wp\/v2\/media?parent=54"}],"curies":[{"name":"wp","href":"https:\/\/api.w.org\/{rel}","templated":true}]}}