{"id":1145,"date":"2018-07-27T14:00:46","date_gmt":"2018-07-27T12:00:46","guid":{"rendered":"http:\/\/wordpress.nibis.de\/rslohne\/?page_id=1145"},"modified":"2024-11-01T09:23:39","modified_gmt":"2024-11-01T08:23:39","slug":"visitenkarte","status":"publish","type":"page","link":"https:\/\/wordpress.nibis.de\/rslohne\/visitenkarte\/","title":{"rendered":"Visitenkarte"},"content":{"rendered":"<h3>Adresse:<\/h3>\n<p>Realschule Lohne<br \/>\nMeyerhofstr. 6<br \/>\n49393 Lohne<\/p>\n<p>Tel: 04442-921473<br \/>\nFax 04442-921475<\/p>\n<p>Mail: &#114;&#x65;a&#x6c;&#x73;&#99;&#x68;u&#x6c;&#x65;&#46;&#x6c;o&#x68;&#x6e;&#101;&#x40;t&#x2d;&#x6f;&#110;&#x6c;i&#x6e;&#x65;&#46;&#x64;e<\/p>\n<h3>B\u00fcrozeiten:<\/h3>\n<p>montags &#8211; freitags 7.45 &#8211; 12.30 Uhr<\/p>\n<h3><\/h3>\n<h3>Unterrichtszeiten und Dauer:<\/h3>\n<p>Der Regelunterricht findet von der 1.-6. Unterrichtsstunde (8.00-13.20 Uhr) statt. In den Jahrg\u00e4ngen 9 und 10 findet halbj\u00e4hrlich auch in der 7.-8. Stunde (13.35-15.05 Uhr) der Sportunterricht statt.<\/p>\n<p>Zur Zeit unterrichten wir von der 1.-4. Stunde in zwei 90-min-Bl\u00f6cken, die von zwei gro\u00dfen Pausen (25 min und 20 min) unterbrochen werden. Die 5. und 6. Stunde dauert jeweils 45 min und wird durch eine 5-min-Pause unterbrochen.<\/p>\n<h3>Profilf\u00e4cher:<\/h3>\n<p>Als eine der wenigen Realschulen bieten wir <strong>alle<\/strong> Profilschwerpunkte ab Klasse 9 an. Diese sind:<\/p>\n<ul style=\"list-style-type: circle\">\n<li>Sprachen (Franz\u00f6sisch)<\/li>\n<li>Gesundheit und Soziales<\/li>\n<li>Wirtschaft<\/li>\n<li>Technik<\/li>\n<\/ul>\n<p>Hinzu kommen ab Kl. 6 Wahlpflichtkurse wie Franz\u00f6sisch, Darstellendes Spiel, Werken, Kunst oder Sport.<\/p>\n<h3>Schulabschl\u00fcsse:<\/h3>\n<p>An unserer Schule k\u00f6nnen folgende Abschl\u00fcsse erreicht werden:<\/p>\n<ul style=\"list-style-type: circle\">\n<li>Sek I Hauptschulabschluss nach Kl. 9<\/li>\n<li>Sek I Hauptschulabschluss nach Kl. 10<\/li>\n<li>Sek I Realschulabschluss nach Kl. 10<\/li>\n<li>Sek I erweiterter Realschulabschluss nach Kl. 10 (Berechtigung zum \u00dcbergang ans Gymnasium)<\/li>\n<\/ul>\n<h3>Berufsorientierung und soziales Engagement:<\/h3>\n<p>Als Realschule arbeiten wir sehr eng mit der Lohner Wirtschaft und der Agentur f\u00fcr Arbeit in Vechta zusammen. Unsere Sch\u00fclerinnen und Sch\u00fcler absolvieren jeweils im 8. Schuljahr zweiw\u00f6chige Werkstatttage und im 9. Schuljahr ein 14-t\u00e4giges Betriebspraktikum und werden ab dem 8. Schuljahr durch Ma\u00dfnahmen wie. z. B. den BIZ-Besuch, die Projektwoche, Betriebsbesichtigungen und weitere Veranstaltungen intensiv auf die Berufswelt vorbereitet. Des Weiteren werden <strong>alle<\/strong> Sch\u00fclerinnen und Sch\u00fcler von unserer Berufsberaterin Frau Kupich von der Agentur f\u00fcr Arbeit in einem oder mehreren pers\u00f6nlichen Beratungsgespr\u00e4chen ab Klasse 9 individuell bei der Berufsfindung und Berufswahl unterst\u00fctzt.<\/p>\n<p>Das soziale Engagement liegt uns ebenfalls sehr am Herzen. Wir arbeiten sehr eng mit dem <a href=\"http:\/\/wordpress.nibis.de\/rslohne\/elisabethhaus\/\">Altenheim St. Elisabeth<\/a> zusammen und durch unser Projekt <a href=\"http:\/\/wordpress.nibis.de\/rslohne\/fokus-mensch-2\/\">Fokus Mensch<\/a> kooperieren wir intensiv mit vielen weiteren sozialen Einrichtungen, in denen unsere Sch\u00fclerinnen und Sch\u00fcler in den Jahrg\u00e4ngen 9 und 10 praktische Erfahrungen sammeln k\u00f6nnen.<\/p>\n<h3>Aussicht:<\/h3>\n<p>Schulpolitische Entscheidungen erfordern st\u00e4ndige Anpassungen von den Schulen. Themen wie Inklusion und Digitalisierung sind zur Zeit aktuelle Themen in vielen Schulen, so auch bei uns. Der digitale Ausbau hat bereits einen umfassenden Standard erreicht und wird st\u00e4ndig weiter vorangetrieben und aktualisiert.<\/p>\n","protected":false},"excerpt":{"rendered":"<p>Adresse: Realschule Lohne Meyerhofstr. 6 49393 Lohne Tel: 04442-921473 Fax &hellip; <\/p>\n","protected":false},"author":696,"featured_media":0,"parent":0,"menu_order":21,"comment_status":"closed","ping_status":"closed","template":"","meta":{"footnotes":""},"class_list":["post-1145","page","type-page","status-publish","hentry"],"_links":{"self":[{"href":"https:\/\/wordpress.nibis.de\/rslohne\/wp-json\/wp\/v2\/pages\/1145","targetHints":{"allow":["GET"]}}],"collection":[{"href":"https:\/\/wordpress.nibis.de\/rslohne\/wp-json\/wp\/v2\/pages"}],"about":[{"href":"https:\/\/wordpress.nibis.de\/rslohne\/wp-json\/wp\/v2\/types\/page"}],"author":[{"embeddable":true,"href":"https:\/\/wordpress.nibis.de\/rslohne\/wp-json\/wp\/v2\/users\/696"}],"replies":[{"embeddable":true,"href":"https:\/\/wordpress.nibis.de\/rslohne\/wp-json\/wp\/v2\/comments?post=1145"}],"version-history":[{"count":19,"href":"https:\/\/wordpress.nibis.de\/rslohne\/wp-json\/wp\/v2\/pages\/1145\/revisions"}],"predecessor-version":[{"id":3048,"href":"https:\/\/wordpress.nibis.de\/rslohne\/wp-json\/wp\/v2\/pages\/1145\/revisions\/3048"}],"wp:attachment":[{"href":"https:\/\/wordpress.nibis.de\/rslohne\/wp-json\/wp\/v2\/media?parent=1145"}],"curies":[{"name":"wp","href":"https:\/\/api.w.org\/{rel}","templated":true}]}}