{"id":128,"date":"2015-03-14T16:18:22","date_gmt":"2015-03-14T15:18:22","guid":{"rendered":"http:\/\/wordpress.nibis.de\/rslohne\/?page_id=128"},"modified":"2024-10-17T09:31:51","modified_gmt":"2024-10-17T07:31:51","slug":"schulsanitaeter","status":"publish","type":"page","link":"https:\/\/wordpress.nibis.de\/rslohne\/schulsanitaeter\/","title":{"rendered":"Schulsanit\u00e4ter"},"content":{"rendered":"\n<div class=\"wp-block-group\"><div class=\"wp-block-group__inner-container is-layout-flow wp-block-group-is-layout-flow\">\n<p>Seit dem Schuljahr 2008\/09 gibt es an unserer Schule einen Sch\u00fclersanit\u00e4tsdienst. Sch\u00fclerinnen und Sch\u00fcler der Schulgemeinschaft werden in erster Hilfe ausgebildet und haben nach bestandener Ausbildung Sanit\u00e4tsdienst in den gro\u00dfen Pausen. Sie leisten erste Hilfe bei kleineren Verletzungen\/ Erkrankungen und werden unterst\u00fctzt durch Herrn Breitenbach.<\/p>\n\n\n\n<p>Durch den Sanit\u00e4tsdienst wird eine dauerhafte und zuverl\u00e4ssige Erstversorgung w\u00e4hrend der gesamten Schulzeit im Vormittagsbereich oder bei Schulveranstaltungen gew\u00e4hrleistet.\u00a0In Abst\u00e4nden nehmen unsere Schulsanit\u00e4ter und Schulsanit\u00e4terinnen auch an regionalen und nationalen Schulsanit\u00e4tswettbewerben teil. Im Schuljahr 2015\/16 erzielten sie einen hervorragenden\u00a0ersten Platz.<\/p>\n\n\n\n<p>Auch im vergangenen Schuljahr 2023\/ 2024 haben erneut zehn Sch\u00fclerinnen und Sch\u00fcler die Pr\u00fcfung zum Schulsanit\u00e4ter\/ zur Schulsanit\u00e4terin erfolgreich abgeschlossen. Im aktuellen Schuljahr werden voraussichtlich weitere zehn Sch\u00fclerinnen und Sch\u00fcler die Pr\u00fcfung zum Schulsanit\u00e4ter\/ zur Schulsanit\u00e4terin absolvieren.<\/p>\n<\/div><\/div>\n\n\n\n<figure class=\"wp-block-image size-full\"><img decoding=\"async\" src=\"https:\/\/wordpress.nibis.de\/rslohne\/files\/2024\/10\/IMG_7611-1-scaled.jpeg\" alt=\"\" class=\"wp-image-2825\" \/><\/figure>\n","protected":false},"excerpt":{"rendered":"<p>Seit dem Schuljahr 2008\/09 gibt es an unserer Schule einen &hellip; <\/p>\n","protected":false},"author":696,"featured_media":0,"parent":0,"menu_order":52,"comment_status":"closed","ping_status":"closed","template":"","meta":{"footnotes":""},"class_list":["post-128","page","type-page","status-publish","hentry"],"_links":{"self":[{"href":"https:\/\/wordpress.nibis.de\/rslohne\/wp-json\/wp\/v2\/pages\/128","targetHints":{"allow":["GET"]}}],"collection":[{"href":"https:\/\/wordpress.nibis.de\/rslohne\/wp-json\/wp\/v2\/pages"}],"about":[{"href":"https:\/\/wordpress.nibis.de\/rslohne\/wp-json\/wp\/v2\/types\/page"}],"author":[{"embeddable":true,"href":"https:\/\/wordpress.nibis.de\/rslohne\/wp-json\/wp\/v2\/users\/696"}],"replies":[{"embeddable":true,"href":"https:\/\/wordpress.nibis.de\/rslohne\/wp-json\/wp\/v2\/comments?post=128"}],"version-history":[{"count":13,"href":"https:\/\/wordpress.nibis.de\/rslohne\/wp-json\/wp\/v2\/pages\/128\/revisions"}],"predecessor-version":[{"id":2900,"href":"https:\/\/wordpress.nibis.de\/rslohne\/wp-json\/wp\/v2\/pages\/128\/revisions\/2900"}],"wp:attachment":[{"href":"https:\/\/wordpress.nibis.de\/rslohne\/wp-json\/wp\/v2\/media?parent=128"}],"curies":[{"name":"wp","href":"https:\/\/api.w.org\/{rel}","templated":true}]}}