{"id":1326,"date":"2024-09-30T12:57:00","date_gmt":"2024-09-30T10:57:00","guid":{"rendered":"https:\/\/wordpress.nibis.de\/rslohne\/?page_id=1326"},"modified":"2024-09-30T20:57:04","modified_gmt":"2024-09-30T18:57:04","slug":"mensch-hilft-mensch","status":"publish","type":"page","link":"https:\/\/wordpress.nibis.de\/rslohne\/mensch-hilft-mensch\/","title":{"rendered":"Mensch hilft Mensch"},"content":{"rendered":"\n<div class=\"wp-block-group\"><div class=\"wp-block-group__inner-container is-layout-flow wp-block-group-is-layout-flow\"><\/div><\/div>\n\n\n\n<figure class=\"wp-block-image size-full\"><img loading=\"lazy\" decoding=\"async\" width=\"1260\" height=\"560\" src=\"https:\/\/wordpress.nibis.de\/rslohne\/files\/2024\/09\/77223b5a-86d4-4341-82e6-131188742fbe-2.jpeg\" alt=\"\" class=\"wp-image-2798\" srcset=\"https:\/\/wordpress.nibis.de\/rslohne\/files\/2024\/09\/77223b5a-86d4-4341-82e6-131188742fbe-2.jpeg 1260w, https:\/\/wordpress.nibis.de\/rslohne\/files\/2024\/09\/77223b5a-86d4-4341-82e6-131188742fbe-2-250x111.jpeg 250w, https:\/\/wordpress.nibis.de\/rslohne\/files\/2024\/09\/77223b5a-86d4-4341-82e6-131188742fbe-2-768x341.jpeg 768w\" sizes=\"auto, (max-width: 1260px) 100vw, 1260px\" \/><figcaption>Patrizia Eckhoff, Benno Pille vom Verein \u201eHilfe f\u00fcr krebskranke Kinder e.V.\u201c, Kathrin Maske vom Tierschutzhof Dickel, Realschulkonrektor Felix Karkowski<\/figcaption><\/figure>\n\n\n\n<p>Die Realschule Lohne hat mit ihrer allj\u00e4hrlichen Spendenaktion &#8222;Mensch hilft Mensch&#8220; auch in diesem Jahr 2024 wieder ein beeindruckendes Ergebnis erzielt. Insgesamt kamen stolze 4.500 Euro zusammen, die f\u00fcr wohlt\u00e4tige Zwecke gespendet werden.<br>Die Sch\u00fclerinnen und Sch\u00fcler sammelten mit gro\u00dfem Einsatz, indem sie unter anderem beim Nachbarn im Garten halfen oder in einem hiesigen Betrieb arbeiteten. Von der gesammelten Summe gehen 3.000 Euro an den Verein \u201eHilfe f\u00fcr krebskranke Kinder e.V.\u201c in Lohne, um betroffene Familien in schweren Zeiten zu unterst\u00fctzen. Die verbleibenden 1.500 Euro werden dem Tierschutzhof in Dickel im Landkreis Diepholz \u00fcbergeben, der sich u.a. um vernachl\u00e4ssigte Tiere k\u00fcmmert.<br>Die verantwortliche Kollegin der Aktion, Patrizia Eckhoff sowie Realschulkonrektor Felix Karkowski zeigten sich stolz auf das Engagement der Sch\u00fclerinnen und Sch\u00fcler und betonten die Bedeutung von Solidarit\u00e4t und Mitgef\u00fchl. Die Spendenaktion war ein voller Erfolg und zeigte eindrucksvoll, wie viel Gutes erreicht werden kann, wenn alle zusammenarbeiten. Der Verein \u201eHilfe f\u00fcr krebskranke Kinder e.V.\u201c und der Tierschutzhof Dickel bedankten sich herzlich bei der Schulgemeinschaft f\u00fcr ihre gro\u00dfartige Unterst\u00fctzung.<\/p>\n","protected":false},"excerpt":{"rendered":"<p>Die Realschule Lohne hat mit ihrer allj\u00e4hrlichen Spendenaktion &#8222;Mensch hilft &hellip; <\/p>\n","protected":false},"author":696,"featured_media":0,"parent":0,"menu_order":64,"comment_status":"closed","ping_status":"closed","template":"","meta":{"footnotes":""},"class_list":["post-1326","page","type-page","status-publish","hentry"],"_links":{"self":[{"href":"https:\/\/wordpress.nibis.de\/rslohne\/wp-json\/wp\/v2\/pages\/1326","targetHints":{"allow":["GET"]}}],"collection":[{"href":"https:\/\/wordpress.nibis.de\/rslohne\/wp-json\/wp\/v2\/pages"}],"about":[{"href":"https:\/\/wordpress.nibis.de\/rslohne\/wp-json\/wp\/v2\/types\/page"}],"author":[{"embeddable":true,"href":"https:\/\/wordpress.nibis.de\/rslohne\/wp-json\/wp\/v2\/users\/696"}],"replies":[{"embeddable":true,"href":"https:\/\/wordpress.nibis.de\/rslohne\/wp-json\/wp\/v2\/comments?post=1326"}],"version-history":[{"count":5,"href":"https:\/\/wordpress.nibis.de\/rslohne\/wp-json\/wp\/v2\/pages\/1326\/revisions"}],"predecessor-version":[{"id":2806,"href":"https:\/\/wordpress.nibis.de\/rslohne\/wp-json\/wp\/v2\/pages\/1326\/revisions\/2806"}],"wp:attachment":[{"href":"https:\/\/wordpress.nibis.de\/rslohne\/wp-json\/wp\/v2\/media?parent=1326"}],"curies":[{"name":"wp","href":"https:\/\/api.w.org\/{rel}","templated":true}]}}