{"id":1815,"date":"2021-11-21T19:03:01","date_gmt":"2021-11-21T18:03:01","guid":{"rendered":"https:\/\/wordpress.nibis.de\/rslohne\/?page_id=1815"},"modified":"2021-11-21T19:03:01","modified_gmt":"2021-11-21T18:03:01","slug":"forscherwoche-bei-poeppelmann","status":"publish","type":"page","link":"https:\/\/wordpress.nibis.de\/rslohne\/forscherwoche-bei-poeppelmann\/","title":{"rendered":"Forscherwoche bei P\u00f6ppelmann"},"content":{"rendered":"\n<p>Am 12.11.2021 erhielten unsere Sch\u00fcler und Sch\u00fclerinnen des Profilkurses Technik \u2013 Jg. 9 einen praxisnahen Einblick in die Technologie sowie in das Verfahren einer nachhaltigen Kunststoffverarbeitung.<\/p>\n<p>Was geh\u00f6rt in die \u201eGelbe Tonne\u201c, und wie kann der gesammelte Kunststoff wiederverwertet werden? An einzelnen Stationen konnten die Sch\u00fcler und Sch\u00fclerinnen eindrucksvoll den geschlossenen Materialkreislauf vom Kunststoffrecycling bis hin zur Verarbeitung von Rezyklaten erleben.<\/p>\n<p>Zudem informierten Auszubildende und ein Team der Personalabteilung \u00fcber die Vielzahl der Ausbildungsm\u00f6glichkeiten bei P\u00f6ppelmann.<\/p>\n<p><a href=\"https:\/\/wordpress.nibis.de\/rslohne\/files\/2021\/11\/19DFCBF3-10C1-4B03-971D-C74B382455B3_1_105_c.jpeg\"><img loading=\"lazy\" decoding=\"async\" class=\"alignleft size-medium wp-image-1812\" src=\"https:\/\/wordpress.nibis.de\/rslohne\/files\/2021\/11\/19DFCBF3-10C1-4B03-971D-C74B382455B3_1_105_c-850x478.jpeg\" alt=\"\" width=\"850\" height=\"478\" \/><\/a> <a href=\"https:\/\/wordpress.nibis.de\/rslohne\/files\/2021\/11\/7D0FE7A4-DACA-4224-A9F3-A40F225BCEA8_1_105_c.jpeg\"><img loading=\"lazy\" decoding=\"async\" class=\"alignleft size-medium wp-image-1811\" src=\"https:\/\/wordpress.nibis.de\/rslohne\/files\/2021\/11\/7D0FE7A4-DACA-4224-A9F3-A40F225BCEA8_1_105_c-768x478.jpeg\" alt=\"\" width=\"768\" height=\"478\" \/><\/a> <a href=\"https:\/\/wordpress.nibis.de\/rslohne\/files\/2021\/11\/32DA8AF6-9CC7-4F21-B14F-6A1574E45A4D_1_105_c.jpeg\"><img loading=\"lazy\" decoding=\"async\" class=\"alignleft size-medium wp-image-1810\" src=\"https:\/\/wordpress.nibis.de\/rslohne\/files\/2021\/11\/32DA8AF6-9CC7-4F21-B14F-6A1574E45A4D_1_105_c-768x478.jpeg\" alt=\"\" width=\"768\" height=\"478\" \/><\/a> <a href=\"https:\/\/wordpress.nibis.de\/rslohne\/files\/2021\/11\/27816DCE-0CFA-4EEE-8877-56BF0DBCDFD1_1_105_c.jpeg\"><img loading=\"lazy\" decoding=\"async\" class=\"alignleft size-medium wp-image-1809\" src=\"https:\/\/wordpress.nibis.de\/rslohne\/files\/2021\/11\/27816DCE-0CFA-4EEE-8877-56BF0DBCDFD1_1_105_c-768x478.jpeg\" alt=\"\" width=\"768\" height=\"478\" \/><\/a><\/p>\n","protected":false},"excerpt":{"rendered":"<p>Am 12.11.2021 erhielten unsere Sch\u00fcler und Sch\u00fclerinnen des Profilkurses Technik &hellip; <\/p>\n","protected":false},"author":696,"featured_media":0,"parent":0,"menu_order":32,"comment_status":"closed","ping_status":"closed","template":"","meta":{"footnotes":""},"class_list":["post-1815","page","type-page","status-publish","hentry"],"_links":{"self":[{"href":"https:\/\/wordpress.nibis.de\/rslohne\/wp-json\/wp\/v2\/pages\/1815","targetHints":{"allow":["GET"]}}],"collection":[{"href":"https:\/\/wordpress.nibis.de\/rslohne\/wp-json\/wp\/v2\/pages"}],"about":[{"href":"https:\/\/wordpress.nibis.de\/rslohne\/wp-json\/wp\/v2\/types\/page"}],"author":[{"embeddable":true,"href":"https:\/\/wordpress.nibis.de\/rslohne\/wp-json\/wp\/v2\/users\/696"}],"replies":[{"embeddable":true,"href":"https:\/\/wordpress.nibis.de\/rslohne\/wp-json\/wp\/v2\/comments?post=1815"}],"version-history":[{"count":1,"href":"https:\/\/wordpress.nibis.de\/rslohne\/wp-json\/wp\/v2\/pages\/1815\/revisions"}],"predecessor-version":[{"id":1816,"href":"https:\/\/wordpress.nibis.de\/rslohne\/wp-json\/wp\/v2\/pages\/1815\/revisions\/1816"}],"wp:attachment":[{"href":"https:\/\/wordpress.nibis.de\/rslohne\/wp-json\/wp\/v2\/media?parent=1815"}],"curies":[{"name":"wp","href":"https:\/\/api.w.org\/{rel}","templated":true}]}}