{"id":1841,"date":"2021-11-26T18:13:18","date_gmt":"2021-11-26T17:13:18","guid":{"rendered":"https:\/\/wordpress.nibis.de\/rslohne\/?page_id=1841"},"modified":"2024-11-21T06:43:16","modified_gmt":"2024-11-21T05:43:16","slug":"schuelervertretung","status":"publish","type":"page","link":"https:\/\/wordpress.nibis.de\/rslohne\/schuelervertretung\/","title":{"rendered":"Sch\u00fclervertretung"},"content":{"rendered":"\n\n\n<div class=\"wp-block-media-text alignwide is-stacked-on-mobile\" style=\"grid-template-columns:27% auto\"><figure class=\"wp-block-media-text__media\"><img loading=\"lazy\" decoding=\"async\" width=\"1917\" height=\"2560\" src=\"https:\/\/wordpress.nibis.de\/rslohne\/files\/2024\/11\/IMG_0726-scaled.jpeg\" alt=\"\" class=\"wp-image-3124 size-full\" srcset=\"https:\/\/wordpress.nibis.de\/rslohne\/files\/2024\/11\/IMG_0726-scaled.jpeg 1917w, https:\/\/wordpress.nibis.de\/rslohne\/files\/2024\/11\/IMG_0726-106x141.jpeg 106w, https:\/\/wordpress.nibis.de\/rslohne\/files\/2024\/11\/IMG_0726-768x1026.jpeg 768w, https:\/\/wordpress.nibis.de\/rslohne\/files\/2024\/11\/IMG_0726-1150x1536.jpeg 1150w, https:\/\/wordpress.nibis.de\/rslohne\/files\/2024\/11\/IMG_0726-1534x2048.jpeg 1534w\" sizes=\"auto, (max-width: 1917px) 100vw, 1917px\" \/><\/figure><div class=\"wp-block-media-text__content\">\n<p class=\"has-medium-font-size\">Die Sch\u00fclervertretung bilden jeweils zwei Klassensprecherinnen und Klassensprecher jeder Klasse. Diese setzen sich f\u00fcr die Belange der Sch\u00fclerschaft ein und untersch\u00fctzen das Schulteam bei der Umsetzung vieler Aufgaben, von Aktionen zu bestimmten Festtagen bis hin zur Abschlussfeier f\u00fcr den Jahrgang 10.<br><br>Die beiden Sch\u00fclersprecherinnen Lilly-Sofie Heseding und Ronja Egert (Bild v. l.) fungieren dabei als Bindeglied zwischen unserer Schulleitung und der Sch\u00fclerschaft.<\/p>\n<\/div><\/div>\n\n\n","protected":false},"excerpt":{"rendered":"<p>Die Sch\u00fclervertretung bilden jeweils zwei Klassensprecherinnen und Klassensprecher jeder Klasse. &hellip; <\/p>\n","protected":false},"author":696,"featured_media":0,"parent":0,"menu_order":24,"comment_status":"closed","ping_status":"closed","template":"","meta":{"footnotes":""},"class_list":["post-1841","page","type-page","status-publish","hentry"],"_links":{"self":[{"href":"https:\/\/wordpress.nibis.de\/rslohne\/wp-json\/wp\/v2\/pages\/1841","targetHints":{"allow":["GET"]}}],"collection":[{"href":"https:\/\/wordpress.nibis.de\/rslohne\/wp-json\/wp\/v2\/pages"}],"about":[{"href":"https:\/\/wordpress.nibis.de\/rslohne\/wp-json\/wp\/v2\/types\/page"}],"author":[{"embeddable":true,"href":"https:\/\/wordpress.nibis.de\/rslohne\/wp-json\/wp\/v2\/users\/696"}],"replies":[{"embeddable":true,"href":"https:\/\/wordpress.nibis.de\/rslohne\/wp-json\/wp\/v2\/comments?post=1841"}],"version-history":[{"count":7,"href":"https:\/\/wordpress.nibis.de\/rslohne\/wp-json\/wp\/v2\/pages\/1841\/revisions"}],"predecessor-version":[{"id":3141,"href":"https:\/\/wordpress.nibis.de\/rslohne\/wp-json\/wp\/v2\/pages\/1841\/revisions\/3141"}],"wp:attachment":[{"href":"https:\/\/wordpress.nibis.de\/rslohne\/wp-json\/wp\/v2\/media?parent=1841"}],"curies":[{"name":"wp","href":"https:\/\/api.w.org\/{rel}","templated":true}]}}