{"id":2014,"date":"2025-01-21T11:51:00","date_gmt":"2025-01-21T10:51:00","guid":{"rendered":"https:\/\/wordpress.nibis.de\/rslohne\/?page_id=2014"},"modified":"2026-03-16T09:11:21","modified_gmt":"2026-03-16T08:11:21","slug":"neuanmeldungen-klasse-5","status":"publish","type":"page","link":"https:\/\/wordpress.nibis.de\/rslohne\/neuanmeldungen-klasse-5\/","title":{"rendered":"Schulanmeldung Klasse 5"},"content":{"rendered":"\n<p>Sch\u00f6n, dass sich ihr Kind und Sie f\u00fcr die <strong><em>Realschule Lohne<\/em><\/strong> entschieden haben. Um Ihre Tochter oder Ihren Sohn an unserer Schule anzumelden, folgen Sie einfach den folgenden Schritten. <\/p>\n\n\n\n<h2 class=\"wp-block-heading is-style-bam-widget-title\" style=\"font-style:normal;font-weight:400\">1. Sch\u00fclererfassung online<\/h2>\n\n\n\n<div class=\"wp-block-columns has-text-align-left is-layout-flex wp-container-core-columns-is-layout-abceabcf wp-block-columns-is-layout-flex\">\n<div class=\"wp-block-column is-layout-flow wp-block-column-is-layout-flow\">\n<p>Im ersten Schritt f\u00fcllen Sie bitte den <strong><a href=\"https:\/\/haneke.de\/schueleranmeldung\/Eingabe?id=1296589696\">Sch\u00fcleraufnahmebogen<\/a> <\/strong>vollst\u00e4ndig <em>online <\/em>aus (<em>freigeschaltet ab dem <strong>20. April 2026<\/strong><\/em>). Im Anschluss erhalten Sie einen Kontrollausdruck (siehe Bild) mit entsprechender individueller Kennung und einem Barcode, den Sie bitte unbedingt <em>ausdrucken<\/em>, <em>unterschreiben <\/em> (<em><mark style=\"background-color:#fcb900\" class=\"has-inline-color has-black-color\"><mark><strong>alle Erziehungsberechtigt<\/strong><\/mark><\/mark><\/em><strong><mark style=\"background-color:#fcb900\" class=\"has-inline-color has-black-color\"><mark><em>e<\/em>n<\/mark><\/mark><\/strong>) und mit den folgenden Dokumenten einreichen.<\/p>\n<\/div>\n\n\n\n<div class=\"wp-block-column is-layout-flow wp-block-column-is-layout-flow\"><div class=\"wp-block-image is-resized is-style-default\">\n<figure class=\"alignleft size-full\"><img loading=\"lazy\" decoding=\"async\" width=\"320\" height=\"179\" src=\"https:\/\/wordpress.nibis.de\/rslohne\/files\/2024\/12\/Screenshot-2024-12-06-201947.png\" alt=\"\" class=\"wp-image-3165\" srcset=\"https:\/\/wordpress.nibis.de\/rslohne\/files\/2024\/12\/Screenshot-2024-12-06-201947.png 320w, https:\/\/wordpress.nibis.de\/rslohne\/files\/2024\/12\/Screenshot-2024-12-06-201947-250x141.png 250w\" sizes=\"auto, (max-width: 320px) 100vw, 320px\" \/><\/figure>\n<\/div><\/div>\n<\/div>\n\n\n\n<h2 class=\"wp-block-heading is-style-bam-widget-title\" style=\"font-style:normal;font-weight:400\">2. Weitere Dokumente<\/h2>\n\n\n\n<div class=\"wp-block-columns is-layout-flex wp-container-core-columns-is-layout-abceabcf wp-block-columns-is-layout-flex\">\n<div class=\"wp-block-column is-layout-flow wp-block-column-is-layout-flow\" style=\"--col-width:100%;flex-basis:100%\">\n<div class=\"wp-block-columns is-layout-flex wp-container-core-columns-is-layout-abceabcf wp-block-columns-is-layout-flex\">\n<div class=\"wp-block-column is-layout-flow wp-block-column-is-layout-flow\">\n<p>Im n\u00e4chsten Schritt brauchen wir noch weitere Informationen und Erkl\u00e4rungen von Ihnen. Die nebenstehenden Links enthalten Dokumente, die Sie bitte <em>digital <\/em>oder <em>handschriftlich <\/em>ausf\u00fcllen und ebenfalls bei uns einreichen. <a href=\"https:\/\/wordpress.nibis.de\/rslohne\/files\/2023\/03\/Einwilligungserklaerung_und_Nutzungsordnung_fuer_IServ.pdf\">Hier <\/a>k\u00f6nnen Sie die<strong> IServ Nutzervereinbarung <\/strong>vorab lesen.<\/p>\n<\/div>\n\n\n\n<div class=\"wp-block-column is-layout-flow wp-block-column-is-layout-flow\">\n<ul class=\"wp-block-list is-style-tw-checkmark\">\n<li><span class=\"tadv-color\" style=\"color:#000000\"><a href=\"https:\/\/wordpress.nibis.de\/rslohne\/files\/2025\/02\/Angaben-zur-Sorgeberechtigung.pdf\">Sorgeberechtigung<\/a><\/span> (bei getrennt lebenden Eltern\/ Alleinerziehende)<\/li>\n\n\n\n<li><span class=\"tadv-color\" style=\"color:#000000\"><a href=\"https:\/\/wordpress.nibis.de\/rslohne\/files\/2025\/02\/Nutzerordnung-IServ.pdf\">IServ Nutzungsvereinbarung<\/a><\/span> Sch\u00fcler-Account<\/li>\n\n\n\n<li><span class=\"tadv-color\" style=\"color:#000000\"><a href=\"https:\/\/wordpress.nibis.de\/rslohne\/files\/2025\/02\/Nutzerordnung-IServ-Eltern.pdf\">IServ Nutzungsvereinbarung<\/a><\/span> Eltern-Account<\/li>\n\n\n\n<li><a href=\"https:\/\/wordpress.nibis.de\/rslohne\/files\/2025\/03\/Einwilligung.pdf\">Einwilligung Homepage<\/a><\/li>\n\n\n\n<li><a href=\"https:\/\/wordpress.nibis.de\/rslohne\/files\/2025\/03\/Einwilligung-Zeitung.pdf\">Einwilligung Zeitung<\/a><\/li>\n<\/ul>\n<\/div>\n<\/div>\n<\/div>\n<\/div>\n\n\n\n<h2 class=\"wp-block-heading is-style-bam-widget-title\" style=\"font-style:normal;font-weight:400\">3. Anhang<\/h2>\n\n\n\n<div class=\"wp-block-columns is-layout-flex wp-container-core-columns-is-layout-abceabcf wp-block-columns-is-layout-flex\">\n<div class=\"wp-block-column is-layout-flow wp-block-column-is-layout-flow\">\n<p>Als vorletzten Schritt fertigen Sie Kopien der nebenstehenden Unterlagen an und reichen diese mit ein. <\/p>\n<\/div>\n\n\n\n<div class=\"wp-block-column is-layout-flow wp-block-column-is-layout-flow\">\n<ul class=\"wp-block-list is-style-tw-checkmark\">\n<li>Kopie der <strong>Geburtsurkunde<\/strong><\/li>\n\n\n\n<li>Kopie des <strong>Schwimmnachweises <\/strong>Bronze<\/li>\n\n\n\n<li>Kopien der Protokolle der <strong>Beratungsgespr\u00e4che <\/strong>der Grundschule<\/li>\n\n\n\n<li>Kopie der <strong>Zeugnisse<\/strong>\n<ul class=\"wp-block-list\">\n<li><em>Klasse 4 (1. Halbjahr)<\/em><\/li>\n\n\n\n<li><em>Klasse 3 (1. und 2. Halbjahr)<\/em><\/li>\n<\/ul>\n<\/li>\n\n\n\n<li>Kopie <strong>Impfnachweis <\/strong>Masern<\/li>\n<\/ul>\n<\/div>\n<\/div>\n\n\n\n<h2 class=\"wp-block-heading is-style-bam-widget-title\" style=\"font-style:normal;font-weight:400\">4. Unterlagen einreichen<\/h2>\n\n\n\n<p>Bitte reichen Sie nun die vollst\u00e4ndigen Unterlagen bis sp\u00e4testens <strong>24. April 2026<\/strong> per <em>Post <\/em>oder <em>pers\u00f6nlich <\/em>in unserem Sekretariat (<a href=\"https:\/\/wordpress.nibis.de\/rslohne\/kontakt\/\" target=\"_blank\" rel=\"noreferrer noopener\">\u00d6ffnungszeiten<\/a> beachten) ein. <br><\/p>\n\n\n\n<p><\/p>\n\n\n\n<p><\/p>\n\n\n\n<p><\/p>\n\n\n\n<h2 class=\"wp-block-heading is-style-bam-widget-title\" style=\"font-style:normal;font-weight:400\">5. Lernmittelausleihe<\/h2>\n\n\n\n<p>Sie haben Ihre Unterlagen eingereicht und m\u00f6chten nun die B\u00fccher f\u00fcr Ihr Kind bei uns leihen? <\/p>\n\n\n\n<p>Hier finden Sie zun\u00e4chst grundlegende <a href=\"https:\/\/wordpress.nibis.de\/rslohne\/files\/2026\/02\/Info-Schulausleihe-Bev26.pdf\"><strong>Informationen zur Schulbuchausleihe<\/strong><\/a>, die unbedingt beachtet werden m\u00fcssen.<\/p>\n\n\n\n<ul class=\"wp-block-list\">\n<li>Sie sind mit dem Ausleihverfahren schon vertraut? Dann gehen Sie direkt zur <strong><a href=\"http:\/\/www.realschule-lohne.eu\/buecher\">Online-Schulbuchausleihe<\/a><\/strong> der Realschule Lohne.<\/li>\n\n\n\n<li>Sie ben\u00f6tigen Hilfe bei dem Ausleihverfahren? Hier finden Sie eine <strong><a href=\"https:\/\/wordpress.nibis.de\/rslohne\/files\/2026\/02\/Anleitung-digitale-Schulbuchausleihe-Bev26.pdf\">Anleitung zur Schulbuchausleihe<\/a><\/strong>.<\/li>\n\n\n\n<li>Der <strong><a href=\"https:\/\/wordpress.nibis.de\/rslohne\/files\/2026\/03\/Buecherliste-Klasse-5-Klasse-5-Schuljahr-26_27.pdf\">Schulbuchliste Klasse 5<\/a><\/strong> entnehmen Sie zudem alle <em>Arbeitshefte<\/em>, die Sie selber anschaffen sollten, damit Ihr Kind erfolgreich am Unterricht teilnehmen kann.<\/li>\n<\/ul>\n\n\n\n<p>Sie erhalten eine Erm\u00e4\u00dfigung oder eine Befreiung f\u00fcr die Kosten, dann klicken Sie <a href=\"https:\/\/wordpress.nibis.de\/rslohne\/files\/2026\/02\/Antrag-auf-Ermaessigung-Bev.pdf\"><strong>hier<\/strong><\/a>.<\/p>\n\n\n\n<hr class=\"wp-block-separator has-css-opacity is-style-wide\" \/>\n","protected":false},"excerpt":{"rendered":"<p>Sch\u00f6n, dass sich ihr Kind und Sie f\u00fcr die Realschule &hellip; <\/p>\n","protected":false},"author":696,"featured_media":0,"parent":0,"menu_order":14,"comment_status":"closed","ping_status":"closed","template":"","meta":{"footnotes":""},"class_list":["post-2014","page","type-page","status-publish","hentry"],"_links":{"self":[{"href":"https:\/\/wordpress.nibis.de\/rslohne\/wp-json\/wp\/v2\/pages\/2014","targetHints":{"allow":["GET"]}}],"collection":[{"href":"https:\/\/wordpress.nibis.de\/rslohne\/wp-json\/wp\/v2\/pages"}],"about":[{"href":"https:\/\/wordpress.nibis.de\/rslohne\/wp-json\/wp\/v2\/types\/page"}],"author":[{"embeddable":true,"href":"https:\/\/wordpress.nibis.de\/rslohne\/wp-json\/wp\/v2\/users\/696"}],"replies":[{"embeddable":true,"href":"https:\/\/wordpress.nibis.de\/rslohne\/wp-json\/wp\/v2\/comments?post=2014"}],"version-history":[{"count":117,"href":"https:\/\/wordpress.nibis.de\/rslohne\/wp-json\/wp\/v2\/pages\/2014\/revisions"}],"predecessor-version":[{"id":4410,"href":"https:\/\/wordpress.nibis.de\/rslohne\/wp-json\/wp\/v2\/pages\/2014\/revisions\/4410"}],"wp:attachment":[{"href":"https:\/\/wordpress.nibis.de\/rslohne\/wp-json\/wp\/v2\/media?parent=2014"}],"curies":[{"name":"wp","href":"https:\/\/api.w.org\/{rel}","templated":true}]}}