{"id":2022,"date":"2022-03-06T12:10:00","date_gmt":"2022-03-06T11:10:00","guid":{"rendered":"https:\/\/wordpress.nibis.de\/rslohne\/?page_id=2022"},"modified":"2023-04-20T12:17:52","modified_gmt":"2023-04-20T10:17:52","slug":"schulbuchausleihe-2","status":"publish","type":"page","link":"https:\/\/wordpress.nibis.de\/rslohne\/schulbuchausleihe-2\/","title":{"rendered":"Schulbuchausleihe"},"content":{"rendered":"\n\n\n<h2 class=\"wp-block-heading\"><a href=\"https:\/\/wordpress.nibis.de\/rslohne\/fuer-neuankoemmlinge\/\" data-type=\"page\" data-id=\"2267\">F\u00fcr Neuank\u00f6mmlinge&#8230;<\/a><\/h2>\n\n\n\n<h2 class=\"wp-block-heading\"><a href=\"https:\/\/wordpress.nibis.de\/rslohne\/schulbuchausleihe\/\" data-type=\"page\" data-id=\"1635\">F\u00fcr Bestandssch\u00fcler&#8230;<\/a><\/h2>\n\n\n","protected":false},"excerpt":{"rendered":"<p>F\u00fcr Neuank\u00f6mmlinge&#8230; F\u00fcr Bestandssch\u00fcler&#8230;<\/p>\n","protected":false},"author":696,"featured_media":0,"parent":0,"menu_order":11,"comment_status":"closed","ping_status":"closed","template":"","meta":{"footnotes":""},"class_list":["post-2022","page","type-page","status-publish","hentry"],"_links":{"self":[{"href":"https:\/\/wordpress.nibis.de\/rslohne\/wp-json\/wp\/v2\/pages\/2022","targetHints":{"allow":["GET"]}}],"collection":[{"href":"https:\/\/wordpress.nibis.de\/rslohne\/wp-json\/wp\/v2\/pages"}],"about":[{"href":"https:\/\/wordpress.nibis.de\/rslohne\/wp-json\/wp\/v2\/types\/page"}],"author":[{"embeddable":true,"href":"https:\/\/wordpress.nibis.de\/rslohne\/wp-json\/wp\/v2\/users\/696"}],"replies":[{"embeddable":true,"href":"https:\/\/wordpress.nibis.de\/rslohne\/wp-json\/wp\/v2\/comments?post=2022"}],"version-history":[{"count":2,"href":"https:\/\/wordpress.nibis.de\/rslohne\/wp-json\/wp\/v2\/pages\/2022\/revisions"}],"predecessor-version":[{"id":2270,"href":"https:\/\/wordpress.nibis.de\/rslohne\/wp-json\/wp\/v2\/pages\/2022\/revisions\/2270"}],"wp:attachment":[{"href":"https:\/\/wordpress.nibis.de\/rslohne\/wp-json\/wp\/v2\/media?parent=2022"}],"curies":[{"name":"wp","href":"https:\/\/api.w.org\/{rel}","templated":true}]}}