{"id":2030,"date":"2022-03-08T16:05:02","date_gmt":"2022-03-08T15:05:02","guid":{"rendered":"https:\/\/wordpress.nibis.de\/rslohne\/?page_id=2030"},"modified":"2026-03-16T08:44:46","modified_gmt":"2026-03-16T07:44:46","slug":"neuanmeldung-von-anderen-schulen","status":"publish","type":"page","link":"https:\/\/wordpress.nibis.de\/rslohne\/neuanmeldung-von-anderen-schulen\/","title":{"rendered":"Schulanmeldung Klassen 6-10"},"content":{"rendered":"\n\n\n<h2 class=\"wp-block-heading\">1. Informationen<\/h2>\n\n\n\n<p>Lesen Sie zun\u00e4chst aufmerksam die <a href=\"https:\/\/wordpress.nibis.de\/rslohne\/files\/2026\/03\/Elterninfo-2026-zur-Anmeldung-Kl.-6-10.pdf\">Elterninformation<\/a> zur Schulanmeldung.<\/p>\n\n\n\n<h2 class=\"wp-block-heading\">2. Sch\u00fcleraufnahmebogen<\/h2>\n\n\n\n<p>Bitte drucken Sie nun den <a href=\"https:\/\/wordpress.nibis.de\/rslohne\/files\/2026\/03\/Schueleraufnahmebogen-aktuell-2026.pdf\">Sch\u00fcleraufnahmebogen <\/a>aus und tragen alle Informationen sorgf\u00e4ltig ein.<\/p>\n\n\n\n<h2 class=\"wp-block-heading\">3. Weitere Dokumente<\/h2>\n\n\n\n<p>Drucken Sie die <a href=\"https:\/\/wordpress.nibis.de\/rslohne\/files\/2026\/03\/Einwilligung.pdf\">Einwilligung <\/a>zur Ver\u00f6ffentlichung von Fotos auf unserer Homepage und in der Zeitung aus und unterschreiben diese.&nbsp;<\/p>\n\n\n\n<h2 class=\"wp-block-heading\">4. Checkliste pr\u00fcfen<\/h2>\n\n\n\n<p>Pr\u00fcfen Sie die nachfolgende Checkliste. <\/p>\n\n\n\n<ul class=\"wp-block-list\">\n<li><strong>Sch\u00fcleraufnahmebogen<\/strong><\/li>\n\n\n\n<li><strong>Einwilligung <\/strong>Fotos<\/li>\n\n\n\n<li>Kopie der&nbsp;<strong>Geburtsurkunde<\/strong><\/li>\n\n\n\n<li>Kopie des&nbsp;<strong>Schwimmnachweises&nbsp;<\/strong>Bronze<\/li>\n\n\n\n<li>Kopie der <strong>Zeugnisse<\/strong> des letzten Schuljahres<\/li>\n\n\n\n<li>Kopie&nbsp;<strong>Impfnachweis&nbsp;<\/strong>Masern<\/li>\n<\/ul>\n\n\n\n<h2 class=\"wp-block-heading\">5. Unterlagen einreichen<\/h2>\n\n\n\n<p>Ihre Checkliste ist vollst\u00e4ndig abgehakt? Dann reichen Sie nun ihre vollst\u00e4ndigen Unterlagen <em>pers\u00f6nlich&nbsp;<\/em>in unserem Sekretariat (<a href=\"https:\/\/wordpress.nibis.de\/rslohne\/kontakt\/\">\u00d6ffnungszeiten<\/a>&nbsp;beachten) ein.<\/p>\n\n\n\n<h2 class=\"wp-block-heading\">6. Lehrmittelausleihe<\/h2>\n\n\n\n<p>Sie haben Ihre Unterlagen eingereicht und m\u00f6chten nun die B\u00fccher f\u00fcr Ihr Kind bei uns leihen?<\/p>\n\n\n\n<p>Hier finden Sie zun\u00e4chst grundlegende<a href=\"https:\/\/wordpress.nibis.de\/rslohne\/files\/2026\/02\/Info-Schulausleihe-Bev26.pdf\">\u00a0<strong>Informationen zur Schulbuchausleihe<\/strong><\/a>, die unbedingt beachtet werden m\u00fcssen.<\/p>\n\n\n\n<ul class=\"wp-block-list\">\n<li>Sie sind mit dem Ausleihverfahren schon vertraut? Dann gehen Sie direkt zur&nbsp;<strong><a href=\"http:\/\/www.realschule-lohne.eu\/buecher\">Online-Schulbuchausleihe<\/a><\/strong>&nbsp;der Realschule Lohne.<\/li>\n\n\n\n<li>Sie ben\u00f6tigen Hilfe bei dem Ausleihverfahren? Hier finden Sie eine\u00a0<strong><a href=\"https:\/\/wordpress.nibis.de\/rslohne\/files\/2026\/02\/Anleitung-digitale-Schulbuchausleihe-Bev26.pdf\">Anleitung zur Schulbuchausleihe<\/a><\/strong>.<\/li>\n<\/ul>\n\n\n\n<p>Sie erhalten eine Erm\u00e4\u00dfigung oder eine Befreiung f\u00fcr die Kosten, dann klicken Sie\u00a0<a href=\"https:\/\/wordpress.nibis.de\/rslohne\/files\/2026\/02\/Antrag-auf-Ermaessigung-Bev.pdf\"><strong>hier<\/strong><\/a>.<\/p>\n\n\n","protected":false},"excerpt":{"rendered":"<p>1. Informationen Lesen Sie zun\u00e4chst aufmerksam die Elterninformation zur Schulanmeldung. &hellip; <\/p>\n","protected":false},"author":696,"featured_media":0,"parent":0,"menu_order":10,"comment_status":"closed","ping_status":"closed","template":"","meta":{"footnotes":""},"class_list":["post-2030","page","type-page","status-publish","hentry"],"_links":{"self":[{"href":"https:\/\/wordpress.nibis.de\/rslohne\/wp-json\/wp\/v2\/pages\/2030","targetHints":{"allow":["GET"]}}],"collection":[{"href":"https:\/\/wordpress.nibis.de\/rslohne\/wp-json\/wp\/v2\/pages"}],"about":[{"href":"https:\/\/wordpress.nibis.de\/rslohne\/wp-json\/wp\/v2\/types\/page"}],"author":[{"embeddable":true,"href":"https:\/\/wordpress.nibis.de\/rslohne\/wp-json\/wp\/v2\/users\/696"}],"replies":[{"embeddable":true,"href":"https:\/\/wordpress.nibis.de\/rslohne\/wp-json\/wp\/v2\/comments?post=2030"}],"version-history":[{"count":33,"href":"https:\/\/wordpress.nibis.de\/rslohne\/wp-json\/wp\/v2\/pages\/2030\/revisions"}],"predecessor-version":[{"id":4406,"href":"https:\/\/wordpress.nibis.de\/rslohne\/wp-json\/wp\/v2\/pages\/2030\/revisions\/4406"}],"wp:attachment":[{"href":"https:\/\/wordpress.nibis.de\/rslohne\/wp-json\/wp\/v2\/media?parent=2030"}],"curies":[{"name":"wp","href":"https:\/\/api.w.org\/{rel}","templated":true}]}}