{"id":2085,"date":"2022-04-03T12:07:20","date_gmt":"2022-04-03T10:07:20","guid":{"rendered":"https:\/\/wordpress.nibis.de\/rslohne\/?page_id=2085"},"modified":"2025-04-22T21:55:19","modified_gmt":"2025-04-22T19:55:19","slug":"%ef%bf%bc","status":"publish","type":"page","link":"https:\/\/wordpress.nibis.de\/rslohne\/%ef%bf%bc\/","title":{"rendered":"Werkstatttage Klasse 8"},"content":{"rendered":"\n<div>\n<p>Ein fester Bestandteil der beruflichen Orientierung bilden im achten Jahrgang die zweiw\u00f6chigen Werkstatttage, durchgef\u00fchrt in den Lehrwerkst\u00e4tten der Kreishandwerkerschaft Vechta.\u00a0<span style=\"font-size: revert\">Aus acht verschiedenen Berufsfeldern wird f\u00fcr jede Sch\u00fclerin und jeden Sch\u00fcler ein individuelles Programm aus vier Berufsfeldern zusammengestellt, die unter professioneller Anleitung praktisch erprobt werden k\u00f6nnen.<\/span><\/p>\n<\/div>\n<div>\n<p>Die Sch\u00fclerinnen und Sch\u00fcler fertigen zum Beispiel Gegenst\u00e4nde aus Holz oder Metall an, schrauben in der Kfz-Werkstatt an einem Auto, erlernen das Schwei\u00dfen oder bauen elektrische Schaltungen auf.\u00a0<span style=\"font-size: revert\">Auch k\u00f6nnen sie einen Einblick in das Friseurhandwerk bekommen oder im EDV-Bereich eine Reise ausarbeiten.\u00a0<\/span><span style=\"font-size: revert\">Betreut werden sie dabei von erfahrenen Ausbilderinnen und Ausbildern.\u00a0<\/span><span style=\"font-size: revert\">Von ihnen erhalten die Sch\u00fclerinnen und Sch\u00fcler auch n\u00fctzliche Informationen zu den jeweiligen Ausbildungsberufen und den Weiterbildungsm\u00f6glichkeiten.<\/span><\/p>\n<\/div>\n<div>\n<p>Zum Abschluss erfolgt eine st\u00e4rkeorientierte R\u00fcckmeldung \u00fcber das Verhalten und die F\u00e4higkeiten, die in den jeweiligen Berufsfeldern gezeigt wurden.\u00a0<span style=\"font-size: revert\">So leisten die Werkstatttage einen wertvollen Beitrag zur beruflichen Orientierung.<\/span><\/p>\n<p>\u00a0<\/p>\n<\/div>\n\n\n\n<figure class=\"wp-block-gallery has-nested-images columns-default is-cropped wp-block-gallery-1 is-layout-flex wp-block-gallery-is-layout-flex\">\n<figure class=\"wp-block-image size-large is-style-tw-frame\"><img loading=\"lazy\" decoding=\"async\" width=\"692\" height=\"675\" data-id=\"3527\" src=\"https:\/\/wordpress.nibis.de\/rslohne\/files\/2025\/04\/PXL_20250324_094046525.MP_-692x675.jpg\" alt=\"\" class=\"wp-image-3527\" \/><\/figure>\n\n\n\n<figure class=\"wp-block-image size-large is-style-tw-frame\"><img loading=\"lazy\" decoding=\"async\" width=\"692\" height=\"675\" data-id=\"3528\" src=\"https:\/\/wordpress.nibis.de\/rslohne\/files\/2025\/04\/PXL_20250324_095844538.MP_-1-692x675.jpg\" alt=\"\" class=\"wp-image-3528\" \/><\/figure>\n\n\n\n<figure class=\"wp-block-image size-large is-style-tw-frame\"><img loading=\"lazy\" decoding=\"async\" width=\"692\" height=\"675\" data-id=\"3529\" src=\"https:\/\/wordpress.nibis.de\/rslohne\/files\/2025\/04\/PXL_20250324_100134549.MP_-692x675.jpg\" alt=\"\" class=\"wp-image-3529\" \/><\/figure>\n\n\n\n<figure class=\"wp-block-image size-large is-style-tw-frame\"><img loading=\"lazy\" decoding=\"async\" width=\"692\" height=\"675\" data-id=\"3530\" src=\"https:\/\/wordpress.nibis.de\/rslohne\/files\/2025\/04\/PXL_20250403_065737990-692x675.jpg\" alt=\"\" class=\"wp-image-3530\" \/><\/figure>\n\n\n\n<figure class=\"wp-block-image size-large is-style-tw-frame\"><img loading=\"lazy\" decoding=\"async\" width=\"692\" height=\"675\" data-id=\"3526\" src=\"https:\/\/wordpress.nibis.de\/rslohne\/files\/2025\/04\/PXL_20250403_070009176-692x675.jpg\" alt=\"\" class=\"wp-image-3526\" \/><\/figure>\n\n\n\n<figure class=\"wp-block-image size-large is-style-tw-frame\"><img loading=\"lazy\" decoding=\"async\" width=\"692\" height=\"675\" data-id=\"3531\" src=\"https:\/\/wordpress.nibis.de\/rslohne\/files\/2025\/04\/PXL_20250403_071700425.MP_-692x675.jpg\" alt=\"\" class=\"wp-image-3531\" \/><\/figure>\n<figcaption class=\"blocks-gallery-caption\">Eindr\u00fccke von den Werkstatttagen 2025<\/figcaption><\/figure>\n","protected":false},"excerpt":{"rendered":"<p>Ein fester Bestandteil der beruflichen Orientierung bilden im achten Jahrgang &hellip; <\/p>\n","protected":false},"author":696,"featured_media":0,"parent":0,"menu_order":9,"comment_status":"closed","ping_status":"closed","template":"","meta":{"footnotes":""},"class_list":["post-2085","page","type-page","status-publish","hentry"],"_links":{"self":[{"href":"https:\/\/wordpress.nibis.de\/rslohne\/wp-json\/wp\/v2\/pages\/2085","targetHints":{"allow":["GET"]}}],"collection":[{"href":"https:\/\/wordpress.nibis.de\/rslohne\/wp-json\/wp\/v2\/pages"}],"about":[{"href":"https:\/\/wordpress.nibis.de\/rslohne\/wp-json\/wp\/v2\/types\/page"}],"author":[{"embeddable":true,"href":"https:\/\/wordpress.nibis.de\/rslohne\/wp-json\/wp\/v2\/users\/696"}],"replies":[{"embeddable":true,"href":"https:\/\/wordpress.nibis.de\/rslohne\/wp-json\/wp\/v2\/comments?post=2085"}],"version-history":[{"count":12,"href":"https:\/\/wordpress.nibis.de\/rslohne\/wp-json\/wp\/v2\/pages\/2085\/revisions"}],"predecessor-version":[{"id":3536,"href":"https:\/\/wordpress.nibis.de\/rslohne\/wp-json\/wp\/v2\/pages\/2085\/revisions\/3536"}],"wp:attachment":[{"href":"https:\/\/wordpress.nibis.de\/rslohne\/wp-json\/wp\/v2\/media?parent=2085"}],"curies":[{"name":"wp","href":"https:\/\/api.w.org\/{rel}","templated":true}]}}