{"id":2123,"date":"2022-07-08T09:42:38","date_gmt":"2022-07-08T07:42:38","guid":{"rendered":"https:\/\/wordpress.nibis.de\/rslohne\/?page_id=2123"},"modified":"2024-04-02T08:18:02","modified_gmt":"2024-04-02T06:18:02","slug":"berufsberatung-der-agentur-fuer-arbeit-vechta","status":"publish","type":"page","link":"https:\/\/wordpress.nibis.de\/rslohne\/berufsberatung-der-agentur-fuer-arbeit-vechta\/","title":{"rendered":"Berufsberatung der Agentur f\u00fcr Arbeit &#8211; Vechta"},"content":{"rendered":"\n\n\n<div class=\"wp-block-media-text alignwide has-media-on-the-right is-stacked-on-mobile\"><figure class=\"wp-block-media-text__media\"><img loading=\"lazy\" decoding=\"async\" width=\"300\" height=\"260\" src=\"https:\/\/wordpress.nibis.de\/rslohne\/files\/2022\/07\/Wegweiser.jpg\" alt=\"\" class=\"wp-image-2125 size-full\" srcset=\"https:\/\/wordpress.nibis.de\/rslohne\/files\/2022\/07\/Wegweiser.jpg 300w, https:\/\/wordpress.nibis.de\/rslohne\/files\/2022\/07\/Wegweiser-163x141.jpg 163w\" sizes=\"auto, (max-width: 300px) 100vw, 300px\" \/><\/figure><div class=\"wp-block-media-text__content\">\n<p>Berufsberaterin Frau Kupich<\/p>\n\n\n\n<p>Unsere Berufsberaterin kommt regelm\u00e4\u00dfig in die Schule und f\u00fchrt mit den Sch\u00fclerinnen und Sch\u00fclern ab Jahrgang 8 Einzelgespr\u00e4che durch.<\/p>\n\n\n\n<p>Frau Kupich unterst\u00fctzt bei der Berufswahl, informiert \u00fcber Berufsschulangebote, ber\u00e4t und hilft bei der Suche nach einem geeigneten Ausbildungsplatz.<\/p>\n\n\n\n<p>Die Beratungstermine h\u00e4ngen im Klassenraum aus und finden im BO-B\u00fcro unserer Schule statt.<\/p>\n\n\n\n<p>Zum Beratungsgespr\u00e4ch bitte eine Kopie des letzten Zeugnisses mitbringen.<\/p>\n\n\n\n<p>Weitere Termine mit Frau Kupich k\u00f6nnen vereinbart werden:<\/p>\n\n\n\n<p>Telefonisch&nbsp;&nbsp;&nbsp;&nbsp;&nbsp;&nbsp;&nbsp;0 800 4 5555 00&nbsp;&nbsp;(kostenfrei)<\/p>\n\n\n\n<p>E- Mail:\u00a0\u00a0\u00a0\u00a0\u00a0\u00a0\u00a0\u00a0\u00a0\u00a0\u00a0\u00a0\u00a0<a href=\"&#109;&#x61;i&#x6c;t&#111;&#x3a;&#118;&#x65;c&#104;&#x74;&#97;&#x2e;b&#x65;&#x72;&#117;&#x66;s&#x62;e&#114;&#x61;&#116;&#x75;n&#103;&#x40;&#97;&#x72;b&#101;&#x69;&#116;&#x73;a&#x67;&#x65;&#110;&#x74;u&#x72;&#46;&#100;&#x65;\">&#x76;&#x65;&#x63;&#x68;&#116;&#97;&#46;&#98;eru&#x66;&#x73;&#x62;&#x65;&#x72;&#97;&#116;&#117;ng&#64;&#x61;&#x72;&#x62;&#x65;&#x69;&#116;&#115;&#97;gen&#x74;&#x75;&#x72;&#x2e;&#x64;&#101;<\/a><\/p>\n\n\n\n<p><\/p>\n<\/div><\/div>\n","protected":false},"excerpt":{"rendered":"<p>Berufsberaterin Frau Kupich Unsere Berufsberaterin kommt regelm\u00e4\u00dfig in die Schule &hellip; <\/p>\n","protected":false},"author":696,"featured_media":0,"parent":0,"menu_order":75,"comment_status":"closed","ping_status":"closed","template":"","meta":{"footnotes":""},"class_list":["post-2123","page","type-page","status-publish","hentry"],"_links":{"self":[{"href":"https:\/\/wordpress.nibis.de\/rslohne\/wp-json\/wp\/v2\/pages\/2123","targetHints":{"allow":["GET"]}}],"collection":[{"href":"https:\/\/wordpress.nibis.de\/rslohne\/wp-json\/wp\/v2\/pages"}],"about":[{"href":"https:\/\/wordpress.nibis.de\/rslohne\/wp-json\/wp\/v2\/types\/page"}],"author":[{"embeddable":true,"href":"https:\/\/wordpress.nibis.de\/rslohne\/wp-json\/wp\/v2\/users\/696"}],"replies":[{"embeddable":true,"href":"https:\/\/wordpress.nibis.de\/rslohne\/wp-json\/wp\/v2\/comments?post=2123"}],"version-history":[{"count":3,"href":"https:\/\/wordpress.nibis.de\/rslohne\/wp-json\/wp\/v2\/pages\/2123\/revisions"}],"predecessor-version":[{"id":2398,"href":"https:\/\/wordpress.nibis.de\/rslohne\/wp-json\/wp\/v2\/pages\/2123\/revisions\/2398"}],"wp:attachment":[{"href":"https:\/\/wordpress.nibis.de\/rslohne\/wp-json\/wp\/v2\/media?parent=2123"}],"curies":[{"name":"wp","href":"https:\/\/api.w.org\/{rel}","templated":true}]}}