{"id":2280,"date":"2023-05-05T08:51:28","date_gmt":"2023-05-05T06:51:28","guid":{"rendered":"https:\/\/wordpress.nibis.de\/rslohne\/?page_id=2280"},"modified":"2023-05-05T08:51:29","modified_gmt":"2023-05-05T06:51:29","slug":"besuch-bei-berry-bramlage-einblick-in-die-welt-der-verpackungsherstellung","status":"publish","type":"page","link":"https:\/\/wordpress.nibis.de\/rslohne\/besuch-bei-berry-bramlage-einblick-in-die-welt-der-verpackungsherstellung\/","title":{"rendered":"Besuch bei Berry Bramlage: Einblick in die Welt der Verpackungsherstellung"},"content":{"rendered":"\n<p style=\"font-weight: 400\">Am 26. April hatten 17 Sch\u00fclerinnen und Sch\u00fcler des Profils Wirtschaft der 9. Jahrgangsstufe die Chance, das Unternehmen Berry Bramlage in Begleitung von Frau Lamping zu besuchen. Das Unternehmen ist auf die Herstellung von Kunststoffverpackungen f\u00fcr unterschiedliche Branchen spezialisiert.<\/p>\n<p style=\"font-weight: 400\">Der Besuch begann mit einer Sicherheitsunterweisung durch Guido Kruse, der die Jugendlichen \u00fcber die notwendigen Sicherheitsma\u00dfnahmen im Betrieb informierte. Anschlie\u00dfend f\u00fchrten Betriebsleiter Christian D\u00f6dtmann und Produktionsleiter Jens Kuhlen die Gruppe durch die Produktionshallen. Sie erkl\u00e4rten den Sch\u00fclern ausf\u00fchrlich die verschiedenen Maschinen und Produktionsabl\u00e4ufe, die zur Herstellung der Verpackungen erforderlich sind.<\/p>\n<p style=\"font-weight: 400\">W\u00e4hrend der F\u00fchrung bekamen die Sch\u00fclerinnen und Sch\u00fcler auch Informationen \u00fcber die verschiedenen Ausbildungsberufe, die Berry Bramlage anbietet. Dazu z\u00e4hlen beispielsweise der Beruf des Verfahrensmechanikers f\u00fcr Kunststoff- und Kautschuktechnik, des Industriemechanikers oder des Maschinen- und Anlagenf\u00fchrers.<\/p>\n<p style=\"font-weight: 400\">Die Sch\u00fclerinnen und Sch\u00fcler zeigten gro\u00dfes Interesse an den verschiedenen T\u00e4tigkeiten im Betrieb und stellten viele Fragen. Dieser Besuch bot ihnen nicht nur die M\u00f6glichkeit, ihr Wissen \u00fcber die Herstellung von Verpackungen zu erweitern, sondern auch die Chance, m\u00f6gliche Berufswege f\u00fcr ihre eigene Zukunft zu erkunden.<\/p>\n<p style=\"font-weight: 400\">Der Besuch bei Berry Bramlage war f\u00fcr alle Beteiligten eine lehrreiche und interessante Erfahrung, die sicherlich einen bleibenden Eindruck hinterlassen hat.<\/p>\n<p><img decoding=\"async\" class=\"aligncenter\" src=\"https:\/\/wordpress.nibis.de\/rslohne\/files\/2023\/05\/IMG_0188-scaled-e1683268711693.jpeg\" \/><\/p>\n","protected":false},"excerpt":{"rendered":"<p>Am 26. April hatten 17 Sch\u00fclerinnen und Sch\u00fcler des Profils &hellip; <\/p>\n","protected":false},"author":696,"featured_media":0,"parent":0,"menu_order":71,"comment_status":"closed","ping_status":"closed","template":"","meta":{"footnotes":""},"class_list":["post-2280","page","type-page","status-publish","hentry"],"_links":{"self":[{"href":"https:\/\/wordpress.nibis.de\/rslohne\/wp-json\/wp\/v2\/pages\/2280","targetHints":{"allow":["GET"]}}],"collection":[{"href":"https:\/\/wordpress.nibis.de\/rslohne\/wp-json\/wp\/v2\/pages"}],"about":[{"href":"https:\/\/wordpress.nibis.de\/rslohne\/wp-json\/wp\/v2\/types\/page"}],"author":[{"embeddable":true,"href":"https:\/\/wordpress.nibis.de\/rslohne\/wp-json\/wp\/v2\/users\/696"}],"replies":[{"embeddable":true,"href":"https:\/\/wordpress.nibis.de\/rslohne\/wp-json\/wp\/v2\/comments?post=2280"}],"version-history":[{"count":1,"href":"https:\/\/wordpress.nibis.de\/rslohne\/wp-json\/wp\/v2\/pages\/2280\/revisions"}],"predecessor-version":[{"id":2281,"href":"https:\/\/wordpress.nibis.de\/rslohne\/wp-json\/wp\/v2\/pages\/2280\/revisions\/2281"}],"wp:attachment":[{"href":"https:\/\/wordpress.nibis.de\/rslohne\/wp-json\/wp\/v2\/media?parent=2280"}],"curies":[{"name":"wp","href":"https:\/\/api.w.org\/{rel}","templated":true}]}}