{"id":2314,"date":"2023-06-28T12:18:43","date_gmt":"2023-06-28T10:18:43","guid":{"rendered":"https:\/\/wordpress.nibis.de\/rslohne\/?page_id=2314"},"modified":"2023-06-28T12:18:44","modified_gmt":"2023-06-28T10:18:44","slug":"presseinformation-26-06-23","status":"publish","type":"page","link":"https:\/\/wordpress.nibis.de\/rslohne\/presseinformation-26-06-23\/","title":{"rendered":"Presseinformation 26.06.23"},"content":{"rendered":"\n<h2 class=\"wp-block-heading\">Neues Freizeitangebot in Lohne: \u00d6ffentliches Basketballfeld er\u00f6ffnet<\/h2>\n\n\n\n<h2>Sportplatz an der Falkenbergstra\u00dfe ist frei gegeben<\/h2>\n<p><strong>Lohne<\/strong><strong>.<\/strong> Die Stadt Lohne pr\u00e4sentiert ein neues Highlight f\u00fcr Sportbegeisterte: An der Falkenbergstra\u00dfe wurde ein \u00f6ffentliches Basketballfeld errichtet, das ab sofort von allen Sportlern genutzt werden kann. Das Feld befindet sich auf dem gemeinsamen Schulhof der Realschule und Stegemannschule und ersetzt das dortige Soccerfeld. Das Projekt wurde durch das Land Niedersachsen gef\u00f6rdert.<\/p>\n<p>Zuvor musste das Kunststoffspielfeld an der Sporthalle am Adenauerring aufgrund des Baus der Pumptrack-Anlage und der Tanzhalle weichen, auf dem unter anderem ein Basketballfeld markiert war. Nun wurde ein Ersatz geschaffen, um den Bed\u00fcrfnissen der Basketballspieler gerecht zu werden.<\/p>\n<p>\u201eBei den Planungen des neuen Platzes haben wir die Lohner Basketballer und weitere Jugendliche einbezogen und wertvolle Hinweise erhalten\u201c, sagt Martin Hinxlage, Leiter der Hochbauabteilung der Stadt Lohne. Die Stadt Lohne ist dankbar f\u00fcr weitere Tipps und Anregungen. \u201eWir wollten einen Platz schaffen, der keine W\u00fcnsche offenl\u00e4sst.\u201c<\/p>\n<p>Das neue Basketballfeld wurde wie sein Vorg\u00e4nger am Adenauerring als Kunststoffplatz errichtet und entspricht den Wettkampfanforderungen. Die Abmessungen betragen 28 mal 25 Meter plus zwei Meter umlaufenden Sicherheitsabstand. Das gesamte Areal ist eingez\u00e4unt und mit Ballfangnetzen zur Falkenbergstra\u00dfe und zu den Schulhofseiten versehen. Neben Basketballspielern k\u00f6nnen auch Fu\u00dfballer den Platz k\u00fcnftig nutzen, da Tore in die Umz\u00e4unung eingebaut wurden.<\/p>\n<p>Rund 215.000 Euro hat die Stadt Lohne in den Bau des Feldes investiert. Das Land Niedersachsen bezuschusst das Angebot mit 35.000 Euro im Rahmen seines Programms zur Schaffung von Jugendpl\u00e4tzen in den Kommunen.<\/p>\n<p>Das Basketballfeld steht w\u00e4hrend der Schulzeiten t\u00e4glich ab 14 Uhr bis zum Einbruch der Dunkelheit, sp\u00e4testens aber 21 Uhr, zur Verf\u00fcgung. An Wochenenden, Feiertagen und in den Ferien \u00f6ffnet die Anlage bereits um 10 Uhr. Au\u00dferhalb der Schulzeiten ist das Feld von der Falkenbergstra\u00dfe aus frei zug\u00e4nglich, w\u00e4hrend der Zugang vom und zum Schulhof durch eine abschlie\u00dfbare T\u00fcr gesichert ist.<\/p>\n<p>\u00a0<\/p>\n\n\n\n<figure class=\"wp-block-image size-large\"><img loading=\"lazy\" decoding=\"async\" width=\"1200\" height=\"675\" src=\"https:\/\/wordpress.nibis.de\/rslohne\/files\/2023\/06\/20230622_Basketballfeld_3-1200x675.jpg\" alt=\"\" class=\"wp-image-2310\" srcset=\"https:\/\/wordpress.nibis.de\/rslohne\/files\/2023\/06\/20230622_Basketballfeld_3-1200x675.jpg 1200w, https:\/\/wordpress.nibis.de\/rslohne\/files\/2023\/06\/20230622_Basketballfeld_3-850x478.jpg 850w\" sizes=\"auto, (max-width: 1200px) 100vw, 1200px\" \/><figcaption>Die Basketball-AG der Stegemannschule testeten direkt nach der offiziellen Freigabe des Platzes das neue Feld an der Falkenbergstra\u00dfe.\tFoto: Christian Tombr\u00e4gel, Stadt Lohne<\/figcaption><\/figure>\n","protected":false},"excerpt":{"rendered":"<p>Neues Freizeitangebot in Lohne: \u00d6ffentliches Basketballfeld er\u00f6ffnet Sportplatz an der &hellip; <\/p>\n","protected":false},"author":696,"featured_media":0,"parent":0,"menu_order":70,"comment_status":"closed","ping_status":"closed","template":"","meta":{"footnotes":""},"class_list":["post-2314","page","type-page","status-publish","hentry"],"_links":{"self":[{"href":"https:\/\/wordpress.nibis.de\/rslohne\/wp-json\/wp\/v2\/pages\/2314","targetHints":{"allow":["GET"]}}],"collection":[{"href":"https:\/\/wordpress.nibis.de\/rslohne\/wp-json\/wp\/v2\/pages"}],"about":[{"href":"https:\/\/wordpress.nibis.de\/rslohne\/wp-json\/wp\/v2\/types\/page"}],"author":[{"embeddable":true,"href":"https:\/\/wordpress.nibis.de\/rslohne\/wp-json\/wp\/v2\/users\/696"}],"replies":[{"embeddable":true,"href":"https:\/\/wordpress.nibis.de\/rslohne\/wp-json\/wp\/v2\/comments?post=2314"}],"version-history":[{"count":1,"href":"https:\/\/wordpress.nibis.de\/rslohne\/wp-json\/wp\/v2\/pages\/2314\/revisions"}],"predecessor-version":[{"id":2315,"href":"https:\/\/wordpress.nibis.de\/rslohne\/wp-json\/wp\/v2\/pages\/2314\/revisions\/2315"}],"wp:attachment":[{"href":"https:\/\/wordpress.nibis.de\/rslohne\/wp-json\/wp\/v2\/media?parent=2314"}],"curies":[{"name":"wp","href":"https:\/\/api.w.org\/{rel}","templated":true}]}}