{"id":2327,"date":"2023-08-18T18:00:38","date_gmt":"2023-08-18T16:00:38","guid":{"rendered":"https:\/\/wordpress.nibis.de\/rslohne\/?page_id=2327"},"modified":"2023-08-18T18:00:39","modified_gmt":"2023-08-18T16:00:39","slug":"einschulung-2023-24-zeitungsbericht","status":"publish","type":"page","link":"https:\/\/wordpress.nibis.de\/rslohne\/einschulung-2023-24-zeitungsbericht\/","title":{"rendered":"Einschulung 2023\/24 Zeitungsbericht"},"content":{"rendered":"\n\n\n<h3 class=\"wp-block-heading\">Gemeinsam neue Wege gehen: 73 Sch\u00fclerinnen und Sch\u00fcler feiern stimmungsvolle Einschulung an der Realschule Lohne (17.08.2023)<\/h3>\n\n\n\n<p style=\"font-weight: 400\">Lohne &#8211; Mit gro\u00dfer Vorfreude und strahlenden Gesichtern wurden heute 73 Sch\u00fclerinnen und Sch\u00fcler an der Realschule Lohne eingeschult. Unter dem Motto &#8222;Gemeinsam Neue Wege gehen&#8220; begann f\u00fcr sie ein neuer Lebensabschnitt, der mit Spannung und vielen neuen M\u00f6glichkeiten gef\u00fcllt ist.<\/p>\n<p style=\"font-weight: 400\">Die Einschulungsfeier fand in der festlich geschm\u00fcckten Pausenhalle der Realschule statt, in der sich neben den aufgeregten F\u00fcnftkl\u00e4sslern auch stolze Eltern, Geschwister und Lehrkr\u00e4fte versammelten. Die Atmosph\u00e4re war gepr\u00e4gt von Aufregung, Vorfreude und einer sp\u00fcrbaren Energie, die die Klassengemeinschaft bereits jetzt verbindet.<\/p>\n<p style=\"font-weight: 400\">In seiner Begr\u00fc\u00dfungsrede betonte Schulleiter Andreas Beine die Bedeutung des gemeinsamen Miteinanders. &#8222;Du schaffst das. F\u00fcr jedes Problem gibt es immer eine L\u00f6sung. Frag nach! Frag deine Lehrerinnen und Lehrer. Frag deine Eltern. Trau dich! Sei flei\u00dfig, \u00fcbe! Mach es noch einmal. Manchmal dauert es ein bisschen l\u00e4nger. Aber, du schaffst das! Nicht alles so verkniffen sehen ist die Kunst. Besonders dann, wenn etwas nicht gleich klappt.\u201c Herr Beine bedankte sich bei Sophia Herz stellvertretend f\u00fcr alle helfenden H\u00e4nde f\u00fcr die Organisation der Einschulungsfeier.<\/p>\n<p style=\"font-weight: 400\">Nach der offiziellen Begr\u00fc\u00dfung wurden die Sch\u00fclerinnen und Sch\u00fcler von ihren Klassenlehrerinnen Frau Landsberg, Frau St\u00f6lting und Frau Kiele herzlich willkommen gehei\u00dfen. Jede Klasse hat ihren eigenen Klassenraum, der liebevoll vorbereitet mit gem\u00fctlichen Arbeitspl\u00e4tzen auf die Sch\u00fclerinnen und Sch\u00fcler wartet. Die Klassenlehrerinnen stellten sich vor und erkl\u00e4rten den Kindern den Ablauf des ersten Schultages.<\/p>\n<p style=\"font-weight: 400\">Die die Schule betretenden Kinder konnten ihre Aufregung kaum verbergen. Auch Eltern und Geschwister teilten ihre Freude \u00fcber diesen besonderen Tag. &#8222;Es ist ein aufregender Moment, mein Kind bei seiner Einschulung zu begleiten&#8220;, sagte die Mutter einer F\u00fcnftkl\u00e4sslerin.<\/p>\n<p style=\"font-weight: 400\">Die Realschule Lohne ist bekannt f\u00fcr ihr vielf\u00e4ltiges Bildungsangebot und ihre engagierte Lehrerschaft. Neben den Kernf\u00e4chern stehen den Sch\u00fclerinnen und Sch\u00fclern zahlreiche Wahl- und Wahlpflichtkurse zur Verf\u00fcgung, die ihre individuellen Interessen und Talente ber\u00fccksichtigen. Von Musik und Kunst \u00fcber Naturwissenschaften und Sport bis hin zu Fremdsprachen bietet die Schule ein breites Spektrum an M\u00f6glichkeiten, um sich pers\u00f6nlich weiterzuentwickeln.<\/p>\n<p style=\"font-weight: 400\">Die Einschulungsfeier an der Realschule Lohne war ein gelungener Start in das Schuljahr 2023\/2024. Die Sch\u00fclerinnen und Sch\u00fcler wurden herzlich begr\u00fc\u00dft und ermutigt, gemeinsam neue Wege zu gehen. Wir w\u00fcnschen allen F\u00fcnftkl\u00e4sslern einen spannenden und erfolgreichen Schulstart und sind gespannt auf die kommenden sechs Jahre in dieser Schulgemeinschaft.<\/p>\n<p>\u00a0<\/p>\n\n\n\n<figure class=\"wp-block-image size-large\"><img loading=\"lazy\" decoding=\"async\" width=\"1200\" height=\"675\" src=\"https:\/\/wordpress.nibis.de\/rslohne\/files\/2023\/08\/2023-5a-lab-1200x675.jpg\" alt=\"\" class=\"wp-image-2323\" srcset=\"https:\/\/wordpress.nibis.de\/rslohne\/files\/2023\/08\/2023-5a-lab-1200x675.jpg 1200w, https:\/\/wordpress.nibis.de\/rslohne\/files\/2023\/08\/2023-5a-lab-850x478.jpg 850w\" sizes=\"auto, (max-width: 1200px) 100vw, 1200px\" \/><figcaption>Klasse 5a, Frau Landsberg<\/figcaption><\/figure>\n\n\n\n<figure class=\"wp-block-image size-large\"><img loading=\"lazy\" decoding=\"async\" width=\"1200\" height=\"675\" src=\"https:\/\/wordpress.nibis.de\/rslohne\/files\/2023\/08\/2023-5b-stoe-1200x675.jpg\" alt=\"\" class=\"wp-image-2322\" srcset=\"https:\/\/wordpress.nibis.de\/rslohne\/files\/2023\/08\/2023-5b-stoe-1200x675.jpg 1200w, https:\/\/wordpress.nibis.de\/rslohne\/files\/2023\/08\/2023-5b-stoe-850x478.jpg 850w\" sizes=\"auto, (max-width: 1200px) 100vw, 1200px\" \/><figcaption>Klasse 5b, Frau St\u00f6lting<\/figcaption><\/figure>\n\n\n\n<figure class=\"wp-block-image size-large\"><img loading=\"lazy\" decoding=\"async\" width=\"1200\" height=\"675\" src=\"https:\/\/wordpress.nibis.de\/rslohne\/files\/2023\/08\/2023-5c-kie-1200x675.jpg\" alt=\"\" class=\"wp-image-2321\" srcset=\"https:\/\/wordpress.nibis.de\/rslohne\/files\/2023\/08\/2023-5c-kie-1200x675.jpg 1200w, https:\/\/wordpress.nibis.de\/rslohne\/files\/2023\/08\/2023-5c-kie-850x478.jpg 850w\" sizes=\"auto, (max-width: 1200px) 100vw, 1200px\" \/><figcaption>Klasse 5c, Frau Kiele<\/figcaption><\/figure>\n","protected":false},"excerpt":{"rendered":"<p>Gemeinsam neue Wege gehen: 73 Sch\u00fclerinnen und Sch\u00fcler feiern stimmungsvolle &hellip; <\/p>\n","protected":false},"author":696,"featured_media":0,"parent":0,"menu_order":69,"comment_status":"closed","ping_status":"closed","template":"","meta":{"footnotes":""},"class_list":["post-2327","page","type-page","status-publish","hentry"],"_links":{"self":[{"href":"https:\/\/wordpress.nibis.de\/rslohne\/wp-json\/wp\/v2\/pages\/2327","targetHints":{"allow":["GET"]}}],"collection":[{"href":"https:\/\/wordpress.nibis.de\/rslohne\/wp-json\/wp\/v2\/pages"}],"about":[{"href":"https:\/\/wordpress.nibis.de\/rslohne\/wp-json\/wp\/v2\/types\/page"}],"author":[{"embeddable":true,"href":"https:\/\/wordpress.nibis.de\/rslohne\/wp-json\/wp\/v2\/users\/696"}],"replies":[{"embeddable":true,"href":"https:\/\/wordpress.nibis.de\/rslohne\/wp-json\/wp\/v2\/comments?post=2327"}],"version-history":[{"count":1,"href":"https:\/\/wordpress.nibis.de\/rslohne\/wp-json\/wp\/v2\/pages\/2327\/revisions"}],"predecessor-version":[{"id":2328,"href":"https:\/\/wordpress.nibis.de\/rslohne\/wp-json\/wp\/v2\/pages\/2327\/revisions\/2328"}],"wp:attachment":[{"href":"https:\/\/wordpress.nibis.de\/rslohne\/wp-json\/wp\/v2\/media?parent=2327"}],"curies":[{"name":"wp","href":"https:\/\/api.w.org\/{rel}","templated":true}]}}