{"id":2360,"date":"2024-01-26T12:05:28","date_gmt":"2024-01-26T11:05:28","guid":{"rendered":"https:\/\/wordpress.nibis.de\/rslohne\/?page_id=2360"},"modified":"2025-06-06T12:21:53","modified_gmt":"2025-06-06T10:21:53","slug":"zukunftstag-2024","status":"publish","type":"page","link":"https:\/\/wordpress.nibis.de\/rslohne\/zukunftstag-2024\/","title":{"rendered":"Zukunftstag 2026"},"content":{"rendered":"\n\n\n<div class=\"wp-block-columns is-layout-flex wp-container-core-columns-is-layout-abceabcf wp-block-columns-is-layout-flex\">\n<div class=\"wp-block-column is-layout-flow wp-block-column-is-layout-flow\">\n<figure class=\"wp-block-image size-full\"><img decoding=\"async\" src=\"https:\/\/wordpress.nibis.de\/rslohne\/files\/2025\/06\/RS21828_bd_logo_cmyk-2020-1.jpg\" alt=\"\" class=\"wp-image-3570\" \/><\/figure>\n<\/div>\n\n\n\n<div class=\"wp-block-column is-layout-flow wp-block-column-is-layout-flow\">\n<figure class=\"wp-block-image size-full\"><img loading=\"lazy\" decoding=\"async\" width=\"1004\" height=\"413\" src=\"https:\/\/wordpress.nibis.de\/rslohne\/files\/2025\/06\/RS21831_gd_logo_cmyk.jpg\" alt=\"\" class=\"wp-image-3571\" srcset=\"https:\/\/wordpress.nibis.de\/rslohne\/files\/2025\/06\/RS21831_gd_logo_cmyk.jpg 1004w, https:\/\/wordpress.nibis.de\/rslohne\/files\/2025\/06\/RS21831_gd_logo_cmyk-250x103.jpg 250w, https:\/\/wordpress.nibis.de\/rslohne\/files\/2025\/06\/RS21831_gd_logo_cmyk-768x316.jpg 768w\" sizes=\"auto, (max-width: 1004px) 100vw, 1004px\" \/><\/figure>\n<\/div>\n<\/div>\n\n\n\n<p>\u00a0<\/p>\n<h4><strong>Girls\u2019Day und Boys\u2019Day \u00a0\u00a0&#8211; \u00a0Zukunftstag f\u00fcr Jungen und M\u00e4dchen<\/strong><\/h4>\n<p style=\"font-weight: 400\">Der n\u00e4chste bundesweite Aktionstag zur Berufsorientierung findet am <strong>Donnerstag, den<\/strong> <strong>23.04.2026<\/strong>\u00a0statt. <span style=\"font-size: revert\">Mitmachen k\u00f6nnen alle Sch\u00fclerinnen und Sch\u00fcler der <\/span><strong style=\"font-size: revert\">Jahrg\u00e4nge 5 bis 10<\/strong><span style=\"font-size: revert\">.<\/span><\/p>\n<p style=\"font-weight: 400\">Ziel des Aktionstages ist es, Neues auszuprobieren und dabei die eigenen St\u00e4ken und Talente besser kennen und einsch\u00e4tzen zu lernen.<\/p>\n<p style=\"font-weight: 400\">Die Teilnahme am Zukunftstag in Niedersachsen gilt als Schulveranstaltung im Rahmen der Berufsorientierung.\u00a0<strong>Die Sch\u00fclerinnen und Sch\u00fcler sind gesetzlich unfallversichert.<\/strong><\/p>\n<p style=\"font-weight: 400\"><a href=\"https:\/\/wordpress.nibis.de\/rslohne\/files\/2024\/01\/Freistellung-vom-Unterricht.pdf\" target=\"_blank\" rel=\"noopener\">Hier<\/a><strong>\u00a0das Formular \u201eFreistellung vom Unterricht\u201c!\u00a0\u00a0\u00a0<\/strong><\/p>\n<p style=\"font-weight: 400\"><strong>Bitte rechtzeitig ausgef\u00fcllt beim Klassenlehrer abgeben!<br \/><\/strong><\/p>\n<p style=\"font-weight: 400\"><a href=\"https:\/\/wordpress.nibis.de\/rslohne\/files\/2024\/01\/Teilnahmebescheinigung.pdf\" target=\"_blank\" rel=\"noopener\"><strong>Hier<\/strong><\/a><strong>\u00a0das Formular \u201eTeilnahmebescheinigung\u201c f\u00fcr deinen Betrieb!<\/strong><\/p>\n<p style=\"font-weight: 400\">Weitere Informationen zur Organisation und Gestaltung dieses besonderen Berufserkundungstage finden Sie auf folgenden Webseiten:<\/p>\n<p><a href=\"http:\/\/www.girls-day.de\/\" target=\"_blank\" rel=\"noopener\">www.girls-day.de<\/a><br \/><a href=\"http:\/\/www.boys-day.de\/\" target=\"_blank\" rel=\"noopener\">www.boys-day.de<\/a><\/p>\n<p style=\"font-weight: 400\">\u00a0<\/p>\n","protected":false},"excerpt":{"rendered":"<p>\u00a0 Girls\u2019Day und Boys\u2019Day \u00a0\u00a0&#8211; \u00a0Zukunftstag f\u00fcr Jungen und M\u00e4dchen &hellip; <\/p>\n","protected":false},"author":696,"featured_media":0,"parent":0,"menu_order":68,"comment_status":"closed","ping_status":"closed","template":"","meta":{"footnotes":""},"class_list":["post-2360","page","type-page","status-publish","hentry"],"_links":{"self":[{"href":"https:\/\/wordpress.nibis.de\/rslohne\/wp-json\/wp\/v2\/pages\/2360","targetHints":{"allow":["GET"]}}],"collection":[{"href":"https:\/\/wordpress.nibis.de\/rslohne\/wp-json\/wp\/v2\/pages"}],"about":[{"href":"https:\/\/wordpress.nibis.de\/rslohne\/wp-json\/wp\/v2\/types\/page"}],"author":[{"embeddable":true,"href":"https:\/\/wordpress.nibis.de\/rslohne\/wp-json\/wp\/v2\/users\/696"}],"replies":[{"embeddable":true,"href":"https:\/\/wordpress.nibis.de\/rslohne\/wp-json\/wp\/v2\/comments?post=2360"}],"version-history":[{"count":11,"href":"https:\/\/wordpress.nibis.de\/rslohne\/wp-json\/wp\/v2\/pages\/2360\/revisions"}],"predecessor-version":[{"id":3572,"href":"https:\/\/wordpress.nibis.de\/rslohne\/wp-json\/wp\/v2\/pages\/2360\/revisions\/3572"}],"wp:attachment":[{"href":"https:\/\/wordpress.nibis.de\/rslohne\/wp-json\/wp\/v2\/media?parent=2360"}],"curies":[{"name":"wp","href":"https:\/\/api.w.org\/{rel}","templated":true}]}}