{"id":2904,"date":"2024-10-17T20:18:54","date_gmt":"2024-10-17T18:18:54","guid":{"rendered":"https:\/\/wordpress.nibis.de\/rslohne\/?page_id=2904"},"modified":"2024-11-01T11:22:20","modified_gmt":"2024-11-01T10:22:20","slug":"praktische-berufsweltorientierung","status":"publish","type":"page","link":"https:\/\/wordpress.nibis.de\/rslohne\/praktische-berufsweltorientierung\/","title":{"rendered":"Praktische Berufsweltorientierung"},"content":{"rendered":"\n\n\n<div class=\"wp-block-group\"><div class=\"wp-block-group__inner-container is-layout-flow wp-block-group-is-layout-flow\">\n<div class=\"wp-block-columns is-layout-flex wp-container-core-columns-is-layout-abceabcf wp-block-columns-is-layout-flex\">\n<div class=\"wp-block-column is-layout-flow wp-block-column-is-layout-flow\" style=\"--col-width:100%;flex-basis:100%\">\n<div class=\"wp-block-columns is-layout-flex wp-container-core-columns-is-layout-abceabcf wp-block-columns-is-layout-flex\">\n<div class=\"wp-block-column is-layout-flow wp-block-column-is-layout-flow\" style=\"--col-width:100%;flex-basis:100%\">\n<div class=\"wp-block-columns alignwide are-vertically-aligned-center is-layout-flex wp-container-core-columns-is-layout-abceabcf wp-block-columns-is-layout-flex\">\n<div class=\"wp-block-column is-layout-flow wp-block-column-is-layout-flow\" style=\"--col-width:32%;flex-basis:32%\">\n<figure class=\"wp-block-image size-full\"><img loading=\"lazy\" decoding=\"async\" width=\"689\" height=\"919\" src=\"https:\/\/wordpress.nibis.de\/rslohne\/files\/2024\/10\/20221104_112703.jpg\" alt=\"\" class=\"wp-image-2912\" srcset=\"https:\/\/wordpress.nibis.de\/rslohne\/files\/2024\/10\/20221104_112703.jpg 689w, https:\/\/wordpress.nibis.de\/rslohne\/files\/2024\/10\/20221104_112703-106x141.jpg 106w\" sizes=\"auto, (max-width: 689px) 100vw, 689px\" \/><\/figure>\n<\/div>\n\n\n\n<div class=\"wp-block-column is-layout-flow wp-block-column-is-layout-flow\" style=\"--col-width:68%;flex-basis:68%\">\n<p>\u00dcber die Koordinierungsstelle f\u00fcr Berufsorientierung (KoBo) und mit Unterst\u00fctzung der Akademie \u00dcberlingen haben wir die M\u00f6glichkeit, eine eigene Berufsmesse in unserer Schule anzubieten.<\/p>\n\n\n\n<p>An diesen Tagen richten regionale Ausbildungsbetriebe simulierte Arbeitspl\u00e4tze (Stationen) aus unterschiedlichen Berufen und Berufsfeldern ein.<\/p>\n\n\n\n<p>Unsere Sch\u00fclerinnen und Sch\u00fcler durchlaufen nacheinander mehrere dieser Stationen. Dabei bearbeiten sie handlungs- und praxisorientierte Aufgaben, um Einblicke in verschiedene Berufsbilder und Branchen zu bekommen. Dadurch erhalten sie Hinweise, mit welchen Berufsfeldern sie sich im weiteren Prozess ihrer beruflichen Orientierung intensiver auseinandersetzen m\u00f6chten.<\/p>\n\n\n\n<p>Zudem k\u00f6nnen bereits erste Kontakte f\u00fcr einen Praktikumsplatz oder sogar f\u00fcr eine Ausbildungsstelle gekn\u00fcpft werden.<\/p>\n<\/div>\n<\/div>\n<\/div>\n<\/div>\n<\/div>\n<\/div>\n\n\n\n<figure class=\"wp-block-gallery has-nested-images columns-default is-cropped wp-block-gallery-1 is-layout-flex wp-block-gallery-is-layout-flex\">\n<figure class=\"wp-block-image size-large\"><img loading=\"lazy\" decoding=\"async\" width=\"689\" height=\"675\" data-id=\"2917\" src=\"https:\/\/wordpress.nibis.de\/rslohne\/files\/2024\/10\/20221103_123043-689x675.jpg\" alt=\"\" class=\"wp-image-2917\" \/><\/figure>\n\n\n\n<figure class=\"wp-block-image size-large\"><img loading=\"lazy\" decoding=\"async\" width=\"689\" height=\"675\" data-id=\"2914\" src=\"https:\/\/wordpress.nibis.de\/rslohne\/files\/2024\/10\/20221103_1224510-1-689x675.jpg\" alt=\"\" class=\"wp-image-2914\" \/><\/figure>\n\n\n\n<figure class=\"wp-block-image size-large\"><img loading=\"lazy\" decoding=\"async\" width=\"689\" height=\"675\" data-id=\"2915\" src=\"https:\/\/wordpress.nibis.de\/rslohne\/files\/2024\/10\/20221103_122646-689x675.jpg\" alt=\"\" class=\"wp-image-2915\" \/><\/figure>\n\n\n\n<figure class=\"wp-block-image size-large\"><img loading=\"lazy\" decoding=\"async\" width=\"689\" height=\"675\" data-id=\"2916\" src=\"https:\/\/wordpress.nibis.de\/rslohne\/files\/2024\/10\/20221103_122959-689x675.jpg\" alt=\"\" class=\"wp-image-2916\" \/><\/figure>\n\n\n\n<figure class=\"wp-block-image size-large\"><img loading=\"lazy\" decoding=\"async\" width=\"1200\" height=\"675\" data-id=\"2922\" src=\"https:\/\/wordpress.nibis.de\/rslohne\/files\/2024\/10\/20231102_115748-1200x675.jpg\" alt=\"\" class=\"wp-image-2922\" srcset=\"https:\/\/wordpress.nibis.de\/rslohne\/files\/2024\/10\/20231102_115748-1200x675.jpg 1200w, https:\/\/wordpress.nibis.de\/rslohne\/files\/2024\/10\/20231102_115748-850x478.jpg 850w\" sizes=\"auto, (max-width: 1200px) 100vw, 1200px\" \/><\/figure>\n\n\n\n<figure class=\"wp-block-image size-large\"><img loading=\"lazy\" decoding=\"async\" width=\"689\" height=\"675\" data-id=\"2921\" src=\"https:\/\/wordpress.nibis.de\/rslohne\/files\/2024\/10\/20231102_120624-689x675.jpg\" alt=\"\" class=\"wp-image-2921\" \/><\/figure>\n<figcaption class=\"blocks-gallery-caption\">Eindr\u00fccke von der Praktischen Berufsweltorientierung 2022 und 2023.<\/figcaption><\/figure>\n<\/div><\/div>\n\n\n","protected":false},"excerpt":{"rendered":"<p>\u00dcber die Koordinierungsstelle f\u00fcr Berufsorientierung (KoBo) und mit Unterst\u00fctzung der &hellip; <\/p>\n","protected":false},"author":696,"featured_media":0,"parent":0,"menu_order":61,"comment_status":"closed","ping_status":"closed","template":"","meta":{"footnotes":""},"class_list":["post-2904","page","type-page","status-publish","hentry"],"_links":{"self":[{"href":"https:\/\/wordpress.nibis.de\/rslohne\/wp-json\/wp\/v2\/pages\/2904","targetHints":{"allow":["GET"]}}],"collection":[{"href":"https:\/\/wordpress.nibis.de\/rslohne\/wp-json\/wp\/v2\/pages"}],"about":[{"href":"https:\/\/wordpress.nibis.de\/rslohne\/wp-json\/wp\/v2\/types\/page"}],"author":[{"embeddable":true,"href":"https:\/\/wordpress.nibis.de\/rslohne\/wp-json\/wp\/v2\/users\/696"}],"replies":[{"embeddable":true,"href":"https:\/\/wordpress.nibis.de\/rslohne\/wp-json\/wp\/v2\/comments?post=2904"}],"version-history":[{"count":4,"href":"https:\/\/wordpress.nibis.de\/rslohne\/wp-json\/wp\/v2\/pages\/2904\/revisions"}],"predecessor-version":[{"id":2923,"href":"https:\/\/wordpress.nibis.de\/rslohne\/wp-json\/wp\/v2\/pages\/2904\/revisions\/2923"}],"wp:attachment":[{"href":"https:\/\/wordpress.nibis.de\/rslohne\/wp-json\/wp\/v2\/media?parent=2904"}],"curies":[{"name":"wp","href":"https:\/\/api.w.org\/{rel}","templated":true}]}}