{"id":3070,"date":"2024-11-03T13:20:39","date_gmt":"2024-11-03T12:20:39","guid":{"rendered":"https:\/\/wordpress.nibis.de\/rslohne\/?page_id=3070"},"modified":"2026-02-02T09:53:57","modified_gmt":"2026-02-02T08:53:57","slug":"profilkurse","status":"publish","type":"page","link":"https:\/\/wordpress.nibis.de\/rslohne\/profilkurse\/","title":{"rendered":"Profilkurse"},"content":{"rendered":"\n<p>Mit Beginn der 9. Klasse w\u00e4hlen unsere Sch\u00fclerinnen und Sch\u00fcler einen vierst\u00fcndigen Profilkurs mit dem Schwerpunkt <a href=\"https:\/\/wordpress.nibis.de\/rslohne\/profil-wirtschaft\/\">Wirtschaft<\/a>, <a href=\"https:\/\/wordpress.nibis.de\/rslohne\/profil-technik\/\">Technik <\/a><em>oder<\/em> <a href=\"https:\/\/wordpress.nibis.de\/rslohne\/profil-gesundheit-und-soziales\/\">Gesundheit und Soziales<\/a>, den sie bis zum Abschluss in Jahrgang 10 besuchen. Sch\u00fclerinnen und Sch\u00fcler, die schon seit Klasse 6 am Franz\u00f6sisch Unterricht teilnehmen, w\u00e4hlen kein Profil und belegen weiterhin das Fach Franz\u00f6sisch.<\/p>\n\n\n\n<p>F\u00fcr detaillierte Informationen zu den Inhalten der einzelnen Profile w\u00e4hlen Sie den direkten Link im Text oder das entsprechende Men\u00fc aus.<\/p>\n","protected":false},"excerpt":{"rendered":"<p>Mit Beginn der 9. Klasse w\u00e4hlen unsere Sch\u00fclerinnen und Sch\u00fcler &hellip; <\/p>\n","protected":false},"author":696,"featured_media":0,"parent":0,"menu_order":59,"comment_status":"closed","ping_status":"closed","template":"","meta":{"footnotes":""},"class_list":["post-3070","page","type-page","status-publish","hentry"],"_links":{"self":[{"href":"https:\/\/wordpress.nibis.de\/rslohne\/wp-json\/wp\/v2\/pages\/3070","targetHints":{"allow":["GET"]}}],"collection":[{"href":"https:\/\/wordpress.nibis.de\/rslohne\/wp-json\/wp\/v2\/pages"}],"about":[{"href":"https:\/\/wordpress.nibis.de\/rslohne\/wp-json\/wp\/v2\/types\/page"}],"author":[{"embeddable":true,"href":"https:\/\/wordpress.nibis.de\/rslohne\/wp-json\/wp\/v2\/users\/696"}],"replies":[{"embeddable":true,"href":"https:\/\/wordpress.nibis.de\/rslohne\/wp-json\/wp\/v2\/comments?post=3070"}],"version-history":[{"count":11,"href":"https:\/\/wordpress.nibis.de\/rslohne\/wp-json\/wp\/v2\/pages\/3070\/revisions"}],"predecessor-version":[{"id":4202,"href":"https:\/\/wordpress.nibis.de\/rslohne\/wp-json\/wp\/v2\/pages\/3070\/revisions\/4202"}],"wp:attachment":[{"href":"https:\/\/wordpress.nibis.de\/rslohne\/wp-json\/wp\/v2\/media?parent=3070"}],"curies":[{"name":"wp","href":"https:\/\/api.w.org\/{rel}","templated":true}]}}