{"id":3187,"date":"2024-12-10T08:35:53","date_gmt":"2024-12-10T07:35:53","guid":{"rendered":"https:\/\/wordpress.nibis.de\/rslohne\/?page_id=3187"},"modified":"2024-12-10T08:43:32","modified_gmt":"2024-12-10T07:43:32","slug":"profil-gesundheit-und-soziales","status":"publish","type":"page","link":"https:\/\/wordpress.nibis.de\/rslohne\/profil-gesundheit-und-soziales\/","title":{"rendered":"Profil Gesundheit und Soziales"},"content":{"rendered":"\n<p class=\"s3\"><span class=\"s4\">Das Unterrichtsfach <em>Gesundheit und Soziales (GuS)<\/em> besch\u00e4ftigt sich mit den vielf\u00e4ltigen Aspekten von Gesundheit, sozialen Strukturen und dem menschlichen Zusammenleben. Es zielt darauf ab, Sch\u00fcler*innen ein umfassendes Verst\u00e4ndnis f\u00fcr die Themen Gesundheit, Wohlbefinden und soziale Verantwortung zu vermitteln.<\/span><\/p>\n<p><span class=\"s4\">Zukunftsperspektivisch bereitet das Fach <\/span><span class=\"s4\">GuS<\/span> <span class=\"s4\">auf zahlreiche Berufe vor, etwa in der Pflege, der Sozialarbeit, im Gesundheitsmanagement oder der Ern\u00e4hrungsberatung. Zudem f\u00f6rdert es das Bewusstsein f\u00fcr die Bedeutung von sozialer Verantwortung und Engagement in der Gesellschaft.<\/span><\/p>\n<p class=\"s3\"><span class=\"s4\">Das Profilfach Gesundheit und Soziales l\u00e4sst sich in 4 Module einteilen, deren Inhalte <\/span><span class=\"s4\">durch einen handlungs- und produktionsorientierten Unterricht vermittelt werden. Durch sch\u00fclernahe Fallbeispiel werden die Inhalte erarbeitet und gefestigt. Zudem wird thematisch diskutiert und Verhaltensweisen und Vorgehensweisen werden analysiert. <\/span><span class=\"s4\">Thematische Situationen werden anhand von <\/span><span class=\"s4\">Rollensp<\/span><span class=\"s4\">ielen<\/span> <span class=\"s4\">dargestellt,<\/span>\u00a0<span class=\"s4\">Sachverhalt<\/span><span class=\"s4\">e<\/span><span class=\"s4\">\u00a0<\/span><span class=\"s4\">in Gruppenarbeit<\/span><span class=\"s4\"> erarbeitet und pr\u00e4sentiert. <\/span><span class=\"s4\">Auf diese Weise werden die Teamf\u00e4higkeit und das Verst\u00e4ndnis f\u00fcr soziale Dynamik gef\u00f6rdert<\/span><span class=\"s4\">. <\/span><span class=\"s4\">Praxiserfahrung<\/span><span class=\"s4\">en (Praktika oder Projekte\/Besuche in sozialen Einrichtungen) helfen den Sch\u00fcler*innen<\/span><span class=\"s4\">, das theoretische Wissen in der Realit\u00e4t anzuwenden und soziale Kompetenzen zu entwickeln.<\/span><\/p>\n<p class=\"s6\">Inhalte der vier Module:<\/p>\n<p class=\"s6\"><em><span class=\"s5\">Modul<\/span> <span class=\"s5\">1: Pers\u00f6nliche und berufliche Perspektiven<\/span><\/em><\/p>\n<p class=\"s6\"><span class=\"s4\">Hier liegt der Fokus<\/span><span class=\"s4\"> auf den <\/span><span class=\"s4\">bestehenden <\/span><span class=\"s4\">Kompetenzen<\/span><span class=\"s4\"> der Sch\u00fcler*innen <\/span><span class=\"s4\">bzw. welche Kompetenzen f\u00fcr einen Beruf ben\u00f6tigt werden, sowie welche F\u00e4higkeiten und Fertigkeiten jeder einzelne Sch\u00fcler mitbringt.<\/span><span class=\"s4\"> Ebenfalls wird die Bedeutung der Kommunikation sowohl verbal als auch nonverbal<\/span> <span class=\"s4\">kritisch betrachtet. <\/span><span class=\"s4\">Ein weiterer bedeutsamer Bereich ist, dass die Sch\u00fcler <\/span><span class=\"s4\">*innen <\/span><span class=\"s4\">hinterfragen<\/span><span class=\"s4\">,<\/span><span class=\"s4\"> wie sie ihre Zukunftsvorstellungen mit ihrem Berufsleben in Einklang bringen. Die Stichworte lauten Work-Life-Balance und Vereinbarkeit von Beruf und Familie. Ebenfalls werden \u00a0a<\/span><span class=\"s4\">ktuelle gesellschaft<\/span><span class=\"s4\">liche Herausforderungen, wie der<\/span><span class=\"s4\"> demographische<\/span><span class=\"s4\">n Wandel, <\/span><span class=\"s4\">thematisiert.<\/span><span class=\"s4\"> Dies sch\u00e4rft das Bewusstsein f\u00fcr die eigene Rolle in der Gesellschaft und die <\/span><span class=\"s4\">Verantwortung gegen\u00fcber anderen.<\/span><span class=\"s4\"> \u00a0<\/span><\/p>\n<p class=\"s6\"><em><span class=\"s5\">Modul<\/span> <span class=\"s5\">2: Gesundheit und Pflege<\/span><\/em><\/p>\n<p class=\"s6\"><span class=\"s4\">Im Mittelpunkt \u00a0des Moduls steht die eigene Gesundheit. Die <\/span><span class=\"s4\">Sch\u00fcler*innen lernen, wie sie aktiv zu ihrer eigenen Gesundheit beitragen k\u00f6nnen, einschlie\u00dflich Ern\u00e4hrung, Bewegung und Stressbew\u00e4ltigung.<\/span><span class=\"s4\"> Des Weiteren <\/span><span class=\"s4\">werden Strategien zur Vorbeugung von Krankheiten und zur F\u00f6rderung gesunder Lebensstile behandelt.<\/span><span class=\"s4\">Pr\u00e4ventionsma\u00dfnahmen werden besprochen. <\/span><span class=\"s4\">Zudem thematisiert das Modul <\/span><span class=\"s4\">wie soziale, wirtschaftliche und kulturelle Faktoren die Gesundheit von Individuen und Gruppen beeinflussen.<\/span><span class=\"s4\"> Hier liegt das Augenmerk auf Menschen mit <\/span><span class=\"s4\">Beeintr\u00e4chtigungen, die <\/span><span class=\"s4\">durch <\/span><span class=\"s4\">Inklusion<\/span><span class=\"s4\"> in <\/span><span class=\"s4\">die Gesellschaft besser integriert werden.<\/span><\/p>\n<p class=\"s6\"><em><span class=\"s5\">Modul 3: Sozialp\u00e4dagogik<\/span><\/em><\/p>\n<p class=\"s6\"><span class=\"s4\">In Jahrgang<\/span><span class=\"s4\"> 10 werden<\/span><span class=\"s4\"> \u00a0soziale <\/span><span class=\"s4\">Einrichtungen wie Kindertageseinrichtungen, Kinderheime etc. und der Beruf des Sozialp\u00e4dagogen thematisiert. Zudem wird <\/span><span class=\"s4\">die Lebenswelt Familie in den Fokus ger\u00fcckt. Es werden verschiedene Familienformen betrachtet, Rechte und <\/span><span class=\"s4\">Pflich<\/span><span class=\"s4\">ten von Eltern angesprochen<\/span><span class=\"s4\">, sowie das Thema Erziehung mit all seinen Erziehungsformen u<\/span><span class=\"s4\">nd deren Wirkungen erarbeitet. <\/span><\/p>\n<p class=\"s6\"><em><span class=\"s5\">Modul 4: Ern\u00e4hrung und Hauwirtschaft<\/span><\/em><\/p>\n<p class=\"s6\"><span class=\"s4\">Der Bereich Gesundheit und Ern\u00e4hrung<\/span><span class=\"s4\"> gibt <\/span><span class=\"s4\">den Sch\u00fcler*innen einen Einblick in die <\/span><span class=\"s4\">Bereiche<\/span><span class=\"s4\"> Lebensmittelproduktion, Kennzeichnung von Lebensmitteln, Verkaufsstrategien, gastronomischer Service und Veranstaltun<\/span><span class=\"s4\">gsplanung. Sie \u00a0lernen die verschiedenen Schritte der Lebensmittelproduktion \u00a0kennen, von der landwirtschaftlichen Erzeugung \u00fcber die Verarbeitung bis hin zur Verpackung. Auch auf die Bedeutung nachhaltiger und umweltfreundlicher Methoden<\/span> <span class=\"s4\">der Lebensmittelproduktion<\/span><span class=\"s4\"> wird <\/span><span class=\"s4\">eingegangen.<\/span><span class=\"s4\"> Die Nutzung von Plastikverpackungen<\/span><span class=\"s4\">wird kritisch betrachtet<\/span><span class=\"s4\">.<\/span><\/p>\n<p class=\"s6\"><span class=\"s4\">Des Weiteren wird<\/span><span class=\"s4\"> vermittelt, wie sie Lebensmittelverpackungen lesen und verstehen k\u00f6nnen, um wichtige Informationen wie N\u00e4hrwerte, Zutatenlisten und Herkunftsangaben zu erhalten. Sie lernen auch die gesetzlichen Anforderungen und Standards f\u00fcr die Lebensmittelkennzeichnung kennen<\/span><span class=\"s4\">.<\/span> <span class=\"s4\">Im Bereich Gastronomie besch\u00e4ftigen sie sich mit den Aspekten des gastronomischen Services. Die Sch\u00fcler*innen lernen die Grundlagen des Servierens, die verschiedenen Servicearten und die Etikette im Restaurantbetrieb. Es wird auch auf Hygienestandards und die Bedeutung eines professionellen Auftretens eingegangen<\/span><span class=\"s4\">. Somit wird den <\/span><span class=\"s4\">Sch\u00fcler*innen<\/span> <span class=\"s4\">eine Vielzahl von beruflichen M\u00f6glichkeiten in der Gesundh<\/span><span class=\"s4\">eits- und Er<\/span><span class=\"s4\">n\u00e4hrungsbranche aufgezeigt. S<\/span><span class=\"s4\">ie erhalten ein <\/span><span class=\"s4\">fundiertes Wissen und praktische F\u00e4higkeiten, die f\u00fcr eine gesunde Lebensweise und eine berufliche Laufbahn in der Gesundheits- und <\/span><span class=\"s4\">Ern\u00e4hrungsbranche relevant sind<\/span><span class=\"s4\">.<\/span><\/p>\n","protected":false},"excerpt":{"rendered":"<p>Das Unterrichtsfach Gesundheit und Soziales (GuS) besch\u00e4ftigt sich mit den &hellip; <\/p>\n","protected":false},"author":696,"featured_media":0,"parent":0,"menu_order":4,"comment_status":"closed","ping_status":"closed","template":"","meta":{"footnotes":""},"class_list":["post-3187","page","type-page","status-publish","hentry"],"_links":{"self":[{"href":"https:\/\/wordpress.nibis.de\/rslohne\/wp-json\/wp\/v2\/pages\/3187","targetHints":{"allow":["GET"]}}],"collection":[{"href":"https:\/\/wordpress.nibis.de\/rslohne\/wp-json\/wp\/v2\/pages"}],"about":[{"href":"https:\/\/wordpress.nibis.de\/rslohne\/wp-json\/wp\/v2\/types\/page"}],"author":[{"embeddable":true,"href":"https:\/\/wordpress.nibis.de\/rslohne\/wp-json\/wp\/v2\/users\/696"}],"replies":[{"embeddable":true,"href":"https:\/\/wordpress.nibis.de\/rslohne\/wp-json\/wp\/v2\/comments?post=3187"}],"version-history":[{"count":2,"href":"https:\/\/wordpress.nibis.de\/rslohne\/wp-json\/wp\/v2\/pages\/3187\/revisions"}],"predecessor-version":[{"id":3190,"href":"https:\/\/wordpress.nibis.de\/rslohne\/wp-json\/wp\/v2\/pages\/3187\/revisions\/3190"}],"wp:attachment":[{"href":"https:\/\/wordpress.nibis.de\/rslohne\/wp-json\/wp\/v2\/media?parent=3187"}],"curies":[{"name":"wp","href":"https:\/\/api.w.org\/{rel}","templated":true}]}}