{"id":3336,"date":"2025-02-10T17:53:15","date_gmt":"2025-02-10T16:53:15","guid":{"rendered":"https:\/\/wordpress.nibis.de\/rslohne\/?page_id=3336"},"modified":"2025-02-16T20:09:23","modified_gmt":"2025-02-16T19:09:23","slug":"ski-exkursion-2025","status":"publish","type":"page","link":"https:\/\/wordpress.nibis.de\/rslohne\/ski-exkursion-2025\/","title":{"rendered":"Ski-Exkursion 2025"},"content":{"rendered":"\n\n\n<h2 class=\"is-style-bam-widget-title wp-block-heading\" style=\"font-style:normal;font-weight:300\">1. Tag: Ankunft und erster Schneekontakt<\/h2>\n\n\n\n<p>Die Ski-AG hat die Anreise und den ersten Skitag mit Bravour gemeistert. Alle Kinder konnten bei bestem Wetter erste Erfolge auf den Skiern verbuchen. Total \u00fcberm\u00fcdet, aber dennoch motiviert geht ein sch\u00f6ner erster Tag im Schnee zu Ende.<\/p>\n\n\n\n<figure class=\"wp-block-gallery has-nested-images columns-2 is-cropped is-style-tw-img-frame wp-block-gallery-1 is-layout-flex wp-block-gallery-is-layout-flex\">\n<figure class=\"wp-block-image size-large is-style-tw-shadow\"><img loading=\"lazy\" decoding=\"async\" width=\"1200\" height=\"675\" data-id=\"3352\" src=\"https:\/\/wordpress.nibis.de\/rslohne\/files\/2025\/02\/IMG_7520-1-1200x675.jpeg\" alt=\"\" class=\"wp-image-3352\" srcset=\"https:\/\/wordpress.nibis.de\/rslohne\/files\/2025\/02\/IMG_7520-1-1200x675.jpeg 1200w, https:\/\/wordpress.nibis.de\/rslohne\/files\/2025\/02\/IMG_7520-1-850x478.jpeg 850w\" sizes=\"auto, (max-width: 1200px) 100vw, 1200px\" \/><\/figure>\n\n\n\n<figure class=\"wp-block-image size-large is-style-tw-shadow\"><img loading=\"lazy\" decoding=\"async\" width=\"1200\" height=\"675\" data-id=\"3351\" src=\"https:\/\/wordpress.nibis.de\/rslohne\/files\/2025\/02\/IMG_7521-1-1200x675.jpeg\" alt=\"\" class=\"wp-image-3351\" srcset=\"https:\/\/wordpress.nibis.de\/rslohne\/files\/2025\/02\/IMG_7521-1-1200x675.jpeg 1200w, https:\/\/wordpress.nibis.de\/rslohne\/files\/2025\/02\/IMG_7521-1-850x478.jpeg 850w\" sizes=\"auto, (max-width: 1200px) 100vw, 1200px\" \/><\/figure>\n\n\n\n<figure class=\"wp-block-image size-large is-style-tw-shadow\"><img loading=\"lazy\" decoding=\"async\" width=\"1200\" height=\"675\" data-id=\"3353\" src=\"https:\/\/wordpress.nibis.de\/rslohne\/files\/2025\/02\/IMG_7523-1-1200x675.jpeg\" alt=\"\" class=\"wp-image-3353\" srcset=\"https:\/\/wordpress.nibis.de\/rslohne\/files\/2025\/02\/IMG_7523-1-1200x675.jpeg 1200w, https:\/\/wordpress.nibis.de\/rslohne\/files\/2025\/02\/IMG_7523-1-850x478.jpeg 850w\" sizes=\"auto, (max-width: 1200px) 100vw, 1200px\" \/><\/figure>\n\n\n\n<figure class=\"wp-block-image size-large is-style-tw-shadow\"><img loading=\"lazy\" decoding=\"async\" width=\"1200\" height=\"675\" data-id=\"3350\" src=\"https:\/\/wordpress.nibis.de\/rslohne\/files\/2025\/02\/IMG_7534-1-1200x675.jpeg\" alt=\"\" class=\"wp-image-3350\" srcset=\"https:\/\/wordpress.nibis.de\/rslohne\/files\/2025\/02\/IMG_7534-1-1200x675.jpeg 1200w, https:\/\/wordpress.nibis.de\/rslohne\/files\/2025\/02\/IMG_7534-1-850x478.jpeg 850w\" sizes=\"auto, (max-width: 1200px) 100vw, 1200px\" \/><\/figure>\n<\/figure>\n\n\n\n<p><\/p>\n\n\n\n<h2 class=\"is-style-bam-widget-title wp-block-heading\" style=\"font-style:normal;font-weight:300\">2. Tag: \u201eWer den Schnee nicht gek\u00fcsst hat, ist auch kein Skifahrer\u201c<\/h2>\n\n\n\n<p>Heute hie\u00df es um 6:30 Uhr aufstehen und ausgiebig fr\u00fchst\u00fccken. Gut gest\u00e4rkt ging es um 8:30 Uhr Richtung Piste. Im Skigebiet konnten die meisten Kinder heute schon die ersten blauen Pisten befahren. Anf\u00e4nglich waren unsere Skianf\u00e4nger etwas zur\u00fcckhaltender, ob sie die blauen Pisten auch befahren k\u00f6nnen. Aber die Sorgen waren unbegr\u00fcndet. Mit dem einen oder anderen Sturz kam jeder wieder unten an. Nach dem Motto: \u201eWer den Schnee nicht gek\u00fcsst hat, ist auch kein Skifahrer\u201c. Selbst spektakul\u00e4re St\u00fcrze hielten unsere Sch\u00fclerinnen und Sch\u00fcler nicht davon ab, einen erneuten Versuch zu starten. Alle Kinder haben heute wirklich tolle Fortschritte gemacht und das Skifahren als neue Sportart f\u00fcr sich entdeckt!<\/p>\n\n\n\n<figure class=\"wp-block-gallery has-nested-images columns-2 is-cropped wp-block-gallery-2 is-layout-flex wp-block-gallery-is-layout-flex\">\n<figure class=\"wp-block-image size-large is-style-tw-frame\"><img loading=\"lazy\" decoding=\"async\" width=\"1200\" height=\"675\" data-id=\"3364\" src=\"https:\/\/wordpress.nibis.de\/rslohne\/files\/2025\/02\/image0-1200x675.jpg\" alt=\"\" class=\"wp-image-3364\" srcset=\"https:\/\/wordpress.nibis.de\/rslohne\/files\/2025\/02\/image0-1200x675.jpg 1200w, https:\/\/wordpress.nibis.de\/rslohne\/files\/2025\/02\/image0-850x478.jpg 850w\" sizes=\"auto, (max-width: 1200px) 100vw, 1200px\" \/><\/figure>\n\n\n\n<figure class=\"wp-block-image size-full is-style-tw-frame\"><img loading=\"lazy\" decoding=\"async\" width=\"2016\" height=\"1512\" data-id=\"3365\" src=\"https:\/\/wordpress.nibis.de\/rslohne\/files\/2025\/02\/image1.jpg\" alt=\"\" class=\"wp-image-3365\" srcset=\"https:\/\/wordpress.nibis.de\/rslohne\/files\/2025\/02\/image1.jpg 2016w, https:\/\/wordpress.nibis.de\/rslohne\/files\/2025\/02\/image1-188x141.jpg 188w, https:\/\/wordpress.nibis.de\/rslohne\/files\/2025\/02\/image1-768x576.jpg 768w, https:\/\/wordpress.nibis.de\/rslohne\/files\/2025\/02\/image1-1536x1152.jpg 1536w\" sizes=\"auto, (max-width: 2016px) 100vw, 2016px\" \/><\/figure>\n\n\n\n<figure class=\"wp-block-image size-large is-style-tw-frame\"><img loading=\"lazy\" decoding=\"async\" width=\"1200\" height=\"675\" data-id=\"3366\" src=\"https:\/\/wordpress.nibis.de\/rslohne\/files\/2025\/02\/image2-1200x675.jpg\" alt=\"\" class=\"wp-image-3366\" srcset=\"https:\/\/wordpress.nibis.de\/rslohne\/files\/2025\/02\/image2-1200x675.jpg 1200w, https:\/\/wordpress.nibis.de\/rslohne\/files\/2025\/02\/image2-850x478.jpg 850w\" sizes=\"auto, (max-width: 1200px) 100vw, 1200px\" \/><\/figure>\n\n\n\n<figure class=\"wp-block-image size-large is-style-tw-frame\"><img loading=\"lazy\" decoding=\"async\" width=\"1200\" height=\"675\" data-id=\"3369\" src=\"https:\/\/wordpress.nibis.de\/rslohne\/files\/2025\/02\/image3-1200x675.jpg\" alt=\"\" class=\"wp-image-3369\" srcset=\"https:\/\/wordpress.nibis.de\/rslohne\/files\/2025\/02\/image3-1200x675.jpg 1200w, https:\/\/wordpress.nibis.de\/rslohne\/files\/2025\/02\/image3-850x478.jpg 850w\" sizes=\"auto, (max-width: 1200px) 100vw, 1200px\" \/><\/figure>\n\n\n\n<figure class=\"wp-block-image size-large is-style-tw-frame\"><img loading=\"lazy\" decoding=\"async\" width=\"970\" height=\"675\" data-id=\"3367\" src=\"https:\/\/wordpress.nibis.de\/rslohne\/files\/2025\/02\/image4-970x675.jpg\" alt=\"\" class=\"wp-image-3367\" srcset=\"https:\/\/wordpress.nibis.de\/rslohne\/files\/2025\/02\/image4-970x675.jpg 970w, https:\/\/wordpress.nibis.de\/rslohne\/files\/2025\/02\/image4-120x85.jpg 120w\" sizes=\"auto, (max-width: 970px) 100vw, 970px\" \/><\/figure>\n\n\n\n<figure class=\"wp-block-image size-large is-style-tw-frame\"><img loading=\"lazy\" decoding=\"async\" width=\"1200\" height=\"675\" data-id=\"3368\" src=\"https:\/\/wordpress.nibis.de\/rslohne\/files\/2025\/02\/image5-1200x675.jpg\" alt=\"\" class=\"wp-image-3368\" srcset=\"https:\/\/wordpress.nibis.de\/rslohne\/files\/2025\/02\/image5-1200x675.jpg 1200w, https:\/\/wordpress.nibis.de\/rslohne\/files\/2025\/02\/image5-850x478.jpg 850w\" sizes=\"auto, (max-width: 1200px) 100vw, 1200px\" \/><\/figure>\n\n\n\n<figure class=\"wp-block-image size-large is-style-tw-frame\"><img loading=\"lazy\" decoding=\"async\" width=\"1200\" height=\"675\" data-id=\"3370\" src=\"https:\/\/wordpress.nibis.de\/rslohne\/files\/2025\/02\/image6-1200x675.jpg\" alt=\"\" class=\"wp-image-3370\" srcset=\"https:\/\/wordpress.nibis.de\/rslohne\/files\/2025\/02\/image6-1200x675.jpg 1200w, https:\/\/wordpress.nibis.de\/rslohne\/files\/2025\/02\/image6-850x478.jpg 850w\" sizes=\"auto, (max-width: 1200px) 100vw, 1200px\" \/><\/figure>\n\n\n\n<figure class=\"wp-block-image size-large is-style-tw-frame\"><img loading=\"lazy\" decoding=\"async\" width=\"1200\" height=\"675\" data-id=\"3371\" src=\"https:\/\/wordpress.nibis.de\/rslohne\/files\/2025\/02\/image7-1200x675.jpg\" alt=\"\" class=\"wp-image-3371\" srcset=\"https:\/\/wordpress.nibis.de\/rslohne\/files\/2025\/02\/image7-1200x675.jpg 1200w, https:\/\/wordpress.nibis.de\/rslohne\/files\/2025\/02\/image7-850x478.jpg 850w\" sizes=\"auto, (max-width: 1200px) 100vw, 1200px\" \/><\/figure>\n<\/figure>\n\n\n\n<p><\/p>\n\n\n\n<h2 class=\"is-style-bam-widget-title wp-block-heading\" style=\"font-style:normal;font-weight:300\">Tag 3: Erst Piste, dann lecker Burger<\/h2>\n\n\n\n<p>Dritter Tag, gleicher Start. Unser lieber Busfahrer Franz hat uns sicher durch den leichten Regen zur Piste gefahren. Im Skigebiet angekommen, ging es gleich rund. Rote Piste, blaue Piste und sogar die Talabfahrt wurden gemeistert. Auch die Sonne lie\u00df sich auf 1700m H\u00f6he blicken. Zur\u00fcck in der Unterkunft gab es zur Belohnung leckere Burger.<\/p>\n\n\n\n<figure class=\"wp-block-gallery has-nested-images columns-2 is-cropped wp-block-gallery-3 is-layout-flex wp-block-gallery-is-layout-flex\">\n<figure class=\"wp-block-image size-large is-style-tw-frame\"><img loading=\"lazy\" decoding=\"async\" width=\"2000\" height=\"1500\" data-id=\"3379\" src=\"https:\/\/wordpress.nibis.de\/rslohne\/files\/2025\/02\/celebrate-1739300776736.jpg\" alt=\"\" class=\"wp-image-3379\" srcset=\"https:\/\/wordpress.nibis.de\/rslohne\/files\/2025\/02\/celebrate-1739300776736.jpg 2000w, https:\/\/wordpress.nibis.de\/rslohne\/files\/2025\/02\/celebrate-1739300776736-188x141.jpg 188w, https:\/\/wordpress.nibis.de\/rslohne\/files\/2025\/02\/celebrate-1739300776736-768x576.jpg 768w, https:\/\/wordpress.nibis.de\/rslohne\/files\/2025\/02\/celebrate-1739300776736-1536x1152.jpg 1536w\" sizes=\"auto, (max-width: 2000px) 100vw, 2000px\" \/><\/figure>\n\n\n\n<figure class=\"wp-block-image size-large is-style-tw-frame\"><img loading=\"lazy\" decoding=\"async\" width=\"1200\" height=\"675\" data-id=\"3380\" src=\"https:\/\/wordpress.nibis.de\/rslohne\/files\/2025\/02\/celebrate-1739390957528-1200x675.jpg\" alt=\"\" class=\"wp-image-3380\" srcset=\"https:\/\/wordpress.nibis.de\/rslohne\/files\/2025\/02\/celebrate-1739390957528-1200x675.jpg 1200w, https:\/\/wordpress.nibis.de\/rslohne\/files\/2025\/02\/celebrate-1739390957528-850x478.jpg 850w\" sizes=\"auto, (max-width: 1200px) 100vw, 1200px\" \/><\/figure>\n\n\n\n<figure class=\"wp-block-image size-large is-style-tw-frame\"><img loading=\"lazy\" decoding=\"async\" width=\"2016\" height=\"1512\" data-id=\"3381\" src=\"https:\/\/wordpress.nibis.de\/rslohne\/files\/2025\/02\/celebrate-1739390965127.jpg\" alt=\"\" class=\"wp-image-3381\" srcset=\"https:\/\/wordpress.nibis.de\/rslohne\/files\/2025\/02\/celebrate-1739390965127.jpg 2016w, https:\/\/wordpress.nibis.de\/rslohne\/files\/2025\/02\/celebrate-1739390965127-188x141.jpg 188w, https:\/\/wordpress.nibis.de\/rslohne\/files\/2025\/02\/celebrate-1739390965127-768x576.jpg 768w, https:\/\/wordpress.nibis.de\/rslohne\/files\/2025\/02\/celebrate-1739390965127-1536x1152.jpg 1536w\" sizes=\"auto, (max-width: 2016px) 100vw, 2016px\" \/><\/figure>\n\n\n\n<figure class=\"wp-block-image size-large is-style-tw-frame\"><img loading=\"lazy\" decoding=\"async\" width=\"1158\" height=\"675\" data-id=\"3382\" src=\"https:\/\/wordpress.nibis.de\/rslohne\/files\/2025\/02\/celebrate-1739390986365-1158x675.jpg\" alt=\"\" class=\"wp-image-3382\" \/><\/figure>\n\n\n\n<figure class=\"wp-block-image size-large is-style-tw-frame\"><img loading=\"lazy\" decoding=\"async\" width=\"2016\" height=\"1512\" data-id=\"3383\" src=\"https:\/\/wordpress.nibis.de\/rslohne\/files\/2025\/02\/celebrate-1739390993172.jpg\" alt=\"\" class=\"wp-image-3383\" srcset=\"https:\/\/wordpress.nibis.de\/rslohne\/files\/2025\/02\/celebrate-1739390993172.jpg 2016w, https:\/\/wordpress.nibis.de\/rslohne\/files\/2025\/02\/celebrate-1739390993172-188x141.jpg 188w, https:\/\/wordpress.nibis.de\/rslohne\/files\/2025\/02\/celebrate-1739390993172-768x576.jpg 768w, https:\/\/wordpress.nibis.de\/rslohne\/files\/2025\/02\/celebrate-1739390993172-1536x1152.jpg 1536w\" sizes=\"auto, (max-width: 2016px) 100vw, 2016px\" \/><\/figure>\n\n\n\n<figure class=\"wp-block-image size-large is-style-tw-frame\"><img loading=\"lazy\" decoding=\"async\" width=\"1200\" height=\"675\" data-id=\"3384\" src=\"https:\/\/wordpress.nibis.de\/rslohne\/files\/2025\/02\/celebrate-1739390999990-1200x675.jpg\" alt=\"\" class=\"wp-image-3384\" srcset=\"https:\/\/wordpress.nibis.de\/rslohne\/files\/2025\/02\/celebrate-1739390999990-1200x675.jpg 1200w, https:\/\/wordpress.nibis.de\/rslohne\/files\/2025\/02\/celebrate-1739390999990-850x478.jpg 850w\" sizes=\"auto, (max-width: 1200px) 100vw, 1200px\" \/><\/figure>\n\n\n\n<figure class=\"wp-block-image size-large is-style-tw-frame\"><img loading=\"lazy\" decoding=\"async\" width=\"2016\" height=\"1512\" data-id=\"3385\" src=\"https:\/\/wordpress.nibis.de\/rslohne\/files\/2025\/02\/celebrate-1739391021384.jpg\" alt=\"\" class=\"wp-image-3385\" srcset=\"https:\/\/wordpress.nibis.de\/rslohne\/files\/2025\/02\/celebrate-1739391021384.jpg 2016w, https:\/\/wordpress.nibis.de\/rslohne\/files\/2025\/02\/celebrate-1739391021384-188x141.jpg 188w, https:\/\/wordpress.nibis.de\/rslohne\/files\/2025\/02\/celebrate-1739391021384-768x576.jpg 768w, https:\/\/wordpress.nibis.de\/rslohne\/files\/2025\/02\/celebrate-1739391021384-1536x1152.jpg 1536w\" sizes=\"auto, (max-width: 2016px) 100vw, 2016px\" \/><\/figure>\n\n\n\n<figure class=\"wp-block-image size-large is-style-tw-frame\"><img loading=\"lazy\" decoding=\"async\" width=\"2016\" height=\"1512\" data-id=\"3386\" src=\"https:\/\/wordpress.nibis.de\/rslohne\/files\/2025\/02\/celebrate-1739391025390.jpg\" alt=\"\" class=\"wp-image-3386\" srcset=\"https:\/\/wordpress.nibis.de\/rslohne\/files\/2025\/02\/celebrate-1739391025390.jpg 2016w, https:\/\/wordpress.nibis.de\/rslohne\/files\/2025\/02\/celebrate-1739391025390-188x141.jpg 188w, https:\/\/wordpress.nibis.de\/rslohne\/files\/2025\/02\/celebrate-1739391025390-768x576.jpg 768w, https:\/\/wordpress.nibis.de\/rslohne\/files\/2025\/02\/celebrate-1739391025390-1536x1152.jpg 1536w\" sizes=\"auto, (max-width: 2016px) 100vw, 2016px\" \/><\/figure>\n\n\n\n<figure class=\"wp-block-image size-large is-style-tw-frame\"><img loading=\"lazy\" decoding=\"async\" width=\"1200\" height=\"675\" data-id=\"3387\" src=\"https:\/\/wordpress.nibis.de\/rslohne\/files\/2025\/02\/celebrate-1739391036433-1200x675.jpg\" alt=\"\" class=\"wp-image-3387\" srcset=\"https:\/\/wordpress.nibis.de\/rslohne\/files\/2025\/02\/celebrate-1739391036433-1200x675.jpg 1200w, https:\/\/wordpress.nibis.de\/rslohne\/files\/2025\/02\/celebrate-1739391036433-850x478.jpg 850w\" sizes=\"auto, (max-width: 1200px) 100vw, 1200px\" \/><\/figure>\n\n\n\n<figure class=\"wp-block-image size-full is-style-tw-frame\"><img loading=\"lazy\" decoding=\"async\" width=\"2016\" height=\"1512\" data-id=\"3388\" src=\"https:\/\/wordpress.nibis.de\/rslohne\/files\/2025\/02\/celebrate-1739391044578.jpg\" alt=\"\" class=\"wp-image-3388\" srcset=\"https:\/\/wordpress.nibis.de\/rslohne\/files\/2025\/02\/celebrate-1739391044578.jpg 2016w, https:\/\/wordpress.nibis.de\/rslohne\/files\/2025\/02\/celebrate-1739391044578-188x141.jpg 188w, https:\/\/wordpress.nibis.de\/rslohne\/files\/2025\/02\/celebrate-1739391044578-768x576.jpg 768w, https:\/\/wordpress.nibis.de\/rslohne\/files\/2025\/02\/celebrate-1739391044578-1536x1152.jpg 1536w\" sizes=\"auto, (max-width: 2016px) 100vw, 2016px\" \/><\/figure>\n\n\n\n<figure class=\"wp-block-image size-large is-style-tw-frame\"><img loading=\"lazy\" decoding=\"async\" width=\"1200\" height=\"675\" data-id=\"3389\" src=\"https:\/\/wordpress.nibis.de\/rslohne\/files\/2025\/02\/celebrate-1739391051724-1200x675.jpg\" alt=\"\" class=\"wp-image-3389\" srcset=\"https:\/\/wordpress.nibis.de\/rslohne\/files\/2025\/02\/celebrate-1739391051724-1200x675.jpg 1200w, https:\/\/wordpress.nibis.de\/rslohne\/files\/2025\/02\/celebrate-1739391051724-850x478.jpg 850w\" sizes=\"auto, (max-width: 1200px) 100vw, 1200px\" \/><\/figure>\n\n\n\n<figure class=\"wp-block-image size-large is-style-tw-frame\"><img loading=\"lazy\" decoding=\"async\" width=\"1158\" height=\"675\" data-id=\"3390\" src=\"https:\/\/wordpress.nibis.de\/rslohne\/files\/2025\/02\/celebrate-1739391059508-1158x675.jpg\" alt=\"\" class=\"wp-image-3390\" \/><\/figure>\n<\/figure>\n\n\n\n<p><\/p>\n\n\n\n<h2 class=\"wp-block-heading\">4. Tag: Carven lernen &#8211; Eis zur Belohnung<\/h2>\n\n\n\n<p>Das Wetter war besser als vorhergesagt. Durch eine dicke Nebelschicht ging es ab 1200 m in die Sonne. Heute stand f\u00fcr einige schon das Carven auf dem Programm. Rote und schwarze Pisten wurden erfolgreich bezwungen und viele Kilometer zur\u00fcckgelegt. Am Abend belohnte uns das Hotel mit Salat als Vorspeise, wie es sich f\u00fcr richtige Sportler geh\u00f6rt. Danach gab\u00b4s dann aber auch was Vern\u00fcnftiges: Pizza und Eis. <\/p>\n\n\n\n<figure class=\"wp-block-gallery has-nested-images columns-2 is-cropped wp-block-gallery-4 is-layout-flex wp-block-gallery-is-layout-flex\">\n<figure class=\"wp-block-image size-large is-style-tw-frame\"><img loading=\"lazy\" decoding=\"async\" width=\"1200\" height=\"675\" data-id=\"3401\" src=\"https:\/\/wordpress.nibis.de\/rslohne\/files\/2025\/02\/image2-1-1200x675.jpg\" alt=\"\" class=\"wp-image-3401\" srcset=\"https:\/\/wordpress.nibis.de\/rslohne\/files\/2025\/02\/image2-1-1200x675.jpg 1200w, https:\/\/wordpress.nibis.de\/rslohne\/files\/2025\/02\/image2-1-850x478.jpg 850w\" sizes=\"auto, (max-width: 1200px) 100vw, 1200px\" \/><\/figure>\n\n\n\n<figure class=\"wp-block-image size-large is-style-tw-frame\"><img loading=\"lazy\" decoding=\"async\" width=\"1200\" height=\"675\" data-id=\"3402\" src=\"https:\/\/wordpress.nibis.de\/rslohne\/files\/2025\/02\/image4-1-1200x675.jpg\" alt=\"\" class=\"wp-image-3402\" srcset=\"https:\/\/wordpress.nibis.de\/rslohne\/files\/2025\/02\/image4-1-1200x675.jpg 1200w, https:\/\/wordpress.nibis.de\/rslohne\/files\/2025\/02\/image4-1-850x478.jpg 850w\" sizes=\"auto, (max-width: 1200px) 100vw, 1200px\" \/><\/figure>\n\n\n\n<figure class=\"wp-block-image size-large is-style-tw-frame\"><img loading=\"lazy\" decoding=\"async\" width=\"1200\" height=\"675\" data-id=\"3403\" src=\"https:\/\/wordpress.nibis.de\/rslohne\/files\/2025\/02\/image5-1-1200x675.jpg\" alt=\"\" class=\"wp-image-3403\" srcset=\"https:\/\/wordpress.nibis.de\/rslohne\/files\/2025\/02\/image5-1-1200x675.jpg 1200w, https:\/\/wordpress.nibis.de\/rslohne\/files\/2025\/02\/image5-1-850x478.jpg 850w\" sizes=\"auto, (max-width: 1200px) 100vw, 1200px\" \/><\/figure>\n\n\n\n<figure class=\"wp-block-image size-large is-style-tw-frame\"><img loading=\"lazy\" decoding=\"async\" width=\"1200\" height=\"675\" data-id=\"3404\" src=\"https:\/\/wordpress.nibis.de\/rslohne\/files\/2025\/02\/image7-3-1200x675.jpg\" alt=\"\" class=\"wp-image-3404\" srcset=\"https:\/\/wordpress.nibis.de\/rslohne\/files\/2025\/02\/image7-3-1200x675.jpg 1200w, https:\/\/wordpress.nibis.de\/rslohne\/files\/2025\/02\/image7-3-850x478.jpg 850w\" sizes=\"auto, (max-width: 1200px) 100vw, 1200px\" \/><\/figure>\n<\/figure>\n\n\n\n<p><\/p>\n\n\n\n<h2 class=\"wp-block-heading\">5. Tag: Noch einmal hei\u00dft es Winter Wonderland<\/h2>\n\n\n\n<p>Nachdem sich die Sch\u00fclerinnen und Sch\u00fcler von ihrer Skitaufe erholt hatten, ging es am letzten Skitag nochmal auf die Piste. Bei 30 cm Neuschnee fuhren wir durch ein wei\u00dfes Winter Wonderland. Neben dem Tiefschneefahren wurden Schneeballschlachten veranstaltet und sich im Schnee gew\u00e4lzt. Eine super Skifahrt geht zu Ende. Alle Sch\u00fclerinnen und Sch\u00fcler haben das Skifahren gelernt, sind zu einer Gruppe zusammengewachsen und hatten so viel Spa\u00df, dass sie am liebsten l\u00e4nger geblieben w\u00e4ren. Nach der ganzen frischen Luft und den sportlichen Aktivit\u00e4ten werden sicher alle eine M\u00fctze Schlaf ben\u00f6tigen. <\/p>\n\n\n\n<p>Eines ist sicher: 2027 starten wir erneut in die Berge!<\/p>\n\n\n\n<figure class=\"wp-block-gallery has-nested-images columns-2 is-cropped is-style-tw-img-frame wp-block-gallery-5 is-layout-flex wp-block-gallery-is-layout-flex\">\n<figure class=\"wp-block-image size-large is-style-tw-shadow\"><img loading=\"lazy\" decoding=\"async\" width=\"1200\" height=\"675\" data-id=\"3409\" src=\"https:\/\/wordpress.nibis.de\/rslohne\/files\/2025\/02\/image0-1-1200x675.jpg\" alt=\"\" class=\"wp-image-3409\" srcset=\"https:\/\/wordpress.nibis.de\/rslohne\/files\/2025\/02\/image0-1-1200x675.jpg 1200w, https:\/\/wordpress.nibis.de\/rslohne\/files\/2025\/02\/image0-1-850x478.jpg 850w\" sizes=\"auto, (max-width: 1200px) 100vw, 1200px\" \/><\/figure>\n\n\n\n<figure class=\"wp-block-image size-large is-style-tw-shadow\"><img loading=\"lazy\" decoding=\"async\" width=\"1200\" height=\"675\" data-id=\"3412\" src=\"https:\/\/wordpress.nibis.de\/rslohne\/files\/2025\/02\/image1-1-1200x675.jpg\" alt=\"\" class=\"wp-image-3412\" srcset=\"https:\/\/wordpress.nibis.de\/rslohne\/files\/2025\/02\/image1-1-1200x675.jpg 1200w, https:\/\/wordpress.nibis.de\/rslohne\/files\/2025\/02\/image1-1-850x478.jpg 850w\" sizes=\"auto, (max-width: 1200px) 100vw, 1200px\" \/><\/figure>\n\n\n\n<figure class=\"wp-block-image size-large is-style-tw-shadow\"><img loading=\"lazy\" decoding=\"async\" width=\"1200\" height=\"675\" data-id=\"3411\" src=\"https:\/\/wordpress.nibis.de\/rslohne\/files\/2025\/02\/image2-2-1200x675.jpg\" alt=\"\" class=\"wp-image-3411\" srcset=\"https:\/\/wordpress.nibis.de\/rslohne\/files\/2025\/02\/image2-2-1200x675.jpg 1200w, https:\/\/wordpress.nibis.de\/rslohne\/files\/2025\/02\/image2-2-850x478.jpg 850w\" sizes=\"auto, (max-width: 1200px) 100vw, 1200px\" \/><figcaption>Ein gro\u00dfes Dankesch\u00f6n an die f\u00fcnf Kolleginnen und Kollegen!<\/figcaption><\/figure>\n\n\n\n<figure class=\"wp-block-image size-large is-style-tw-shadow\"><img loading=\"lazy\" decoding=\"async\" width=\"1200\" height=\"675\" data-id=\"3410\" src=\"https:\/\/wordpress.nibis.de\/rslohne\/files\/2025\/02\/image3-1-1200x675.jpg\" alt=\"\" class=\"wp-image-3410\" srcset=\"https:\/\/wordpress.nibis.de\/rslohne\/files\/2025\/02\/image3-1-1200x675.jpg 1200w, https:\/\/wordpress.nibis.de\/rslohne\/files\/2025\/02\/image3-1-850x478.jpg 850w\" sizes=\"auto, (max-width: 1200px) 100vw, 1200px\" \/><\/figure>\n<\/figure>\n\n\n","protected":false},"excerpt":{"rendered":"<p>1. Tag: Ankunft und erster Schneekontakt Die Ski-AG hat die &hellip; <\/p>\n","protected":false},"author":696,"featured_media":0,"parent":0,"menu_order":3,"comment_status":"closed","ping_status":"closed","template":"","meta":{"footnotes":""},"class_list":["post-3336","page","type-page","status-publish","hentry"],"_links":{"self":[{"href":"https:\/\/wordpress.nibis.de\/rslohne\/wp-json\/wp\/v2\/pages\/3336","targetHints":{"allow":["GET"]}}],"collection":[{"href":"https:\/\/wordpress.nibis.de\/rslohne\/wp-json\/wp\/v2\/pages"}],"about":[{"href":"https:\/\/wordpress.nibis.de\/rslohne\/wp-json\/wp\/v2\/types\/page"}],"author":[{"embeddable":true,"href":"https:\/\/wordpress.nibis.de\/rslohne\/wp-json\/wp\/v2\/users\/696"}],"replies":[{"embeddable":true,"href":"https:\/\/wordpress.nibis.de\/rslohne\/wp-json\/wp\/v2\/comments?post=3336"}],"version-history":[{"count":17,"href":"https:\/\/wordpress.nibis.de\/rslohne\/wp-json\/wp\/v2\/pages\/3336\/revisions"}],"predecessor-version":[{"id":3415,"href":"https:\/\/wordpress.nibis.de\/rslohne\/wp-json\/wp\/v2\/pages\/3336\/revisions\/3415"}],"wp:attachment":[{"href":"https:\/\/wordpress.nibis.de\/rslohne\/wp-json\/wp\/v2\/media?parent=3336"}],"curies":[{"name":"wp","href":"https:\/\/api.w.org\/{rel}","templated":true}]}}