{"id":3424,"date":"2025-03-05T21:55:38","date_gmt":"2025-03-05T20:55:38","guid":{"rendered":"https:\/\/wordpress.nibis.de\/rslohne\/?page_id=3424"},"modified":"2025-03-05T21:56:49","modified_gmt":"2025-03-05T20:56:49","slug":"profil-wirtschaft","status":"publish","type":"page","link":"https:\/\/wordpress.nibis.de\/rslohne\/profil-wirtschaft\/","title":{"rendered":"Profil Wirtschaft"},"content":{"rendered":"\n<p>Im Jahrgang 9 k\u00f6nnen Sch\u00fclerinnen und Sch\u00fcler den Kurs Profil Wirtschaft w\u00e4hlen, der vertiefende Inhalte zum regul\u00e4ren Wirtschaftsunterricht bietet. Die Themen umfassen:<\/p>\n<p>1. Verbraucherinnen und Verbraucher sowie Erwerbst\u00e4tige im Wirtschaftsgeschehen<\/p>\n<p>2. \u00d6konomisches und soziales Handeln im Unternehmen<\/p>\n<p>3. Die Aufgabe des Staates im Wirtschaftsprozess<\/p>\n<p>4. \u00d6konomisches Handeln regional, national und international<\/p>\n<p>Ein besonderer Schwerpunkt liegt auf dem regionalen Wirtschaftsraum, einschlie\u00dflich Betriebsbesichtigungen und praxisnahen Themen wie Steuereinnahmen, Kreditvergaben, Unternehmensgr\u00fcndungen und E-Commerce. Der Besuch der Handelslehranstalten Lohne erg\u00e4nzt das Programm und gibt einen realen Einblick in wirtschaftliche Zusammenh\u00e4nge.<\/p>\n<p>Im Jahrgang 10 wird der Unterricht im Profil Wirtschaft an den mit uns kooperierenden Handelslehranstalten Lohne ausgelagert. Hier werden die beschriebenen Themen weiter vertieft. Die Sch\u00fclerinnen und Sch\u00fcler besch\u00e4ftigen sich intensiv mit dem Bereich der Buchf\u00fchrung und erhalten zus\u00e4tzliche Einblicke in praxisorientierte wirtschaftliche Aufgabenstellungen, die ihnen eine fundierte Grundlage f\u00fcr berufliche und akademische Wege bieten.<\/p>\n","protected":false},"excerpt":{"rendered":"<p>Im Jahrgang 9 k\u00f6nnen Sch\u00fclerinnen und Sch\u00fcler den Kurs Profil &hellip; <\/p>\n","protected":false},"author":696,"featured_media":0,"parent":0,"menu_order":2,"comment_status":"closed","ping_status":"closed","template":"","meta":{"footnotes":""},"class_list":["post-3424","page","type-page","status-publish","hentry"],"_links":{"self":[{"href":"https:\/\/wordpress.nibis.de\/rslohne\/wp-json\/wp\/v2\/pages\/3424","targetHints":{"allow":["GET"]}}],"collection":[{"href":"https:\/\/wordpress.nibis.de\/rslohne\/wp-json\/wp\/v2\/pages"}],"about":[{"href":"https:\/\/wordpress.nibis.de\/rslohne\/wp-json\/wp\/v2\/types\/page"}],"author":[{"embeddable":true,"href":"https:\/\/wordpress.nibis.de\/rslohne\/wp-json\/wp\/v2\/users\/696"}],"replies":[{"embeddable":true,"href":"https:\/\/wordpress.nibis.de\/rslohne\/wp-json\/wp\/v2\/comments?post=3424"}],"version-history":[{"count":1,"href":"https:\/\/wordpress.nibis.de\/rslohne\/wp-json\/wp\/v2\/pages\/3424\/revisions"}],"predecessor-version":[{"id":3425,"href":"https:\/\/wordpress.nibis.de\/rslohne\/wp-json\/wp\/v2\/pages\/3424\/revisions\/3425"}],"wp:attachment":[{"href":"https:\/\/wordpress.nibis.de\/rslohne\/wp-json\/wp\/v2\/media?parent=3424"}],"curies":[{"name":"wp","href":"https:\/\/api.w.org\/{rel}","templated":true}]}}