{"id":3667,"date":"2025-09-17T16:03:05","date_gmt":"2025-09-17T14:03:05","guid":{"rendered":"https:\/\/wordpress.nibis.de\/rslohne\/?page_id=3667"},"modified":"2026-01-25T08:59:29","modified_gmt":"2026-01-25T07:59:29","slug":"betriebspraktikum-jahrgang-9","status":"publish","type":"page","link":"https:\/\/wordpress.nibis.de\/rslohne\/betriebspraktikum-jahrgang-9\/","title":{"rendered":"Betriebspraktikum Jahrgang 9"},"content":{"rendered":"\n<p>Das zweiw\u00f6chige Sch\u00fclerbetriebspraktikum in der Klassenstufe 9 ist ein fester Bestandteil unseres schulischen Konzepts zur Berufsorientierung. Es erm\u00f6glicht unseren Sch\u00fclerinnen und Sch\u00fclern, erste praktische Erfahrungen in der Arbeitswelt zu sammeln und verschiedene Berufsfelder kennenzulernen. Durch das Praktikum erhalten die Jugendlichen die Chance, eigene Interessen und St\u00e4rken zu entdecken, berufliche Abl\u00e4ufe\u00a0 zu erleben und herauszufinden, welche T\u00e4tigkeiten zu ihnen passen \u2013 oder auch nicht. Diese Erfahrung ist eine wichtige Hilfe bei der sp\u00e4teren Wahl eines Ausbildungsberufes oder einer weiterf\u00fchrenden Schule.<\/p>\n\n\n\n<p><a href=\"https:\/\/www.arbeitsagentur.de\/bildung\/datei\/lexikon-der-ausbildungsberufe_ba023730.pdf\">Hier<\/a> finden Sie aktuelle Ausbildungsberufe und Ideen f\u00fcr einen Praktikumsplatz.<\/p>\n\n\n","protected":false},"excerpt":{"rendered":"<p>Das zweiw\u00f6chige Sch\u00fclerbetriebspraktikum in der Klassenstufe 9 ist ein fester &hellip; <\/p>\n","protected":false},"author":696,"featured_media":0,"parent":0,"menu_order":0,"comment_status":"closed","ping_status":"closed","template":"","meta":{"footnotes":""},"class_list":["post-3667","page","type-page","status-publish","hentry"],"_links":{"self":[{"href":"https:\/\/wordpress.nibis.de\/rslohne\/wp-json\/wp\/v2\/pages\/3667","targetHints":{"allow":["GET"]}}],"collection":[{"href":"https:\/\/wordpress.nibis.de\/rslohne\/wp-json\/wp\/v2\/pages"}],"about":[{"href":"https:\/\/wordpress.nibis.de\/rslohne\/wp-json\/wp\/v2\/types\/page"}],"author":[{"embeddable":true,"href":"https:\/\/wordpress.nibis.de\/rslohne\/wp-json\/wp\/v2\/users\/696"}],"replies":[{"embeddable":true,"href":"https:\/\/wordpress.nibis.de\/rslohne\/wp-json\/wp\/v2\/comments?post=3667"}],"version-history":[{"count":4,"href":"https:\/\/wordpress.nibis.de\/rslohne\/wp-json\/wp\/v2\/pages\/3667\/revisions"}],"predecessor-version":[{"id":4112,"href":"https:\/\/wordpress.nibis.de\/rslohne\/wp-json\/wp\/v2\/pages\/3667\/revisions\/4112"}],"wp:attachment":[{"href":"https:\/\/wordpress.nibis.de\/rslohne\/wp-json\/wp\/v2\/media?parent=3667"}],"curies":[{"name":"wp","href":"https:\/\/api.w.org\/{rel}","templated":true}]}}