{"id":4126,"date":"2026-01-25T09:49:08","date_gmt":"2026-01-25T08:49:08","guid":{"rendered":"https:\/\/wordpress.nibis.de\/rslohne\/?page_id=4126"},"modified":"2026-01-25T10:28:48","modified_gmt":"2026-01-25T09:28:48","slug":"berufsorientierung","status":"publish","type":"page","link":"https:\/\/wordpress.nibis.de\/rslohne\/berufsorientierung\/","title":{"rendered":"Berufsorientierung"},"content":{"rendered":"\n<p>Die Berufsorientierung hat an unserer Schule einen hohen Stellenwert. Wir m\u00f6chten unsere Sch\u00fclerinnen und Sch\u00fcler fr\u00fchzeitig dabei unterst\u00fctzen, ihre Interessen und St\u00e4rken zu entdecken und realistische Perspektiven f\u00fcr ihre berufliche Zukunft zu entwickeln.<br>Mit vielf\u00e4ltigen Projekten, Praktika, Profilkursen und Kooperationen mit Betrieben und Institutionen bieten wir praxisnahe Einblicke in unterschiedliche Berufsfelder.<\/p>\n\n\n\n<p>Auf den folgenden Seiten erhalten Sie einen \u00dcberblick \u00fcber unsere Angebote und Ma\u00dfnahmen. Klicken Sie im Men\u00fc oder auf die Symbole, um sich einen Eindruck von unserer Arbeit zu verschaffen.<\/p>\n<p>Wenn Sie sich einen jahrgangsbezogenen \u00dcberblick w\u00fcnschen, klicken Sie <a href=\"https:\/\/wordpress.nibis.de\/rslohne\/eine-uebersicht\/\">hier<\/a>.<\/p>\n<p>\u00a0<\/p>\n\n\n\n<div class=\"wp-block-columns is-layout-flex wp-container-core-columns-is-layout-abceabcf wp-block-columns-is-layout-flex\">\n<div class=\"wp-block-column is-layout-flow wp-block-column-is-layout-flow\">\n<figure class=\"wp-block-image size-full\"><a href=\"https:\/\/wordpress.nibis.de\/rslohne\/%ef%bf%bc\/\"><img loading=\"lazy\" decoding=\"async\" width=\"423\" height=\"419\" src=\"https:\/\/wordpress.nibis.de\/rslohne\/files\/2026\/01\/Berufsorientierung-in-Playmobil-Stil-Kopie-5-1.png\" alt=\"\" class=\"wp-image-4134\" srcset=\"https:\/\/wordpress.nibis.de\/rslohne\/files\/2026\/01\/Berufsorientierung-in-Playmobil-Stil-Kopie-5-1.png 423w, https:\/\/wordpress.nibis.de\/rslohne\/files\/2026\/01\/Berufsorientierung-in-Playmobil-Stil-Kopie-5-1-142x141.png 142w, https:\/\/wordpress.nibis.de\/rslohne\/files\/2026\/01\/Berufsorientierung-in-Playmobil-Stil-Kopie-5-1-100x99.png 100w\" sizes=\"auto, (max-width: 423px) 100vw, 423px\" \/><\/a><\/figure>\n<\/div>\n\n\n\n<div class=\"wp-block-column is-layout-flow wp-block-column-is-layout-flow\">\n<figure class=\"wp-block-image size-full\"><a href=\"https:\/\/wordpress.nibis.de\/rslohne\/berufsberatung-der-agentur-fuer-arbeit-vechta\/\"><img loading=\"lazy\" decoding=\"async\" width=\"423\" height=\"404\" src=\"https:\/\/wordpress.nibis.de\/rslohne\/files\/2026\/01\/Berufsorientierung-in-Playmobil-Stil-Kopie-1.png\" alt=\"\" class=\"wp-image-4135\" srcset=\"https:\/\/wordpress.nibis.de\/rslohne\/files\/2026\/01\/Berufsorientierung-in-Playmobil-Stil-Kopie-1.png 423w, https:\/\/wordpress.nibis.de\/rslohne\/files\/2026\/01\/Berufsorientierung-in-Playmobil-Stil-Kopie-1-148x141.png 148w, https:\/\/wordpress.nibis.de\/rslohne\/files\/2026\/01\/Berufsorientierung-in-Playmobil-Stil-Kopie-1-100x96.png 100w\" sizes=\"auto, (max-width: 423px) 100vw, 423px\" \/><\/a><\/figure>\n<\/div>\n\n\n\n<div class=\"wp-block-column is-layout-flow wp-block-column-is-layout-flow\">\n<figure class=\"wp-block-image size-full\"><a href=\"https:\/\/wordpress.nibis.de\/rslohne\/kompetenzanalyse-profil-ac\/\"><img loading=\"lazy\" decoding=\"async\" width=\"423\" height=\"471\" src=\"https:\/\/wordpress.nibis.de\/rslohne\/files\/2026\/01\/Berufsausbildung-in-Playmobil-Stil.png\" alt=\"\" class=\"wp-image-4136\" srcset=\"https:\/\/wordpress.nibis.de\/rslohne\/files\/2026\/01\/Berufsausbildung-in-Playmobil-Stil.png 423w, https:\/\/wordpress.nibis.de\/rslohne\/files\/2026\/01\/Berufsausbildung-in-Playmobil-Stil-127x141.png 127w, https:\/\/wordpress.nibis.de\/rslohne\/files\/2026\/01\/Berufsausbildung-in-Playmobil-Stil-100x111.png 100w\" sizes=\"auto, (max-width: 423px) 100vw, 423px\" \/><\/a><\/figure>\n<\/div>\n<\/div>\n\n\n\n<div class=\"wp-block-columns is-layout-flex wp-container-core-columns-is-layout-abceabcf wp-block-columns-is-layout-flex\">\n<div class=\"wp-block-column is-layout-flow wp-block-column-is-layout-flow\">\n<figure class=\"wp-block-image size-full\"><a href=\"https:\/\/wordpress.nibis.de\/rslohne\/zukunftstag-2024\/\"><img loading=\"lazy\" decoding=\"async\" width=\"423\" height=\"404\" src=\"https:\/\/wordpress.nibis.de\/rslohne\/files\/2026\/01\/Berufsorientierung-in-Playmobil-Stil-Kopie-3.png\" alt=\"\" class=\"wp-image-4131\" srcset=\"https:\/\/wordpress.nibis.de\/rslohne\/files\/2026\/01\/Berufsorientierung-in-Playmobil-Stil-Kopie-3.png 423w, https:\/\/wordpress.nibis.de\/rslohne\/files\/2026\/01\/Berufsorientierung-in-Playmobil-Stil-Kopie-3-148x141.png 148w, https:\/\/wordpress.nibis.de\/rslohne\/files\/2026\/01\/Berufsorientierung-in-Playmobil-Stil-Kopie-3-100x96.png 100w\" sizes=\"auto, (max-width: 423px) 100vw, 423px\" \/><\/a><\/figure>\n<\/div>\n\n\n\n<div class=\"wp-block-column is-layout-flow wp-block-column-is-layout-flow\">\n<figure class=\"wp-block-image size-full\"><a href=\"https:\/\/wordpress.nibis.de\/rslohne\/profilkurse\/\"><img loading=\"lazy\" decoding=\"async\" width=\"423\" height=\"404\" src=\"https:\/\/wordpress.nibis.de\/rslohne\/files\/2026\/01\/Berufsorientierung-in-Playmobil-Stil-Kopie-2.png\" alt=\"\" class=\"wp-image-4132\" srcset=\"https:\/\/wordpress.nibis.de\/rslohne\/files\/2026\/01\/Berufsorientierung-in-Playmobil-Stil-Kopie-2.png 423w, https:\/\/wordpress.nibis.de\/rslohne\/files\/2026\/01\/Berufsorientierung-in-Playmobil-Stil-Kopie-2-148x141.png 148w, https:\/\/wordpress.nibis.de\/rslohne\/files\/2026\/01\/Berufsorientierung-in-Playmobil-Stil-Kopie-2-100x96.png 100w\" sizes=\"auto, (max-width: 423px) 100vw, 423px\" \/><\/a><\/figure>\n<\/div>\n\n\n\n<div class=\"wp-block-column is-layout-flow wp-block-column-is-layout-flow\">\n<figure class=\"wp-block-image size-full\"><a href=\"https:\/\/wordpress.nibis.de\/rslohne\/betriebspraktikum-jahrgang-9\/\"><img loading=\"lazy\" decoding=\"async\" width=\"423\" height=\"404\" src=\"https:\/\/wordpress.nibis.de\/rslohne\/files\/2026\/01\/Berufsorientierung-in-Playmobil-Stil-1.png\" alt=\"\" class=\"wp-image-4133\" srcset=\"https:\/\/wordpress.nibis.de\/rslohne\/files\/2026\/01\/Berufsorientierung-in-Playmobil-Stil-1.png 423w, https:\/\/wordpress.nibis.de\/rslohne\/files\/2026\/01\/Berufsorientierung-in-Playmobil-Stil-1-148x141.png 148w, https:\/\/wordpress.nibis.de\/rslohne\/files\/2026\/01\/Berufsorientierung-in-Playmobil-Stil-1-100x96.png 100w\" sizes=\"auto, (max-width: 423px) 100vw, 423px\" \/><\/a><\/figure>\n<\/div>\n<\/div>\n\n\n\n<div class=\"wp-block-columns is-layout-flex wp-container-core-columns-is-layout-abceabcf wp-block-columns-is-layout-flex\">\n<div class=\"wp-block-column is-layout-flow wp-block-column-is-layout-flow\"><\/div>\n\n\n\n<div class=\"wp-block-column is-layout-flow wp-block-column-is-layout-flow\">\n<figure class=\"wp-block-image size-full\"><a href=\"https:\/\/wordpress.nibis.de\/rslohne\/praktische-berufsweltorientierung\/\"><img loading=\"lazy\" decoding=\"async\" width=\"424\" height=\"457\" src=\"https:\/\/wordpress.nibis.de\/rslohne\/files\/2026\/01\/Berufsorientierung-in-Playmobil-Stil-Kopie-4-2.png\" alt=\"\" class=\"wp-image-4138\" srcset=\"https:\/\/wordpress.nibis.de\/rslohne\/files\/2026\/01\/Berufsorientierung-in-Playmobil-Stil-Kopie-4-2.png 424w, https:\/\/wordpress.nibis.de\/rslohne\/files\/2026\/01\/Berufsorientierung-in-Playmobil-Stil-Kopie-4-2-131x141.png 131w, https:\/\/wordpress.nibis.de\/rslohne\/files\/2026\/01\/Berufsorientierung-in-Playmobil-Stil-Kopie-4-2-100x108.png 100w\" sizes=\"auto, (max-width: 424px) 100vw, 424px\" \/><\/a><\/figure>\n<\/div>\n\n\n\n<div class=\"wp-block-column is-layout-flow wp-block-column-is-layout-flow\"><\/div>\n<\/div>\n\n\n","protected":false},"excerpt":{"rendered":"<p>Die Berufsorientierung hat an unserer Schule einen hohen Stellenwert. Wir &hellip; <\/p>\n","protected":false},"author":696,"featured_media":0,"parent":0,"menu_order":0,"comment_status":"closed","ping_status":"closed","template":"","meta":{"footnotes":""},"class_list":["post-4126","page","type-page","status-publish","hentry"],"_links":{"self":[{"href":"https:\/\/wordpress.nibis.de\/rslohne\/wp-json\/wp\/v2\/pages\/4126","targetHints":{"allow":["GET"]}}],"collection":[{"href":"https:\/\/wordpress.nibis.de\/rslohne\/wp-json\/wp\/v2\/pages"}],"about":[{"href":"https:\/\/wordpress.nibis.de\/rslohne\/wp-json\/wp\/v2\/types\/page"}],"author":[{"embeddable":true,"href":"https:\/\/wordpress.nibis.de\/rslohne\/wp-json\/wp\/v2\/users\/696"}],"replies":[{"embeddable":true,"href":"https:\/\/wordpress.nibis.de\/rslohne\/wp-json\/wp\/v2\/comments?post=4126"}],"version-history":[{"count":3,"href":"https:\/\/wordpress.nibis.de\/rslohne\/wp-json\/wp\/v2\/pages\/4126\/revisions"}],"predecessor-version":[{"id":4145,"href":"https:\/\/wordpress.nibis.de\/rslohne\/wp-json\/wp\/v2\/pages\/4126\/revisions\/4145"}],"wp:attachment":[{"href":"https:\/\/wordpress.nibis.de\/rslohne\/wp-json\/wp\/v2\/media?parent=4126"}],"curies":[{"name":"wp","href":"https:\/\/api.w.org\/{rel}","templated":true}]}}