{"id":62,"date":"2015-03-14T09:53:48","date_gmt":"2015-03-14T08:53:48","guid":{"rendered":"http:\/\/wordpress.nibis.de\/rslohne\/?page_id=62"},"modified":"2026-02-02T08:48:57","modified_gmt":"2026-02-02T07:48:57","slug":"fokus-mensch-2","status":"publish","type":"page","link":"https:\/\/wordpress.nibis.de\/rslohne\/fokus-mensch-2\/","title":{"rendered":"Fokus Mensch"},"content":{"rendered":"\n<div class=\"wp-block-media-text alignwide is-stacked-on-mobile\">\n<div class=\"wp-block-media-text__content\">&nbsp;<\/div>\n<\/div>\n\n\n<div class=\"wp-block-image is-style-default\">\n<figure class=\"aligncenter size-medium\"><img loading=\"lazy\" decoding=\"async\" width=\"850\" height=\"478\" src=\"https:\/\/wordpress.nibis.de\/rslohne\/files\/2026\/02\/f0835ea8-d9d1-4fc2-869f-7b7366d7c0f2-850x478.jpg\" alt=\"\" class=\"wp-image-4194\" srcset=\"https:\/\/wordpress.nibis.de\/rslohne\/files\/2026\/02\/f0835ea8-d9d1-4fc2-869f-7b7366d7c0f2-850x478.jpg 850w, https:\/\/wordpress.nibis.de\/rslohne\/files\/2026\/02\/f0835ea8-d9d1-4fc2-869f-7b7366d7c0f2-1200x675.jpg 1200w\" sizes=\"auto, (max-width: 850px) 100vw, 850px\" \/><figcaption class=\"wp-element-caption\">Das Basteln von Freundschaftsarmb\u00e4ndern war ein gro\u00dfes Highlight. \u201eWir sind ein Team!\u201c<\/figcaption><\/figure>\n<\/div>\n\n\n<p class=\"has-text-align-center\"><a href=\"https:\/\/wordpress.nibis.de\/rslohne\/fokus-mensch-2026\/\">Hier geht\u00b4s zum aktuellen Beitrag<\/a>.<\/p>\n\n\n\n<p style=\"font-size:17px\">\u201eIch habe w\u00e4hrend dieser Woche tolle Menschen kennengelernt.\u201c \u201eWir haben sehr viel gelacht.\u201c \u201eDie \u00e4lteren Menschen haben sehr viel \u00fcber sich erz\u00e4hlt.\u201c \u201eZuerst hatte ich ein bisschen Bedenken und wusste nicht, wie ich mit denen sprechen sollte. Das hat sich ganz schnell gelegt.\u201c<\/p>\n\n\n\n<p style=\"font-size:17px\">Es sind Sch\u00fcler\u00e4u\u00dferungen wie diese, die die Bedeutung bzw. Wichtigkeit des Projektes Fokus Mensch der Realschule Lohne ausdr\u00fcckt. Im Mittelpunkt \u2013 im Fokus \u2013 steht der Mensch. Der Blick der Jugendlichen der Klassen 10 der Realschule konzentriert sich auf den Menschen, der in der Gesellschaft nicht mehr im Vordergrund steht, vielleicht sogar verdr\u00e4ngt oder ignoriert wird.&nbsp;<\/p>\n\n\n\n<p>Durch praktisches Tun am Vormittag in verschiedensten Einrichtungen erfahren die Sch\u00fclerinnen und Sch\u00fcler, in welchen teils schwierigen Lebenslagen Menschen sich befinden k\u00f6nnen. Krankheit, Alter, aber auch Sterben sind auf nat\u00fcrliche Weise mit dem Leben und unserem Dasein als Mensch verbunden. Das Bewusstsein hierf\u00fcr verschwindet in unserer Gesellschaft und materielle Werte bestimmen das Leben und lassen den Menschen zunehmend in den Hintergrund treten.<\/p>\n\n\n\n<p style=\"font-size:17px\">Im Rahmen dieses Projektes sind die Jugendlichen in einer Woche von Montag bis Donnerstag in einer sozialen Einrichtung t\u00e4tig und treten mit den Menschen dort in Kontakt, lernen sie kennen und verbringen Zeit mit ihnen. Ein gemeinsames Mittagessen im Krankenhaus Lohne mit allen Sch\u00fclerinnen und Sch\u00fclern steht ebenso auf dem Programm, wie am Nachmittag stattfindende Reflexionsgespr\u00e4che in Kleingruppen mit einem Referenten des Teams Fokus Mensch. Den Abschluss der Projektwoche bildet ein gemeinsamer Freitagvormittag, der mit einem Fr\u00fchst\u00fcck im St. Elisabeth-Haus beginnt. Anschlie\u00dfend findet ein Erfahrungsaustausch mit der gesamten Gruppe unter Leitung der Referenten statt. Der abschlie\u00dfende Gottesdienst ist ein w\u00fcrdiger Rahmen der ereignisreichen Woche. Im konfessionell kooperativen Religionsunterricht wird die Projektwoche inhaltlich vorbereitet.<\/p>\n\n\n\n<p>Mittlerweile besteht das Projekt, welches von den ehemaligen Lehrkr\u00e4ften Sefi Kreutzmann und Wilfried Emke ins Leben gerufen wurde, bereits fast 20 Jahre. Im Laufe der Jahre entstanden immer neue Ideen und f\u00fchrten zur Erweiterung des Projektes. So begr\u00fc\u00dft die Realschule w\u00e4hrend der Projektwoche beispielsweise Sch\u00fclerinnen und Sch\u00fcler der Erich-K\u00e4stner-Schule Vechta, um mit ihnen gemeinsam vormittags Aktivit\u00e4ten in der Schule, der Turnhalle oder auch der Schulk\u00fcche zu unternehmen.<\/p>\n\n\n\n<p style=\"font-size:17px\"><strong>Team Fokus Mensch<\/strong><\/p>\n\n\n","protected":false},"excerpt":{"rendered":"<p>&nbsp; Hier geht\u00b4s zum aktuellen Beitrag. \u201eIch habe w\u00e4hrend dieser &hellip; <\/p>\n","protected":false},"author":696,"featured_media":0,"parent":0,"menu_order":56,"comment_status":"closed","ping_status":"closed","template":"","meta":{"footnotes":""},"class_list":["post-62","page","type-page","status-publish","hentry"],"_links":{"self":[{"href":"https:\/\/wordpress.nibis.de\/rslohne\/wp-json\/wp\/v2\/pages\/62","targetHints":{"allow":["GET"]}}],"collection":[{"href":"https:\/\/wordpress.nibis.de\/rslohne\/wp-json\/wp\/v2\/pages"}],"about":[{"href":"https:\/\/wordpress.nibis.de\/rslohne\/wp-json\/wp\/v2\/types\/page"}],"author":[{"embeddable":true,"href":"https:\/\/wordpress.nibis.de\/rslohne\/wp-json\/wp\/v2\/users\/696"}],"replies":[{"embeddable":true,"href":"https:\/\/wordpress.nibis.de\/rslohne\/wp-json\/wp\/v2\/comments?post=62"}],"version-history":[{"count":14,"href":"https:\/\/wordpress.nibis.de\/rslohne\/wp-json\/wp\/v2\/pages\/62\/revisions"}],"predecessor-version":[{"id":4198,"href":"https:\/\/wordpress.nibis.de\/rslohne\/wp-json\/wp\/v2\/pages\/62\/revisions\/4198"}],"wp:attachment":[{"href":"https:\/\/wordpress.nibis.de\/rslohne\/wp-json\/wp\/v2\/media?parent=62"}],"curies":[{"name":"wp","href":"https:\/\/api.w.org\/{rel}","templated":true}]}}