{"id":71,"date":"2015-03-14T10:03:30","date_gmt":"2015-03-14T09:03:30","guid":{"rendered":"http:\/\/wordpress.nibis.de\/rslohne\/?page_id=71"},"modified":"2025-06-24T06:27:11","modified_gmt":"2025-06-24T04:27:11","slug":"schueleraustausch","status":"publish","type":"page","link":"https:\/\/wordpress.nibis.de\/rslohne\/schueleraustausch\/","title":{"rendered":"Sch\u00fcleraustausch"},"content":{"rendered":"\n<h1 class=\"wp-block-heading\">Austausch mit dem College Dreyfus de Rixheim<\/h1>\n\n\n\n<p>Seit nunmehr 35 Jahren pflegt die Realschule Lohne einen regen Austausch mit der Partnerschule \u201eColl\u00e8ge Capitaine Dreyfus\u201c in Rixheim. In mehr oder weniger regelm\u00e4\u00dfigen Abst\u00e4nden fahren zwischen 20 und 25 Sch\u00fclerInnen der Realschule zu Gastfamilien in der Partnerstadt, um zu erleben, wie man in einem anderen Land lebt.<\/p>\n\n\n\n<p>Umgekehrt kommen die entsprechenden Gastsch\u00fclerInnen in \u201eihre\/seine\u201c Gastfamilie, um Lohne kennenzulernen.<\/p>\n\n\n\n<p>In der Regel ist dieser Austausch sehr bereichernd, nicht nur was die Kommunikation in einer anderen Sprache anbelangt, sondern auch, weil man den Mut haben muss, eine Woche ohne die Eltern in ein fremdes Land zu fahren und in einer Gastfamilie zu leben.<\/p>\n\n\n\n<p>Der Lohn ist, ganz viele neue Eindr\u00fccke und Erfahrungen zu sammeln und noch lange davon zu zehren.<\/p>\n\n\n\n<p><a href=\"https:\/\/wordpress.nibis.de\/rslohne\/files\/2025\/06\/Rixheim-Chronik.pdf\">Hier<\/a> geht es zur Chronik des Sch\u00fcleraustauschprogramms.<\/p>\n","protected":false},"excerpt":{"rendered":"<p>Austausch mit dem College Dreyfus de Rixheim Seit nunmehr 35 &hellip; <\/p>\n","protected":false},"author":696,"featured_media":0,"parent":0,"menu_order":54,"comment_status":"closed","ping_status":"closed","template":"","meta":{"footnotes":""},"class_list":["post-71","page","type-page","status-publish","hentry"],"_links":{"self":[{"href":"https:\/\/wordpress.nibis.de\/rslohne\/wp-json\/wp\/v2\/pages\/71","targetHints":{"allow":["GET"]}}],"collection":[{"href":"https:\/\/wordpress.nibis.de\/rslohne\/wp-json\/wp\/v2\/pages"}],"about":[{"href":"https:\/\/wordpress.nibis.de\/rslohne\/wp-json\/wp\/v2\/types\/page"}],"author":[{"embeddable":true,"href":"https:\/\/wordpress.nibis.de\/rslohne\/wp-json\/wp\/v2\/users\/696"}],"replies":[{"embeddable":true,"href":"https:\/\/wordpress.nibis.de\/rslohne\/wp-json\/wp\/v2\/comments?post=71"}],"version-history":[{"count":7,"href":"https:\/\/wordpress.nibis.de\/rslohne\/wp-json\/wp\/v2\/pages\/71\/revisions"}],"predecessor-version":[{"id":3596,"href":"https:\/\/wordpress.nibis.de\/rslohne\/wp-json\/wp\/v2\/pages\/71\/revisions\/3596"}],"wp:attachment":[{"href":"https:\/\/wordpress.nibis.de\/rslohne\/wp-json\/wp\/v2\/media?parent=71"}],"curies":[{"name":"wp","href":"https:\/\/api.w.org\/{rel}","templated":true}]}}