{"id":319,"date":"2020-04-28T10:48:48","date_gmt":"2020-04-28T08:48:48","guid":{"rendered":"https:\/\/wordpress.nibis.de\/sadg\/?page_id=319"},"modified":"2020-05-05T09:04:42","modified_gmt":"2020-05-05T07:04:42","slug":"schulprogramm","status":"publish","type":"page","link":"https:\/\/wordpress.nibis.de\/sadg\/schulprogramm\/","title":{"rendered":"Schulprogramm"},"content":{"rendered":"\n<p class=\"western\">Die Fortschreibung des Schulprogramms der Schule an der Goethestra\u00dfe gibt einen \u00dcberblick \u00fcber die gegenw\u00e4rtige p\u00e4dagogische Arbeit an unserer Bildungseinrichtung und entwickelt Perspektiven f\u00fcr die k\u00fcnftige Arbeit in den sonderp\u00e4dagogischen Handlungsfeldern der Region (Stadt Westerstede und Gemeinde Apen\/ Augustfehn). Im Fortschreibungsprozess unseres Schulprogramms f\u00fchlen wir uns weiterhin den in unserem Leitbild ausgef\u00fchrten Grunds\u00e4tzen verpflichtet.<\/p>\n<p class=\"western\">Das Programm soll dazu beitragen, das Niveau unserer Bildungs- und Erziehungsarbeit auch in Zukunft weiter zu entwickeln und zu sichern. Im Rahmen der Umsetzung der inklusiven Schule wird unser Aufgabenfokus insbesondere auf die Einhaltung der notwendigen sonderp\u00e4dagogischen Standards in diesem gesellschaftlich wichtigen Schulentwicklungsprozess liegen.<\/p>\n<p class=\"western\">Im Schulprogramm werden konkrete Lern- und Arbeitsbedingungen, p\u00e4dagogische Ziele sowie Ma\u00dfnahmen und Ideen zur Umsetzung dieser Ziele beschrieben.<\/p>\n<p class=\"western\">Das Fundament f\u00fcr die Umsetzung unserer Ziele bilden die gegenw\u00e4rtigen Lern-, Lebens- und F\u00f6rderbedingungen, welche wir nicht statisch betrachten. In diesem Wechselwirkungsgef\u00fcge sind wir immer wieder neu gefordert uns aktuellen und zuk\u00fcnftigen Aufgaben zu stellen. Gleichsam bedeutet das f\u00fcr uns die regelm\u00e4\u00dfige \u00dcberpr\u00fcfung und Analyse der gesetzten Ziele und die daraus resultierende Ver\u00e4nderung des Schulprogramms durch entsprechende Fortschreibungen.<\/p>\n<p class=\"western\">Eine feste Gr\u00f6\u00dfe in diesem Prozess ist der Einbezug aller Kolleginnen und Kollegen und aller an der Schule Beteiligten durch Verteilung der Verantwortlichkeiten, Koordinierung der Aufgaben und Kooperation sowohl innerhalb und au\u00dferhalb des Systems Schule. U.a. wollen wir die bisherigen Kooperationen mit den allgemeinbildenden Schulen in unserer Region aufrechterhalten bzw. im Bereich der Sekundarschulen intensivieren. Dar\u00fcber hinaus soll die Zusammenarbeit mit den Kinder- und Jugendhilfeeinrichtungen im Einzugsgebiet fortgef\u00fchrt werden. Alle Aufgaben des F\u00f6rderzentrums lassen sich nur in enger Kooperation und durch verbindliche Absprachen mit den \u00f6rtlichen Schultr\u00e4gern sinnvoll realisieren.<\/p>\n","protected":false},"excerpt":{"rendered":"<p>Die Fortschreibung des Schulprogramms der Schule an der Goethestra\u00dfe gibt einen \u00dcberblick \u00fcber die gegenw\u00e4rtige p\u00e4dagogische Arbeit an unserer Bildungseinrichtung und entwickelt Perspektiven f\u00fcr die k\u00fcnftige Arbeit in den sonderp\u00e4dagogischen Handlungsfeldern der Region (Stadt Westerstede und Gemeinde Apen\/ Augustfehn). Im &hellip; <a href=\"https:\/\/wordpress.nibis.de\/sadg\/schulprogramm\/\">Weiterlesen <span class=\"meta-nav\">&rarr;<\/span><\/a><\/p>\n","protected":false},"author":9192953,"featured_media":0,"parent":0,"menu_order":0,"comment_status":"closed","ping_status":"closed","template":"","meta":{"footnotes":""},"class_list":["post-319","page","type-page","status-publish","hentry"],"_links":{"self":[{"href":"https:\/\/wordpress.nibis.de\/sadg\/wp-json\/wp\/v2\/pages\/319","targetHints":{"allow":["GET"]}}],"collection":[{"href":"https:\/\/wordpress.nibis.de\/sadg\/wp-json\/wp\/v2\/pages"}],"about":[{"href":"https:\/\/wordpress.nibis.de\/sadg\/wp-json\/wp\/v2\/types\/page"}],"author":[{"embeddable":true,"href":"https:\/\/wordpress.nibis.de\/sadg\/wp-json\/wp\/v2\/users\/9192953"}],"replies":[{"embeddable":true,"href":"https:\/\/wordpress.nibis.de\/sadg\/wp-json\/wp\/v2\/comments?post=319"}],"version-history":[{"count":4,"href":"https:\/\/wordpress.nibis.de\/sadg\/wp-json\/wp\/v2\/pages\/319\/revisions"}],"predecessor-version":[{"id":466,"href":"https:\/\/wordpress.nibis.de\/sadg\/wp-json\/wp\/v2\/pages\/319\/revisions\/466"}],"wp:attachment":[{"href":"https:\/\/wordpress.nibis.de\/sadg\/wp-json\/wp\/v2\/media?parent=319"}],"curies":[{"name":"wp","href":"https:\/\/api.w.org\/{rel}","templated":true}]}}