{"id":366,"date":"2020-05-04T13:08:31","date_gmt":"2020-05-04T11:08:31","guid":{"rendered":"https:\/\/wordpress.nibis.de\/sadg\/?page_id=366"},"modified":"2020-05-04T13:12:08","modified_gmt":"2020-05-04T11:12:08","slug":"feststellung-eines-unterstuetzungsbedarf","status":"publish","type":"page","link":"https:\/\/wordpress.nibis.de\/sadg\/feststellung-eines-unterstuetzungsbedarf\/","title":{"rendered":"Feststellung eines Bedarfs an sonderp\u00e4dagogischer Unterst\u00fctzung"},"content":{"rendered":"\n<p>Damit Sch\u00fclerinnen und Sch\u00fcler Unterst\u00fctzung durch eine F\u00f6rderschullehrkraft bekommen oder in eine F\u00f6rderschule wechseln k\u00f6nnen, muss vorher ein entsprechender Bedarf festgestellt werden.<\/p>\n<p>Hierzu gibt es ein festgelegtes Verfahren:<\/p>\n<ul>\n<li>Die Schulleitung der Schule, an der das Kind unterrichtet wird, bekommt eine Mitteilung das ein Unterst\u00fctzungsbedarf vorliegt und wird gebeten das Verfahren einzuleiten. Dies geschieht durch eine Lehrkraft oder auch durch die Eltern<\/li>\n<li>Die Schulleitung beauftragt eine Lehrkraft und gibt die Unterlagen an die F\u00f6rderschule Schule an der Goethestra\u00dfe weiter.<\/li>\n<li>Die F\u00f6rderschule beauftragt ebenfalls eine Lehrkraft.<\/li>\n<li>Beide Lehrkr\u00e4fte erstellen ein F\u00f6rdergutachten und geben Empfehlungen f\u00fcr die weitere F\u00f6rderung und f\u00fcr den weiteren Schulbesuch ab<\/li>\n<li>Die Eltern erhalten das Gutachten zur Einsicht<\/li>\n<li>In einer sogenannten F\u00f6rderkommission treffen sich die beiden Lehrkr\u00e4fte, die Schulleitung und die Eltern, um \u00fcber die Inhalte des F\u00f6rdergutachtens zu sprechen<\/li>\n<li>Die Meinungen und Empfehlungen werden in einem Protokoll festgehalten<\/li>\n<li>Gutachten und Protokoll werden an die Nieders\u00e4chsische Landesschulbeh\u00f6rde verschickt<\/li>\n<li>Die Dezernentin\/Der Dezernent entscheidet \u00fcber den Unterst\u00fctzungsbedarf und teilt dies den Eltern und den Schulen mit<\/li>\n<li>Die Eltern entscheiden nun \u00fcber die Schulform (Grundschule, OBS, IGS, F\u00f6rderschule) und melden ihr Kind dort an<\/li>\n<\/ul>\n","protected":false},"excerpt":{"rendered":"<p>Damit Sch\u00fclerinnen und Sch\u00fcler Unterst\u00fctzung durch eine F\u00f6rderschullehrkraft bekommen oder in eine F\u00f6rderschule wechseln k\u00f6nnen, muss vorher ein entsprechender Bedarf festgestellt werden. Hierzu gibt es ein festgelegtes Verfahren: Die Schulleitung der Schule, an der das Kind unterrichtet wird, bekommt eine &hellip; <a href=\"https:\/\/wordpress.nibis.de\/sadg\/feststellung-eines-unterstuetzungsbedarf\/\">Weiterlesen <span class=\"meta-nav\">&rarr;<\/span><\/a><\/p>\n","protected":false},"author":9192953,"featured_media":0,"parent":0,"menu_order":0,"comment_status":"closed","ping_status":"closed","template":"","meta":{"footnotes":""},"class_list":["post-366","page","type-page","status-publish","hentry"],"_links":{"self":[{"href":"https:\/\/wordpress.nibis.de\/sadg\/wp-json\/wp\/v2\/pages\/366","targetHints":{"allow":["GET"]}}],"collection":[{"href":"https:\/\/wordpress.nibis.de\/sadg\/wp-json\/wp\/v2\/pages"}],"about":[{"href":"https:\/\/wordpress.nibis.de\/sadg\/wp-json\/wp\/v2\/types\/page"}],"author":[{"embeddable":true,"href":"https:\/\/wordpress.nibis.de\/sadg\/wp-json\/wp\/v2\/users\/9192953"}],"replies":[{"embeddable":true,"href":"https:\/\/wordpress.nibis.de\/sadg\/wp-json\/wp\/v2\/comments?post=366"}],"version-history":[{"count":3,"href":"https:\/\/wordpress.nibis.de\/sadg\/wp-json\/wp\/v2\/pages\/366\/revisions"}],"predecessor-version":[{"id":371,"href":"https:\/\/wordpress.nibis.de\/sadg\/wp-json\/wp\/v2\/pages\/366\/revisions\/371"}],"wp:attachment":[{"href":"https:\/\/wordpress.nibis.de\/sadg\/wp-json\/wp\/v2\/media?parent=366"}],"curies":[{"name":"wp","href":"https:\/\/api.w.org\/{rel}","templated":true}]}}