{"id":45,"date":"2019-08-27T08:54:22","date_gmt":"2019-08-27T06:54:22","guid":{"rendered":"https:\/\/wordpress.nibis.de\/sadg\/?page_id=45"},"modified":"2020-05-04T11:46:48","modified_gmt":"2020-05-04T09:46:48","slug":"unsere-schule","status":"publish","type":"page","link":"https:\/\/wordpress.nibis.de\/sadg\/unsere-schule\/","title":{"rendered":"Unsere Schule"},"content":{"rendered":"\n<h4><em>Die Schule an der Goethestra\u00dfe ist eine F\u00f6rderschule mit dem Schwerpunkt Lernen. Wir unterrichten\u00a0 an unserer Schule Sch\u00fclerinnen und Sch\u00fcler mit einem Unterst\u00fctzungsbedarf im Bereich Lernen in den Klassenstufen 5 bis 10.<\/em><br \/><br \/><em>In den Klassen werden bis zu 15 Sch\u00fclerinnen und Sch\u00fcler angelehnt an die Unterrichtsinhalte der OBS unterrichtet, es gibt an unserer Schule dementsprechend den gleichen F\u00e4cherkanon und gleichwertige Zeugnisse.\u00a0 An der Schule an der Goethestrasse besteht seit einigen Jahren ebenfalls die M\u00f6glichkeit nach einem freiwilligen 10. Schuljahr einen Hauptschulabschluss zu erwerben.<\/em><br \/><br \/><em>Die Stadt Westerstede als Schultr\u00e4ger unterst\u00fctzt uns sehr in unserer Arbeit. Das Schulgel\u00e4nde wurde in diesem Fr\u00fchjahr gro\u00dffl\u00e4chig umgestaltet. Innerhalb des Schulgeb\u00e4udes wird aktuell\u00a0 vieles erneuert und ebenfalls umgestaltet. Im n\u00e4chsten Schuljahr f\u00fchren wir in allen Klassen die Arbeit mit Tablets ein, die notwendigen Vorbereitungen haben bereits begonnen.<\/em><\/h4>\n","protected":false},"excerpt":{"rendered":"<p>Die Schule an der Goethestra\u00dfe ist eine F\u00f6rderschule mit dem Schwerpunkt Lernen. Wir unterrichten\u00a0 an unserer Schule Sch\u00fclerinnen und Sch\u00fcler mit einem Unterst\u00fctzungsbedarf im Bereich Lernen in den Klassenstufen 5 bis 10. In den Klassen werden bis zu 15 Sch\u00fclerinnen &hellip; <a href=\"https:\/\/wordpress.nibis.de\/sadg\/unsere-schule\/\">Weiterlesen <span class=\"meta-nav\">&rarr;<\/span><\/a><\/p>\n","protected":false},"author":9192953,"featured_media":0,"parent":0,"menu_order":0,"comment_status":"closed","ping_status":"closed","template":"","meta":{"footnotes":""},"class_list":["post-45","page","type-page","status-publish","hentry"],"_links":{"self":[{"href":"https:\/\/wordpress.nibis.de\/sadg\/wp-json\/wp\/v2\/pages\/45","targetHints":{"allow":["GET"]}}],"collection":[{"href":"https:\/\/wordpress.nibis.de\/sadg\/wp-json\/wp\/v2\/pages"}],"about":[{"href":"https:\/\/wordpress.nibis.de\/sadg\/wp-json\/wp\/v2\/types\/page"}],"author":[{"embeddable":true,"href":"https:\/\/wordpress.nibis.de\/sadg\/wp-json\/wp\/v2\/users\/9192953"}],"replies":[{"embeddable":true,"href":"https:\/\/wordpress.nibis.de\/sadg\/wp-json\/wp\/v2\/comments?post=45"}],"version-history":[{"count":3,"href":"https:\/\/wordpress.nibis.de\/sadg\/wp-json\/wp\/v2\/pages\/45\/revisions"}],"predecessor-version":[{"id":343,"href":"https:\/\/wordpress.nibis.de\/sadg\/wp-json\/wp\/v2\/pages\/45\/revisions\/343"}],"wp:attachment":[{"href":"https:\/\/wordpress.nibis.de\/sadg\/wp-json\/wp\/v2\/media?parent=45"}],"curies":[{"name":"wp","href":"https:\/\/api.w.org\/{rel}","templated":true}]}}