{"id":52,"date":"2019-08-27T09:05:21","date_gmt":"2019-08-27T07:05:21","guid":{"rendered":"https:\/\/wordpress.nibis.de\/sadg\/?page_id=52"},"modified":"2020-05-05T09:31:00","modified_gmt":"2020-05-05T07:31:00","slug":"leitbild","status":"publish","type":"page","link":"https:\/\/wordpress.nibis.de\/sadg\/leitbild\/","title":{"rendered":"Leitbild"},"content":{"rendered":"\n<p><span style=\"color: #000000\"><span style=\"font-family: Arial, serif\"><span style=\"font-size: medium\"><b>1. Unsere Schule ist f\u00fcr alle Kinder und P\u00e4dagogen ein Haus des Lebens, Lernens und Lehrens, in dem sich jeder wohl f\u00fchlen kann.<\/b><\/span><\/span><\/span><b> <\/b><\/p>\n<ul>\n<li>\n<p><span style=\"color: #000000\"><span style=\"font-family: Arial, serif\"><span style=\"font-size: medium\">In diesem Sinne gestalten die Schulleitung, die Lehrkr\u00e4fte, die Mitarbeiterinnen und Mitarbeiter, die Sch\u00fclerinnen und Sch\u00fcler und die Eltern das Schulleben in gemeinsamer Verantwortung. <\/span><\/span><\/span><\/p>\n<\/li>\n<li>\n<p><span style=\"color: #000000\"><span style=\"font-family: Arial, serif\"><span style=\"font-size: medium\">Es gibt verbindliche Regeln des Zusammenlebens. <\/span><\/span><\/span><\/p>\n<\/li>\n<li>\n<p><span style=\"color: #000000\"><span style=\"font-family: Arial, serif\"><span style=\"font-size: medium\">Die vertrauensvolle Zusammenarbeit mit den Eltern und den Erzieherinnen und Erziehern hat f\u00fcr uns eine zentrale Bedeutung.<\/span><\/span><\/span><\/p>\n<\/li>\n<\/ul>\n<p><span style=\"color: #000000\"><span style=\"font-family: Arial, serif\"><span style=\"font-size: medium\"><b>2. Unsere wichtigsten Aufgaben sind Erziehung und Grundbildung f\u00fcr alle Sch\u00fclerinnen und Sch\u00fcler.<\/b><\/span><\/span><\/span><b> <\/b><\/p>\n<ul>\n<li>\n<p><span style=\"color: #000000\"><span style=\"font-family: Arial, serif\"><span style=\"font-size: medium\">Hierbei ist die emotionale Unterst\u00fctzung der Kinder und die Vermittlung und Ausbildung sozialer Kompetenzen eine wesentliche Voraussetzung.<\/span><\/span><\/span><\/p>\n<\/li>\n<li>\n<p><span style=\"color: #000000\"><span style=\"font-family: Arial, serif\"><span style=\"font-size: medium\">Wir wollen die Sch\u00fclerinnen und Sch\u00fcler mit ihren Schw\u00e4chen annehmen und ihre St\u00e4rken im Sinne von Chancengerechtigkeit f\u00f6rdern. <\/span><\/span><\/span><\/p>\n<\/li>\n<li>\n<p><span style=\"color: #000000\"><span style=\"font-family: Arial, serif\"><span style=\"font-size: medium\">Unsere Aufgabe ist es, individuell angemessene Lernangebote zu gestalten, die den Sch\u00fclerinnen und Sch\u00fclern positive Lern- und Entwicklungsprozesse erm\u00f6glichen. <\/span><\/span><\/span><\/p>\n<\/li>\n<li>\n<p><span style=\"color: #000000\"><span style=\"font-family: Arial, serif\"><span style=\"font-size: medium\">Wir wollen diese Lernangebote soweit m\u00f6glich in der den Kindern vertrauten Umgebung der Regelschule umsetzen.<\/span><\/span><\/span><\/p>\n<\/li>\n<li>\n<p><span style=\"color: #000000\"><span style=\"font-family: Arial, serif\"><span style=\"font-size: medium\">Wir f\u00fchlen uns dem Grundgedanken eines \u201eLernens unter einem Dach\u201c f\u00fcr alle Kinder mit Hilfe unseres Regionalen Integrationskonzeptes (RIK) verpflichtet.<\/span><\/span><\/span><\/p>\n<\/li>\n<li>\n<p><span style=\"color: #000000\"><span style=\"font-family: Arial, serif\"><span style=\"font-size: medium\">Wir wollen die Sch\u00fclerinnen und Sch\u00fcler darin unterst\u00fctzen, nach der Beendigung unserer Schule ein weitgehend selbst verantwortetes Leben in den Bereichen Freizeit, Familie und Erwerb f\u00fchren zu k\u00f6nnen.<\/span><\/span><\/span><\/p>\n<\/li>\n<\/ul>\n<p><span style=\"color: #000000\"><span style=\"font-family: Arial, serif\"><span style=\"font-size: medium\"><b>3. Wir begegnen den Sch\u00fclerinnen und Sch\u00fclern zugewandt, freundlich und mit Respekt und sind uns unserer Rolle als Vorbild bewusst.<\/b><\/span><\/span><\/span><b> <\/b><\/p>\n<ul>\n<li>\n<p><span style=\"color: #000000\"><span style=\"font-family: Arial, serif\"><span style=\"font-size: medium\">Wir erwarten von den Sch\u00fclerinnen und Sch\u00fclern sowie von den Eltern, dass sie durch R\u00fccksichtnahme und Respekt zur Atmosph\u00e4re positiven und kreativen Lernens an der Schule beitragen.<\/span><\/span><\/span><\/p>\n<\/li>\n<\/ul>\n<p><span style=\"color: #000000\"><span style=\"font-family: Arial, serif\"><span style=\"font-size: medium\"><b>4. In unserem Beruf bilden wir uns regelm\u00e4\u00dfig weiter, tauschen uns mit Kolleginnen und Kollegen im Team aus und nehmen aktiv an der Fortentwicklung unserer Schule teil.<\/b><\/span><\/span><\/span><\/p>\n<p><span style=\"color: #000000\"><span style=\"font-family: Arial, serif\"><span style=\"font-size: medium\"><b>5. Zu einer angenehmen und anregenden Lernatmosph\u00e4re tragen auch die Schulgestaltung und die Ausstattung unserer Schule mit Lehr- und Lernmitteln bei.<\/b><\/span><\/span><\/span><\/p>\n<ul>\n<li>\n<p><span style=\"color: #000000\"><span style=\"font-family: Arial, serif\"><span style=\"font-size: medium\">Mit allen Beteiligten bem\u00fchen wir uns, die Rahmenbedingungen schulischen Lernens zu verbessern und suchen in der Zusammenarbeit mit der Schulbeh\u00f6rde, dem Schultr\u00e4ger und dem F\u00f6rderverein die n\u00f6tige Unterst\u00fctzung.<\/span><\/span><\/span><\/p>\n<\/li>\n<\/ul>\n<p><span style=\"color: #000000\"><span style=\"font-family: Arial, serif\"><span style=\"font-size: medium\"><b>6. Wir kooperieren mit Kinderg\u00e4rten und weiterf\u00fchrenden Schulen sowie mit allen au\u00dferschulischen Partnern, die f\u00fcr Kinder und Jugendliche verantwortlich sind und sich engagieren.<\/b><\/span><\/span><\/span><\/p>\n","protected":false},"excerpt":{"rendered":"<p>1. Unsere Schule ist f\u00fcr alle Kinder und P\u00e4dagogen ein Haus des Lebens, Lernens und Lehrens, in dem sich jeder wohl f\u00fchlen kann. In diesem Sinne gestalten die Schulleitung, die Lehrkr\u00e4fte, die Mitarbeiterinnen und Mitarbeiter, die Sch\u00fclerinnen und Sch\u00fcler und &hellip; <a href=\"https:\/\/wordpress.nibis.de\/sadg\/leitbild\/\">Weiterlesen <span class=\"meta-nav\">&rarr;<\/span><\/a><\/p>\n","protected":false},"author":9192953,"featured_media":0,"parent":0,"menu_order":0,"comment_status":"closed","ping_status":"closed","template":"","meta":{"footnotes":""},"class_list":["post-52","page","type-page","status-publish","hentry"],"_links":{"self":[{"href":"https:\/\/wordpress.nibis.de\/sadg\/wp-json\/wp\/v2\/pages\/52","targetHints":{"allow":["GET"]}}],"collection":[{"href":"https:\/\/wordpress.nibis.de\/sadg\/wp-json\/wp\/v2\/pages"}],"about":[{"href":"https:\/\/wordpress.nibis.de\/sadg\/wp-json\/wp\/v2\/types\/page"}],"author":[{"embeddable":true,"href":"https:\/\/wordpress.nibis.de\/sadg\/wp-json\/wp\/v2\/users\/9192953"}],"replies":[{"embeddable":true,"href":"https:\/\/wordpress.nibis.de\/sadg\/wp-json\/wp\/v2\/comments?post=52"}],"version-history":[{"count":6,"href":"https:\/\/wordpress.nibis.de\/sadg\/wp-json\/wp\/v2\/pages\/52\/revisions"}],"predecessor-version":[{"id":473,"href":"https:\/\/wordpress.nibis.de\/sadg\/wp-json\/wp\/v2\/pages\/52\/revisions\/473"}],"wp:attachment":[{"href":"https:\/\/wordpress.nibis.de\/sadg\/wp-json\/wp\/v2\/media?parent=52"}],"curies":[{"name":"wp","href":"https:\/\/api.w.org\/{rel}","templated":true}]}}