{"id":54,"date":"2019-08-27T09:06:35","date_gmt":"2019-08-27T07:06:35","guid":{"rendered":"https:\/\/wordpress.nibis.de\/sadg\/?page_id=54"},"modified":"2023-09-19T08:48:10","modified_gmt":"2023-09-19T06:48:10","slug":"foerderverein","status":"publish","type":"page","link":"https:\/\/wordpress.nibis.de\/sadg\/foerderverein\/","title":{"rendered":"F\u00f6rderverein"},"content":{"rendered":"\n<p>Gem\u00e4\u00df seiner Satzung will der \u201eVerein zur gemeinn\u00fctzigen F\u00f6rderung der Sondersch\u00fcler \u2013 Westerstede \u2013 Apen e. V.\u201c vor allem Sch\u00fcler und deren Familien unterst\u00fctzen, die nicht in der Lage sind, bei bestimmten Anl\u00e4ssen das notwendige Geld daf\u00fcr aufzubringen.<\/p>\n<p>So konnte der Verein in den vergangenen Jahren in zahlreichen F\u00e4llen eine Unterst\u00fctzung f\u00fcr Klassenfahrten, Ausfl\u00fcgen, Feiern u. dgl. gew\u00e4hren.<\/p>\n<p>Dar\u00fcber hinaus stellte der Verein f\u00fcr die Anschaffung von Sachmitteln, die den Sch\u00fclern in der Schule zugutekommen (Spielger\u00e4te, PCs, Werkzeuge u.a.) Geld zur Verf\u00fcgung.<\/p>\n<p>Die Leistungen werden in erster Linie von den Mitgliedsbeitr\u00e4gen finanziert.<\/p>\n<p><strong>Die Schule an der Goethestra\u00dfe ist auslaufend, daher werden keine neuen Mitglieder in den F\u00f6rderverein aufgenommen. <\/strong><\/p>\n<p>\u00a0<\/p>\n","protected":false},"excerpt":{"rendered":"<p>Gem\u00e4\u00df seiner Satzung will der \u201eVerein zur gemeinn\u00fctzigen F\u00f6rderung der Sondersch\u00fcler \u2013 Westerstede \u2013 Apen e. V.\u201c vor allem Sch\u00fcler und deren Familien unterst\u00fctzen, die nicht in der Lage sind, bei bestimmten Anl\u00e4ssen das notwendige Geld daf\u00fcr aufzubringen. So konnte &hellip; <a href=\"https:\/\/wordpress.nibis.de\/sadg\/foerderverein\/\">Weiterlesen <span class=\"meta-nav\">&rarr;<\/span><\/a><\/p>\n","protected":false},"author":9192953,"featured_media":0,"parent":0,"menu_order":0,"comment_status":"closed","ping_status":"closed","template":"","meta":{"footnotes":""},"class_list":["post-54","page","type-page","status-publish","hentry"],"_links":{"self":[{"href":"https:\/\/wordpress.nibis.de\/sadg\/wp-json\/wp\/v2\/pages\/54","targetHints":{"allow":["GET"]}}],"collection":[{"href":"https:\/\/wordpress.nibis.de\/sadg\/wp-json\/wp\/v2\/pages"}],"about":[{"href":"https:\/\/wordpress.nibis.de\/sadg\/wp-json\/wp\/v2\/types\/page"}],"author":[{"embeddable":true,"href":"https:\/\/wordpress.nibis.de\/sadg\/wp-json\/wp\/v2\/users\/9192953"}],"replies":[{"embeddable":true,"href":"https:\/\/wordpress.nibis.de\/sadg\/wp-json\/wp\/v2\/comments?post=54"}],"version-history":[{"count":8,"href":"https:\/\/wordpress.nibis.de\/sadg\/wp-json\/wp\/v2\/pages\/54\/revisions"}],"predecessor-version":[{"id":654,"href":"https:\/\/wordpress.nibis.de\/sadg\/wp-json\/wp\/v2\/pages\/54\/revisions\/654"}],"wp:attachment":[{"href":"https:\/\/wordpress.nibis.de\/sadg\/wp-json\/wp\/v2\/media?parent=54"}],"curies":[{"name":"wp","href":"https:\/\/api.w.org\/{rel}","templated":true}]}}