{"id":56,"date":"2019-08-27T09:07:04","date_gmt":"2019-08-27T07:07:04","guid":{"rendered":"https:\/\/wordpress.nibis.de\/sadg\/?page_id=56"},"modified":"2020-05-05T09:34:46","modified_gmt":"2020-05-05T07:34:46","slug":"schulordnung","status":"publish","type":"page","link":"https:\/\/wordpress.nibis.de\/sadg\/schulordnung\/","title":{"rendered":"Schulordnung"},"content":{"rendered":"\n<p><span style=\"font-family: Arial, serif\"><span style=\"font-size: medium\"><b>Wir sind alle daran beteiligt, unsere Schule zu einem Ort zu machen, an dem sich alle Kinder, Jugendliche und Erwachsene wohl f\u00fchlen sollen.<\/b><\/span><\/span><\/p>\n<p><span style=\"font-family: Arial, serif\"><span style=\"font-size: small\"><b>I. Achtsamer Umgang mit unseren Mitmenschen<\/b><\/span><\/span><\/p>\n<ul>\n<li>\n<p><span style=\"font-family: Arial, serif\"><span style=\"font-size: small\">Wir behandeln andere so, wie wir selbst behandelt werden wollen<\/span><\/span><\/p>\n<\/li>\n<li>\n<p><span style=\"font-family: Arial, serif\"><span style=\"font-size: small\">Wir gehen friedfertig miteinander um<\/span><\/span><\/p>\n<\/li>\n<li>\n<p><span style=\"font-family: Arial, serif\"><span style=\"font-size: small\">Wir l\u00f6sen Auseinandersetzungen in Gespr\u00e4chen<\/span><\/span><\/p>\n<\/li>\n<\/ul>\n<p><span style=\"font-family: Arial, serif\"><span style=\"font-size: small\"><b>II. Verhalten bei Arbeit und Unterricht<\/b><\/span><\/span><\/p>\n<ul>\n<li>\n<p><span style=\"font-family: Arial, serif\"><span style=\"font-size: small\">Der Unterricht beginnt p\u00fcnktlich<\/span><\/span><\/p>\n<\/li>\n<li>\n<p><span style=\"font-family: Arial, serif\"><span style=\"font-size: small\">Der Unterricht findet in ruhiger und angemessener Arbeitsatmosph\u00e4re statt<\/span><\/span><\/p>\n<\/li>\n<li>\n<p><span style=\"font-family: Arial, serif\"><span style=\"font-size: small\">Hauaufgaben werden rechtzeitig und sorgf\u00e4ltig angefertigt<\/span><\/span><\/p>\n<\/li>\n<li>\n<p><span style=\"font-family: Arial, serif\"><span style=\"font-size: small\">Arbeitsmaterial ist vollst\u00e4ndig und ordentlich vorhanden<\/span><\/span><\/p>\n<\/li>\n<\/ul>\n<p><span style=\"font-family: Arial, serif\"><span style=\"font-size: small\"><b>III. Achtsamer Umgang mit Sachen<\/b><\/span><\/span><\/p>\n<ul>\n<li>\n<p><span style=\"font-family: Arial, serif\"><span style=\"font-size: small\">Wir achten darauf, dass alle Bereiche der Schule sauber und im ordentlichen Zustand sind<\/span><\/span><\/p>\n<\/li>\n<li>\n<p><span style=\"font-family: Arial, serif\"><span style=\"font-size: small\">Wir nehmen und benutzen nur Sachen, wenn wir uns sicher sind, dass wir die Erlaubnis dazu haben<\/span><\/span><\/p>\n<\/li>\n<li>\n<p><span style=\"font-family: Arial, serif\"><span style=\"font-size: small\">Wir tragen aktiv dazu bei, dass unsere Schule in einem guten Zustand ist<\/span><\/span><\/p>\n<\/li>\n<\/ul>\n<p><span style=\"font-family: Arial, serif\"><span style=\"font-size: small\"><b>Wir dulden an unserer Schule ausdr\u00fccklich keine<\/b><\/span><\/span><\/p>\n<ul>\n<li>\n<p><a name=\"_GoBack\"><\/a> <span style=\"font-family: Arial, serif\"><span style=\"font-size: small\">Drogen, in jeglicher Form<\/span><\/span><\/p>\n<\/li>\n<li>\n<p><span style=\"font-family: Arial, serif\"><span style=\"font-size: small\">Rassistische und gewaltverherrlichen \u00c4u\u00dferungen und Medien<\/span><\/span><\/p>\n<\/li>\n<li>\n<p><span style=\"font-family: Arial, serif\"><span style=\"font-size: small\">Waffen<\/span><\/span><\/p>\n<\/li>\n<\/ul>\n<p><span style=\"font-family: Arial, serif\"><span style=\"font-size: small\">Wir wollen hier erfolgreich lernen, arbeiten und gern mit anderen zusammen sein. Um das zu erreichen, m\u00fcssen wir h\u00f6flich und freundlich miteinander umgehen. Wir begegnen uns mit R\u00fccksicht, Respekt und Fairness. Jeder ist f\u00fcr sein Handeln selbst verantwortlich. Damit das Zusammenleben so vieler verschiedener Menschen gelingen kann, m\u00fcssen wir uns an die vereinbarten Regeln halten.<\/span><\/span><\/p>\n<p><!--more--><a href=\"https:\/\/wordpress.nibis.de\/sadg\/files\/2020\/05\/Schulordnung.odt\">Schulordnung<\/a><\/p>\n","protected":false},"excerpt":{"rendered":"<p>Wir sind alle daran beteiligt, unsere Schule zu einem Ort zu machen, an dem sich alle Kinder, Jugendliche und Erwachsene wohl f\u00fchlen sollen. I. Achtsamer Umgang mit unseren Mitmenschen Wir behandeln andere so, wie wir selbst behandelt werden wollen Wir &hellip; <a href=\"https:\/\/wordpress.nibis.de\/sadg\/schulordnung\/\">Weiterlesen <span class=\"meta-nav\">&rarr;<\/span><\/a><\/p>\n","protected":false},"author":9192953,"featured_media":0,"parent":0,"menu_order":0,"comment_status":"closed","ping_status":"closed","template":"","meta":{"footnotes":""},"class_list":["post-56","page","type-page","status-publish","hentry"],"_links":{"self":[{"href":"https:\/\/wordpress.nibis.de\/sadg\/wp-json\/wp\/v2\/pages\/56","targetHints":{"allow":["GET"]}}],"collection":[{"href":"https:\/\/wordpress.nibis.de\/sadg\/wp-json\/wp\/v2\/pages"}],"about":[{"href":"https:\/\/wordpress.nibis.de\/sadg\/wp-json\/wp\/v2\/types\/page"}],"author":[{"embeddable":true,"href":"https:\/\/wordpress.nibis.de\/sadg\/wp-json\/wp\/v2\/users\/9192953"}],"replies":[{"embeddable":true,"href":"https:\/\/wordpress.nibis.de\/sadg\/wp-json\/wp\/v2\/comments?post=56"}],"version-history":[{"count":6,"href":"https:\/\/wordpress.nibis.de\/sadg\/wp-json\/wp\/v2\/pages\/56\/revisions"}],"predecessor-version":[{"id":476,"href":"https:\/\/wordpress.nibis.de\/sadg\/wp-json\/wp\/v2\/pages\/56\/revisions\/476"}],"wp:attachment":[{"href":"https:\/\/wordpress.nibis.de\/sadg\/wp-json\/wp\/v2\/media?parent=56"}],"curies":[{"name":"wp","href":"https:\/\/api.w.org\/{rel}","templated":true}]}}