{"id":603,"date":"2022-11-24T11:44:36","date_gmt":"2022-11-24T10:44:36","guid":{"rendered":"https:\/\/wordpress.nibis.de\/sadg\/?page_id=603"},"modified":"2022-11-24T11:44:36","modified_gmt":"2022-11-24T10:44:36","slug":"pflanzen-im-schulgarten-gurke","status":"publish","type":"page","link":"https:\/\/wordpress.nibis.de\/sadg\/pflanzen-im-schulgarten-gurke\/","title":{"rendered":"Pflanzen im Schulgarten: Gurke"},"content":{"rendered":"\n<figure class=\"wp-block-image size-full\"><img loading=\"lazy\" decoding=\"async\" width=\"275\" height=\"183\" src=\"https:\/\/wordpress.nibis.de\/sadg\/files\/2022\/11\/Gurke.png\" alt=\"\" class=\"wp-image-604\" \/><figcaption>Bildquelle: https:\/\/pixnio.com\/de\/media\/gurke-kuchentisch-salat-scheiben-gemuse<\/figcaption><\/figure>\n\n\n\n<p><strong>Saat-\/Pflanzung\/Ernte:<\/strong><\/p>\n\n\n\n<p>Aussaat innen: ab April \/Mai bei mindestens 10\u201412 grad,&nbsp; viel Licht und hoher Luftfeuchtigkeit<\/p>\n\n\n\n<p>Im Freiland: ab Ende Mai bis Juni.<\/p>\n\n\n\n<p>Pflanzung: Ende Mai bis Mitte Juni ins Freiland.<\/p>\n\n\n\n<p>Ernte: Juli bis September.<\/p>\n\n\n\n<p><strong>Aussaat:<\/strong><strong><\/strong><\/p>\n\n\n\n<p>Alle 60cm 2\u20143 Samen 2\u20143 cm tief auslegen und mit lockerer Erde bedecken. Ggf. vereinzeln und pikieren.<\/p>\n\n\n\n<p>Pflanzung: Gurken\u2014Pflanzen etwas schr\u00e4g in eine ca. 10cm tiefe Furche setzen, wenn sie als Bodendecker wachsen sollen, danach leicht mulchen.Platzsparender ist der Anbau an senkrecht gespannten Netzen, an St\u00e4bchen oder Z\u00e4unen. Werden Saat und Pflanzung kombiniert, verl\u00e4ngert sich der Erntezeitraum.<\/p>\n\n\n\n<p><strong><em>Pflege<\/em><\/strong><\/p>\n\n\n\n<p>Mulchen. Jungpflanzen \u00f6fter fein mit ,,Zauberstaub\u201c bestreuen. Falls gegossen wird, die Bl\u00e4tter nicht benetzen. In Mischkultur als Bodendecker verwenden, nicht an anderen Pflanzen hochranken lassen. Triebe ins Beet zur\u00fccklegen. Regelm\u00e4\u00dfig vom Weg aus Ernten, nicht auf die Pflanzen treten. Bei vertikaler Kultur die abstehen und h\u00e4ngen Triebe in die Rankhilfen einflechten.<\/p>\n\n\n\n<p><strong><em>Gute Nachbarn<\/em><\/strong><\/p>\n\n\n\n<p>Bete und Mangelgold, Bohnen, Erbse, Fenchel, Kohl, Knoblauch, Mais, Porree, Salat, Sellerie, Zwiebel.<\/p>\n\n\n\n<p><strong><em>Schlechte Nachbarn :<\/em><\/strong><\/p>\n\n\n\n<p>Kartoffel, Radieschen und Tomate.<\/p>\n\n\n\n<p>Quelle: Acker e.V.<\/p>\n","protected":false},"excerpt":{"rendered":"<p>Saat-\/Pflanzung\/Ernte: Aussaat innen: ab April \/Mai bei mindestens 10\u201412 grad,&nbsp; viel Licht und hoher Luftfeuchtigkeit Im Freiland: ab Ende Mai bis Juni. Pflanzung: Ende Mai bis Mitte Juni ins Freiland. Ernte: Juli bis September. Aussaat: Alle 60cm 2\u20143 Samen 2\u20143 &hellip; <a href=\"https:\/\/wordpress.nibis.de\/sadg\/pflanzen-im-schulgarten-gurke\/\">Weiterlesen <span class=\"meta-nav\">&rarr;<\/span><\/a><\/p>\n","protected":false},"author":9192953,"featured_media":0,"parent":0,"menu_order":0,"comment_status":"closed","ping_status":"closed","template":"","meta":{"footnotes":""},"class_list":["post-603","page","type-page","status-publish","hentry"],"_links":{"self":[{"href":"https:\/\/wordpress.nibis.de\/sadg\/wp-json\/wp\/v2\/pages\/603","targetHints":{"allow":["GET"]}}],"collection":[{"href":"https:\/\/wordpress.nibis.de\/sadg\/wp-json\/wp\/v2\/pages"}],"about":[{"href":"https:\/\/wordpress.nibis.de\/sadg\/wp-json\/wp\/v2\/types\/page"}],"author":[{"embeddable":true,"href":"https:\/\/wordpress.nibis.de\/sadg\/wp-json\/wp\/v2\/users\/9192953"}],"replies":[{"embeddable":true,"href":"https:\/\/wordpress.nibis.de\/sadg\/wp-json\/wp\/v2\/comments?post=603"}],"version-history":[{"count":1,"href":"https:\/\/wordpress.nibis.de\/sadg\/wp-json\/wp\/v2\/pages\/603\/revisions"}],"predecessor-version":[{"id":605,"href":"https:\/\/wordpress.nibis.de\/sadg\/wp-json\/wp\/v2\/pages\/603\/revisions\/605"}],"wp:attachment":[{"href":"https:\/\/wordpress.nibis.de\/sadg\/wp-json\/wp\/v2\/media?parent=603"}],"curies":[{"name":"wp","href":"https:\/\/api.w.org\/{rel}","templated":true}]}}