{"id":607,"date":"2022-11-24T13:30:46","date_gmt":"2022-11-24T12:30:46","guid":{"rendered":"https:\/\/wordpress.nibis.de\/sadg\/?page_id=607"},"modified":"2022-11-24T13:30:46","modified_gmt":"2022-11-24T12:30:46","slug":"pflanzen-im-schulgarten-moehre","status":"publish","type":"page","link":"https:\/\/wordpress.nibis.de\/sadg\/pflanzen-im-schulgarten-moehre\/","title":{"rendered":"Pflanzen im Schulgarten: M\u00f6hre"},"content":{"rendered":"\n<figure class=\"wp-block-image size-large\"><img loading=\"lazy\" decoding=\"async\" width=\"1024\" height=\"675\" src=\"https:\/\/wordpress.nibis.de\/sadg\/files\/2022\/11\/Moehre-1024x675.png\" alt=\"\" class=\"wp-image-608\" \/><figcaption>Bildquelle: https:\/\/ccnull.de\/foto\/karotten-auf-einem-holztisch\/1038099<\/figcaption><\/figure>\n\n\n\n<p><a><strong>Herkunft<\/strong><\/a>:<\/p>\n\n\n\n<p>Urspr\u00fcnglich kommen die wilden M\u00f6hren nur in Europa, Asien und Nord-Afrika vor. Dieses Areal ist schon derart riesig , dass sich innerhalb der Art sehr viele Unterarten gebildet haben.<\/p>\n\n\n\n<p>Die haupts\u00e4chlich gehandelten ,,modernen orangeroten M\u00f6hren bzw. Mohrr\u00fcben werden mundartlich auch Gelbe R\u00fcbe genannt , Maidele oder Schlichtwurzeln.<\/p>\n\n\n\n<p><strong>Aussehen<\/strong>: M\u00f6hren gab und gibt es bis heute in ganz unterschiedlichen Farbe so in reinem Wei\u00df ,gelb, orange, dunkelrot, rosa , Purpurrot und dunkelviolett bis fast blauschwarz .<\/p>\n\n\n\n<p><strong>Schlechte Nachbarn:<\/strong><\/p>\n\n\n\n<p>Neuumbruch , Bete , und Mangold , Fenchel , Pastinake und Petersilie.<\/p>\n\n\n\n<p><strong>Erntezeit: <\/strong>geerntet wird vom Juli bis November.<\/p>\n\n\n\n<p><strong>Planzzeit<\/strong>: Aussaat: Februar bis Anfang Juli.<\/p>\n\n\n\n<p><strong>Gute Nachbarn<\/strong>:<\/p>\n\n\n\n<p>Endivie, Erbsen , Knoblauch, Porree , Radieschen, Salat , Schwarzwurzeln , Spinat , Tomaten , Zichorie, Zwiebeln.<\/p>\n\n\n\n<p>Quelle: Acker e.V.<\/p>\n","protected":false},"excerpt":{"rendered":"<p>Herkunft: Urspr\u00fcnglich kommen die wilden M\u00f6hren nur in Europa, Asien und Nord-Afrika vor. Dieses Areal ist schon derart riesig , dass sich innerhalb der Art sehr viele Unterarten gebildet haben. Die haupts\u00e4chlich gehandelten ,,modernen orangeroten M\u00f6hren bzw. Mohrr\u00fcben werden mundartlich &hellip; <a href=\"https:\/\/wordpress.nibis.de\/sadg\/pflanzen-im-schulgarten-moehre\/\">Weiterlesen <span class=\"meta-nav\">&rarr;<\/span><\/a><\/p>\n","protected":false},"author":9192953,"featured_media":0,"parent":0,"menu_order":0,"comment_status":"closed","ping_status":"closed","template":"","meta":{"footnotes":""},"class_list":["post-607","page","type-page","status-publish","hentry"],"_links":{"self":[{"href":"https:\/\/wordpress.nibis.de\/sadg\/wp-json\/wp\/v2\/pages\/607","targetHints":{"allow":["GET"]}}],"collection":[{"href":"https:\/\/wordpress.nibis.de\/sadg\/wp-json\/wp\/v2\/pages"}],"about":[{"href":"https:\/\/wordpress.nibis.de\/sadg\/wp-json\/wp\/v2\/types\/page"}],"author":[{"embeddable":true,"href":"https:\/\/wordpress.nibis.de\/sadg\/wp-json\/wp\/v2\/users\/9192953"}],"replies":[{"embeddable":true,"href":"https:\/\/wordpress.nibis.de\/sadg\/wp-json\/wp\/v2\/comments?post=607"}],"version-history":[{"count":1,"href":"https:\/\/wordpress.nibis.de\/sadg\/wp-json\/wp\/v2\/pages\/607\/revisions"}],"predecessor-version":[{"id":609,"href":"https:\/\/wordpress.nibis.de\/sadg\/wp-json\/wp\/v2\/pages\/607\/revisions\/609"}],"wp:attachment":[{"href":"https:\/\/wordpress.nibis.de\/sadg\/wp-json\/wp\/v2\/media?parent=607"}],"curies":[{"name":"wp","href":"https:\/\/api.w.org\/{rel}","templated":true}]}}