{"id":611,"date":"2022-11-24T13:33:09","date_gmt":"2022-11-24T12:33:09","guid":{"rendered":"https:\/\/wordpress.nibis.de\/sadg\/?page_id=611"},"modified":"2022-11-24T13:33:09","modified_gmt":"2022-11-24T12:33:09","slug":"pflanzen-im-schulgarten-kuerbis","status":"publish","type":"page","link":"https:\/\/wordpress.nibis.de\/sadg\/pflanzen-im-schulgarten-kuerbis\/","title":{"rendered":"Pflanzen im Schulgarten: K\u00fcrbis"},"content":{"rendered":"\n<figure class=\"wp-block-image size-large\"><img loading=\"lazy\" decoding=\"async\" width=\"1200\" height=\"675\" src=\"https:\/\/wordpress.nibis.de\/sadg\/files\/2022\/11\/Kuerbis-1200x675.jpg\" alt=\"\" class=\"wp-image-612\" srcset=\"https:\/\/wordpress.nibis.de\/sadg\/files\/2022\/11\/Kuerbis-1200x675.jpg 1200w, https:\/\/wordpress.nibis.de\/sadg\/files\/2022\/11\/Kuerbis-850x478.jpg 850w, https:\/\/wordpress.nibis.de\/sadg\/files\/2022\/11\/Kuerbis-250x141.jpg 250w\" sizes=\"auto, (max-width: 1200px) 100vw, 1200px\" \/><figcaption>Quelle Foto: https:\/\/www.plantura.garden\/gemuese\/kuerbis\/kuerbis-pflanzen<\/figcaption><\/figure>\n\n\n\n<p><strong>Pflanzzeit<\/strong> <strong>:<\/strong> Aussaat innen ab April\/Mai bei mindestens 10\u201412\u00b0C, viel Licht und hoher Luftfeuchtigkeit, im Freiland ab Ende Mai bis Anfang Juni.<\/p>\n\n\n\n<p>Pflanzung: Ende Mai bis Mitte Juni ins Freiland.<\/p>\n\n\n\n<p>Erntezeit: ab Juli (Bl\u00fcten, unreife Fr\u00fcchte) bis Oktober ( reife Fr\u00fcchte).<\/p>\n\n\n\n<p><strong>Gute Nachbarn:<\/strong> Bohnen, Kohl, Mais, Tomate, und Zwiebeln, Kartoffeln, Lauch, Sellerie<\/p>\n\n\n\n<p><strong>Schlechte Nachbarn:<\/strong> Dill, Gurke, Koriander, Radies, Rettich und Salat.<\/p>\n\n\n\n<p><strong>Nutzung\/Verarbeitung:<\/strong><\/p>\n\n\n\n<p>-Unreife K\u00fcrbisse werden geraspelt oder fein gehobelt als Rohkost verzehrt.<\/p>\n\n\n\n<p>-Gebraten, ged\u00fcnstet, gegrillt, \u00fcberbacken, oder neuerdings sogar zu Chips verarbeitet.<\/p>\n\n\n\n<p>-als Beilage zu deftigen Speisen gereicht.<\/p>\n\n\n\n<p>-Verarbeitung zu Suppen.<\/p>\n\n\n\n<p>-als Herbstdekoration.<\/p>\n\n\n\n<p>-Samen als Knabberei<\/p>\n\n\n\n<p>-\u00d6l.<\/p>\n\n\n\n<p>-Aus dem Kern\u00f6l,<\/p>\n\n\n\n<p>-Heil-und Pflegemittel.<\/p>\n\n\n\n<p>-Hausmittel.<\/p>\n\n\n\n<p><strong>Besonderheiten:<\/strong><\/p>\n\n\n\n<p>Mann kann aus K\u00fcrbis ein K\u00fcrbisbrot machen.<\/p>\n\n\n\n<p>Quelle: Acker e.V.<\/p>\n","protected":false},"excerpt":{"rendered":"<p>Pflanzzeit : Aussaat innen ab April\/Mai bei mindestens 10\u201412\u00b0C, viel Licht und hoher Luftfeuchtigkeit, im Freiland ab Ende Mai bis Anfang Juni. Pflanzung: Ende Mai bis Mitte Juni ins Freiland. Erntezeit: ab Juli (Bl\u00fcten, unreife Fr\u00fcchte) bis Oktober ( reife &hellip; <a href=\"https:\/\/wordpress.nibis.de\/sadg\/pflanzen-im-schulgarten-kuerbis\/\">Weiterlesen <span class=\"meta-nav\">&rarr;<\/span><\/a><\/p>\n","protected":false},"author":9192953,"featured_media":0,"parent":0,"menu_order":0,"comment_status":"closed","ping_status":"closed","template":"","meta":{"footnotes":""},"class_list":["post-611","page","type-page","status-publish","hentry"],"_links":{"self":[{"href":"https:\/\/wordpress.nibis.de\/sadg\/wp-json\/wp\/v2\/pages\/611","targetHints":{"allow":["GET"]}}],"collection":[{"href":"https:\/\/wordpress.nibis.de\/sadg\/wp-json\/wp\/v2\/pages"}],"about":[{"href":"https:\/\/wordpress.nibis.de\/sadg\/wp-json\/wp\/v2\/types\/page"}],"author":[{"embeddable":true,"href":"https:\/\/wordpress.nibis.de\/sadg\/wp-json\/wp\/v2\/users\/9192953"}],"replies":[{"embeddable":true,"href":"https:\/\/wordpress.nibis.de\/sadg\/wp-json\/wp\/v2\/comments?post=611"}],"version-history":[{"count":1,"href":"https:\/\/wordpress.nibis.de\/sadg\/wp-json\/wp\/v2\/pages\/611\/revisions"}],"predecessor-version":[{"id":613,"href":"https:\/\/wordpress.nibis.de\/sadg\/wp-json\/wp\/v2\/pages\/611\/revisions\/613"}],"wp:attachment":[{"href":"https:\/\/wordpress.nibis.de\/sadg\/wp-json\/wp\/v2\/media?parent=611"}],"curies":[{"name":"wp","href":"https:\/\/api.w.org\/{rel}","templated":true}]}}