{"id":615,"date":"2022-11-24T13:35:35","date_gmt":"2022-11-24T12:35:35","guid":{"rendered":"https:\/\/wordpress.nibis.de\/sadg\/?page_id=615"},"modified":"2022-11-24T13:37:10","modified_gmt":"2022-11-24T12:37:10","slug":"pflanzen-im-schulgarten","status":"publish","type":"page","link":"https:\/\/wordpress.nibis.de\/sadg\/pflanzen-im-schulgarten\/","title":{"rendered":"Pflanzen im Schulgarten: Mais"},"content":{"rendered":"\n<figure class=\"wp-block-image size-full\"><img loading=\"lazy\" decoding=\"async\" width=\"409\" height=\"615\" src=\"https:\/\/wordpress.nibis.de\/sadg\/files\/2022\/11\/Mais.png\" alt=\"\" class=\"wp-image-616\" \/><figcaption>Bildquelle: https:\/\/www.publicdomainpictures.net\/de\/view-image.php?image=271023&amp;picture=gelber-mais<\/figcaption><\/figure>\n\n\n\n<p><strong>Herkunft:<\/strong><\/p>\n\n\n\n<p>Bereits vor f\u00fcnf-bis neuntausend Jahren soll der Kultur-Mais<\/p>\n\n\n\n<p>Die gr\u00f6\u00dfte Vielfalt an Mais gibt es in Mexico. Im Moment liegt die Welterntemenge bei 1,1 Mrd Tonnen. Es wird mehr Mais als Weizen oder Reis geerntet.<\/p>\n\n\n\n<p>Die Maisk\u00f6rner oder auch die ganzen Pflanzen werden als Tierfutter genutzt. Hinzu kommt die Nutzung der Maispflanze als nachwachsende Energie- oder Rohstoffpflanze ( z.B. Erzeugung von Bio Gas).<\/p>\n\n\n\n<p>Zur menschlichen Ern\u00e4hrung dienen nur etwa 15% der Welternte.<\/p>\n\n\n\n<p><strong>Eigenschaften:<\/strong><\/p>\n\n\n\n<p>Die Maisk\u00f6rner, aber auch ganzen Pflanzen dienen als Tierfutter.<\/p>\n\n\n\n<p><strong>Auss\u00e4hen:<\/strong><\/p>\n\n\n\n<p>Gelbe Frucht, gr\u00fcne Bl\u00e4tter<\/p>\n\n\n\n<p><strong>Pflanzzeit<\/strong>:<\/p>\n\n\n\n<p>Mitte Mai bis Juni nach Vorkultur<\/p>\n\n\n\n<p><strong>Ernte:<\/strong><\/p>\n\n\n\n<p>Ab Juli bis Oktober<\/p>\n\n\n\n<p><strong>Saathinweise:<\/strong><\/p>\n\n\n\n<p>Mindestens zwei Reihen im Abstand von 60 cm s\u00e4en oder pflanzen.<\/p>\n\n\n\n<p>Saattiefe von 3 bis 5 cm in einer 5 bis 10 cm tiefen Furche. Nach dem Aufgang einebnen, sp\u00e4ter anh\u00e4ufeln.<\/p>\n\n\n\n<p>Vorgezogene Jungpflanzen mit 30 cm Abstand auspflanzen.<\/p>\n\n\n\n<p>Quelle: Acker e.V.<\/p>\n","protected":false},"excerpt":{"rendered":"<p>Herkunft: Bereits vor f\u00fcnf-bis neuntausend Jahren soll der Kultur-Mais Die gr\u00f6\u00dfte Vielfalt an Mais gibt es in Mexico. Im Moment liegt die Welterntemenge bei 1,1 Mrd Tonnen. Es wird mehr Mais als Weizen oder Reis geerntet. Die Maisk\u00f6rner oder auch &hellip; <a href=\"https:\/\/wordpress.nibis.de\/sadg\/pflanzen-im-schulgarten\/\">Weiterlesen <span class=\"meta-nav\">&rarr;<\/span><\/a><\/p>\n","protected":false},"author":9192953,"featured_media":0,"parent":0,"menu_order":0,"comment_status":"closed","ping_status":"closed","template":"","meta":{"footnotes":""},"class_list":["post-615","page","type-page","status-publish","hentry"],"_links":{"self":[{"href":"https:\/\/wordpress.nibis.de\/sadg\/wp-json\/wp\/v2\/pages\/615","targetHints":{"allow":["GET"]}}],"collection":[{"href":"https:\/\/wordpress.nibis.de\/sadg\/wp-json\/wp\/v2\/pages"}],"about":[{"href":"https:\/\/wordpress.nibis.de\/sadg\/wp-json\/wp\/v2\/types\/page"}],"author":[{"embeddable":true,"href":"https:\/\/wordpress.nibis.de\/sadg\/wp-json\/wp\/v2\/users\/9192953"}],"replies":[{"embeddable":true,"href":"https:\/\/wordpress.nibis.de\/sadg\/wp-json\/wp\/v2\/comments?post=615"}],"version-history":[{"count":2,"href":"https:\/\/wordpress.nibis.de\/sadg\/wp-json\/wp\/v2\/pages\/615\/revisions"}],"predecessor-version":[{"id":619,"href":"https:\/\/wordpress.nibis.de\/sadg\/wp-json\/wp\/v2\/pages\/615\/revisions\/619"}],"wp:attachment":[{"href":"https:\/\/wordpress.nibis.de\/sadg\/wp-json\/wp\/v2\/media?parent=615"}],"curies":[{"name":"wp","href":"https:\/\/api.w.org\/{rel}","templated":true}]}}