{"id":624,"date":"2022-11-24T13:41:44","date_gmt":"2022-11-24T12:41:44","guid":{"rendered":"https:\/\/wordpress.nibis.de\/sadg\/?page_id=624"},"modified":"2022-11-24T13:41:44","modified_gmt":"2022-11-24T12:41:44","slug":"pflanzen-im-schulgarten-kartoffeln","status":"publish","type":"page","link":"https:\/\/wordpress.nibis.de\/sadg\/pflanzen-im-schulgarten-kartoffeln\/","title":{"rendered":"Pflanzen im Schulgarten: Kartoffeln"},"content":{"rendered":"\n<figure class=\"wp-block-image size-full is-resized\"><img loading=\"lazy\" decoding=\"async\" src=\"https:\/\/wordpress.nibis.de\/sadg\/files\/2022\/11\/Kartoffel.jpg\" alt=\"\" class=\"wp-image-625\" width=\"350\" height=\"490\" \/><figcaption>Bildquelle: <a href=\"https:\/\/www.klett.de\/alias\/1010364\">https:\/\/www.klett.de\/alias\/1010364<\/a><\/figcaption><\/figure>\n\n\n\n<p><strong>Saat\/Pflanzung\/Ernte<\/strong><\/p>\n\n\n\n<p>Aussaat : ab April (wird selten praktiziert).<\/p>\n\n\n\n<p>Pflanzmonate : April bis Mai.<\/p>\n\n\n\n<p>Erntesaison: Mitte Juli ( Fr\u00fchkartoffeln) Bis Oktober.<\/p>\n\n\n\n<p>Ernte Generell fr\u00fchestens w\u00e4hrend der Bl\u00fcte, besser erst,wenn das Kraut abgestorben ist.&nbsp; <strong><br><br><\/strong><\/p>\n\n\n\n<p><strong>Saat\u2014\/Pflanzhinweise<\/strong><strong><br><br><\/strong><\/p>\n\n\n\n<p>Hell vorkeimende Pflanzkartoffeln mit 30\u201440 cm Abstand in einen 10\u201415 cm tiefe Furche Pflanzen und&nbsp; mit 3\u20145 cm lockerer Erde bedecken.<\/p>\n\n\n\n<p><strong>Pflege<\/strong><strong><\/strong><\/p>\n\n\n\n<p>Nach dem Auflaufen immer wieder h\u00e4ufeln und hacken. Herrscht w\u00e4hrend der Bl\u00fcte Trockenheit regelm\u00e4\u00dfig w\u00e4ssern.<\/p>\n\n\n\n<p><strong>H\u00e4ufige Probleme<\/strong><\/p>\n\n\n\n<p>Kraut\u2014 und&nbsp; Knollenf\u00e4ule, Schorf, bakterielle und Virsus\u2014Krankheiten , Bl\u00e4ttl\u00e4use ,&nbsp; Drahtw\u00fcrmer ( Larven der Schnellk\u00e4fer), Kartoffelk\u00e4fer , Nacktschnecken, Nematoden und W\u00fchlm\u00e4use.<\/p>\n\n\n\n<p>Quelle: Acker e.V.<\/p>\n","protected":false},"excerpt":{"rendered":"<p>Saat\/Pflanzung\/Ernte Aussaat : ab April (wird selten praktiziert). Pflanzmonate : April bis Mai. Erntesaison: Mitte Juli ( Fr\u00fchkartoffeln) Bis Oktober. Ernte Generell fr\u00fchestens w\u00e4hrend der Bl\u00fcte, besser erst,wenn das Kraut abgestorben ist.&nbsp; Saat\u2014\/Pflanzhinweise Hell vorkeimende Pflanzkartoffeln mit 30\u201440 cm Abstand &hellip; <a href=\"https:\/\/wordpress.nibis.de\/sadg\/pflanzen-im-schulgarten-kartoffeln\/\">Weiterlesen <span class=\"meta-nav\">&rarr;<\/span><\/a><\/p>\n","protected":false},"author":9192953,"featured_media":0,"parent":0,"menu_order":0,"comment_status":"closed","ping_status":"closed","template":"","meta":{"footnotes":""},"class_list":["post-624","page","type-page","status-publish","hentry"],"_links":{"self":[{"href":"https:\/\/wordpress.nibis.de\/sadg\/wp-json\/wp\/v2\/pages\/624","targetHints":{"allow":["GET"]}}],"collection":[{"href":"https:\/\/wordpress.nibis.de\/sadg\/wp-json\/wp\/v2\/pages"}],"about":[{"href":"https:\/\/wordpress.nibis.de\/sadg\/wp-json\/wp\/v2\/types\/page"}],"author":[{"embeddable":true,"href":"https:\/\/wordpress.nibis.de\/sadg\/wp-json\/wp\/v2\/users\/9192953"}],"replies":[{"embeddable":true,"href":"https:\/\/wordpress.nibis.de\/sadg\/wp-json\/wp\/v2\/comments?post=624"}],"version-history":[{"count":1,"href":"https:\/\/wordpress.nibis.de\/sadg\/wp-json\/wp\/v2\/pages\/624\/revisions"}],"predecessor-version":[{"id":626,"href":"https:\/\/wordpress.nibis.de\/sadg\/wp-json\/wp\/v2\/pages\/624\/revisions\/626"}],"wp:attachment":[{"href":"https:\/\/wordpress.nibis.de\/sadg\/wp-json\/wp\/v2\/media?parent=624"}],"curies":[{"name":"wp","href":"https:\/\/api.w.org\/{rel}","templated":true}]}}