{"id":628,"date":"2022-11-24T14:36:30","date_gmt":"2022-11-24T13:36:30","guid":{"rendered":"https:\/\/wordpress.nibis.de\/sadg\/?page_id=628"},"modified":"2022-11-24T14:36:30","modified_gmt":"2022-11-24T13:36:30","slug":"pflanzen-im-schulgarten-zwiebel","status":"publish","type":"page","link":"https:\/\/wordpress.nibis.de\/sadg\/pflanzen-im-schulgarten-zwiebel\/","title":{"rendered":"Pflanzen im Schulgarten: Zwiebel"},"content":{"rendered":"\n<figure class=\"wp-block-image size-full\"><img loading=\"lazy\" decoding=\"async\" width=\"1067\" height=\"600\" src=\"https:\/\/wordpress.nibis.de\/sadg\/files\/2022\/11\/Zwiebel.jpg\" alt=\"\" class=\"wp-image-629\" srcset=\"https:\/\/wordpress.nibis.de\/sadg\/files\/2022\/11\/Zwiebel.jpg 1067w, https:\/\/wordpress.nibis.de\/sadg\/files\/2022\/11\/Zwiebel-850x478.jpg 850w, https:\/\/wordpress.nibis.de\/sadg\/files\/2022\/11\/Zwiebel-250x141.jpg 250w, https:\/\/wordpress.nibis.de\/sadg\/files\/2022\/11\/Zwiebel-768x432.jpg 768w\" sizes=\"auto, (max-width: 1067px) 100vw, 1067px\" \/><figcaption>Bildquelle: <a href=\"https:\/\/www.ndr.de\/ratgeber\/gesundheit\/Zwiebeln-Gut-gegen-Husten-Entzuendungen-und-Krebs,zwiebel100.html\">https:\/\/www.ndr.de\/ratgeber\/gesundheit\/Zwiebeln-Gut-gegen-Husten-Entzuendungen-und-Krebs,zwiebel100.html<\/a><\/figcaption><\/figure>\n\n\n\n<p>Saat\/Pflanzung\/Pflanzzeit<\/p>\n\n\n\n<p>Aussaat: M\u00e4rz bis April und Juni bis August. Pflanzung: M\u00e4rz bis April oder im Oktober, nur der Johannis-bzw. LemgoerLauch im August.<\/p>\n\n\n\n<p>Saat\/Pflanzung\/Ernte<\/p>\n\n\n\n<p>Erntesaison: Mai bis Oktober<\/p>\n\n\n\n<p>Saat-\/Pflanzhinweise<\/p>\n\n\n\n<p>Saatgut h\u00f6chstens 0,5 cm mit Boden bedecken. Steckzwiebeln mit 7\u201410 cm Abstand bis knapp unter Schnittlaucht\u00f6pfe mit 30cm auspflanzen.<\/p>\n\n\n\n<p>Gute Nachbarn<\/p>\n\n\n\n<p>Bete und Mangold,Feldsalat,Gurke, Haferwurz ,Knoblauch,K\u00fcrbis ,M\u00f6hre , Pastinak ,Salat,Schwarzwurzel, Sellerie,Tomate, Zucchini.<\/p>\n\n\n\n<p>Schlechte Nachbarn<\/p>\n\n\n\n<p>Erbsen, Gartenbohne, Kartoffel, Porree, Rettich und Radieschen.<\/p>\n\n\n\n<p>AckerPraxis<\/p>\n\n\n\n<p>Ges\u00e4t werden Zwiebeln von M\u00e4rz bis April oder Sommer.&nbsp; Bei zu dichtem Stand vereinzeln. Als Steckzwiebeln sind sie dann im Sommer oder Herbst erntereif und k\u00f6nnen nach k\u00fchler, trockener Lagerung im M\u00e4rz des Folgejahres wieder gesteckt werden.<\/p>\n\n\n\n<p>Nutzung und Sorten<\/p>\n\n\n\n<p>Bekannte Winterheckezwiebel-Sorten wie \u2019Ishikura Long White\u2018 und \u2019Red Toga\u2018 sind haupts\u00e4chlich als Bund- und Fr\u00fchlingszwiebeln im Handel. Man nutzt die ganze Pflanze einschlie\u00dflich der frischen Bl\u00e4tter oder bei geringerem Bedarf nur letztere.<\/p>\n\n\n\n<p>Verarbeitung<\/p>\n\n\n\n<p>Die K\u00fcchenzwiebel ist eine uralte Gem\u00fcse-, W\u00fcrz- und Heilpflanze mit u.a. den Blutdruck, den Blutzucker und die Blutfettwerte schwach senkender sowie antibakterieller Wirkung.&nbsp; Zwiebeln gelten zudem als Zartmacher von Fisch und Fleisch, sind daher Bestandteil vieler Marinaden.<\/p>\n\n\n\n<p>Besonderheiten<\/p>\n\n\n\n<p>Wei\u00dfe Zwiebeln sind vor allem in S\u00fcdeuropa verbreitet, hierzulande aber eher eine Besonderheit. Sie schmecken sehr fein und mild. Rote Zwiebeln dagegen sind eher leicht s\u00fc\u00dflich und mild. Sie geben Salaten und anderen kalten Speisen einen etwas sanfteren Geschmack als die Gem\u00fcsezwiebel.<\/p>\n\n\n\n<p>Quelle: Acker e.V.<\/p>\n","protected":false},"excerpt":{"rendered":"<p>Saat\/Pflanzung\/Pflanzzeit Aussaat: M\u00e4rz bis April und Juni bis August. Pflanzung: M\u00e4rz bis April oder im Oktober, nur der Johannis-bzw. LemgoerLauch im August. Saat\/Pflanzung\/Ernte Erntesaison: Mai bis Oktober Saat-\/Pflanzhinweise Saatgut h\u00f6chstens 0,5 cm mit Boden bedecken. Steckzwiebeln mit 7\u201410 cm Abstand &hellip; <a href=\"https:\/\/wordpress.nibis.de\/sadg\/pflanzen-im-schulgarten-zwiebel\/\">Weiterlesen <span class=\"meta-nav\">&rarr;<\/span><\/a><\/p>\n","protected":false},"author":9192953,"featured_media":0,"parent":0,"menu_order":0,"comment_status":"closed","ping_status":"closed","template":"","meta":{"footnotes":""},"class_list":["post-628","page","type-page","status-publish","hentry"],"_links":{"self":[{"href":"https:\/\/wordpress.nibis.de\/sadg\/wp-json\/wp\/v2\/pages\/628","targetHints":{"allow":["GET"]}}],"collection":[{"href":"https:\/\/wordpress.nibis.de\/sadg\/wp-json\/wp\/v2\/pages"}],"about":[{"href":"https:\/\/wordpress.nibis.de\/sadg\/wp-json\/wp\/v2\/types\/page"}],"author":[{"embeddable":true,"href":"https:\/\/wordpress.nibis.de\/sadg\/wp-json\/wp\/v2\/users\/9192953"}],"replies":[{"embeddable":true,"href":"https:\/\/wordpress.nibis.de\/sadg\/wp-json\/wp\/v2\/comments?post=628"}],"version-history":[{"count":1,"href":"https:\/\/wordpress.nibis.de\/sadg\/wp-json\/wp\/v2\/pages\/628\/revisions"}],"predecessor-version":[{"id":630,"href":"https:\/\/wordpress.nibis.de\/sadg\/wp-json\/wp\/v2\/pages\/628\/revisions\/630"}],"wp:attachment":[{"href":"https:\/\/wordpress.nibis.de\/sadg\/wp-json\/wp\/v2\/media?parent=628"}],"curies":[{"name":"wp","href":"https:\/\/api.w.org\/{rel}","templated":true}]}}