{"id":632,"date":"2022-11-24T14:42:10","date_gmt":"2022-11-24T13:42:10","guid":{"rendered":"https:\/\/wordpress.nibis.de\/sadg\/?page_id=632"},"modified":"2022-11-24T14:42:10","modified_gmt":"2022-11-24T13:42:10","slug":"pflanzen-im-schulgarten-tomaten","status":"publish","type":"page","link":"https:\/\/wordpress.nibis.de\/sadg\/pflanzen-im-schulgarten-tomaten\/","title":{"rendered":"Pflanzen im Schulgarten: Tomaten"},"content":{"rendered":"\n<figure class=\"wp-block-image size-large\"><img loading=\"lazy\" decoding=\"async\" width=\"1200\" height=\"675\" src=\"https:\/\/wordpress.nibis.de\/sadg\/files\/2022\/11\/tomate-1200x675.jpg\" alt=\"\" class=\"wp-image-633\" srcset=\"https:\/\/wordpress.nibis.de\/sadg\/files\/2022\/11\/tomate-1200x675.jpg 1200w, https:\/\/wordpress.nibis.de\/sadg\/files\/2022\/11\/tomate-850x478.jpg 850w, https:\/\/wordpress.nibis.de\/sadg\/files\/2022\/11\/tomate-250x141.jpg 250w\" sizes=\"auto, (max-width: 1200px) 100vw, 1200px\" \/><figcaption>Bildquelle: ttps:\/\/pixnio.com\/de\/pflanzen\/gemuse\/tomaten\/lebensmittel-obst-gemuse-blatt-tomate-ernahrung-garten-lecker<\/figcaption><\/figure>\n\n\n\n<p>Die Tomate ist ein bei uns einj\u00e4hrig gezogenes, frostempfindliches, krautiges Nachtschattengew\u00e4chs mit wenig auffallenden gelben Bl\u00fcten. Die Fr\u00fcchte&nbsp; variieren in Gr\u00f6\u00dfe, Form und Farbe.<\/p>\n\n\n\n<p><strong>Saat \/ Pflanzung &amp; Ernte :<\/strong><\/p>\n\n\n\n<p>Aussaat: M\u00e4rz bis April im Gew\u00e4chshaus oder Zimmer (Fensterbank).<\/p>\n\n\n\n<p>Pflanzung: Ende Mai (nach den Eisheiligen) bis Anfang Juni.<\/p>\n\n\n\n<p>Ernte: Vollreife Fr\u00fcchte von Juli bis Oktober.<\/p>\n\n\n\n<p><strong>Verarbeitung :<\/strong><\/p>\n\n\n\n<p>Die reifen Fr\u00fcchte werden allein und in verschiedenen Kombinationen mit anderen Lebensmitteln roh gegessen oder zu Mark, Ketchup, Saucen und Saft verarbeitet, getrocknete Tomaten als Vorspeise gereicht, gegrillte als Beilage angeboten. Geschmorte, gef\u00fcllte Tomaten sind ein beliebtes Hauptgericht.<\/p>\n\n\n\n<p><strong>Gute Nachbarn :<\/strong><\/p>\n\n\n\n<p>Endivie, Gartenbohne, Knoblauch, Kohl, K\u00fcrbis, M\u00f6hre, Pastinak, Porree, Radies, Salat.<\/p>\n\n\n\n<p>Quelle: Acker e.V.<\/p>\n","protected":false},"excerpt":{"rendered":"<p>Die Tomate ist ein bei uns einj\u00e4hrig gezogenes, frostempfindliches, krautiges Nachtschattengew\u00e4chs mit wenig auffallenden gelben Bl\u00fcten. Die Fr\u00fcchte&nbsp; variieren in Gr\u00f6\u00dfe, Form und Farbe. Saat \/ Pflanzung &amp; Ernte : Aussaat: M\u00e4rz bis April im Gew\u00e4chshaus oder Zimmer (Fensterbank). Pflanzung: &hellip; <a href=\"https:\/\/wordpress.nibis.de\/sadg\/pflanzen-im-schulgarten-tomaten\/\">Weiterlesen <span class=\"meta-nav\">&rarr;<\/span><\/a><\/p>\n","protected":false},"author":9192953,"featured_media":0,"parent":0,"menu_order":0,"comment_status":"closed","ping_status":"closed","template":"","meta":{"footnotes":""},"class_list":["post-632","page","type-page","status-publish","hentry"],"_links":{"self":[{"href":"https:\/\/wordpress.nibis.de\/sadg\/wp-json\/wp\/v2\/pages\/632","targetHints":{"allow":["GET"]}}],"collection":[{"href":"https:\/\/wordpress.nibis.de\/sadg\/wp-json\/wp\/v2\/pages"}],"about":[{"href":"https:\/\/wordpress.nibis.de\/sadg\/wp-json\/wp\/v2\/types\/page"}],"author":[{"embeddable":true,"href":"https:\/\/wordpress.nibis.de\/sadg\/wp-json\/wp\/v2\/users\/9192953"}],"replies":[{"embeddable":true,"href":"https:\/\/wordpress.nibis.de\/sadg\/wp-json\/wp\/v2\/comments?post=632"}],"version-history":[{"count":1,"href":"https:\/\/wordpress.nibis.de\/sadg\/wp-json\/wp\/v2\/pages\/632\/revisions"}],"predecessor-version":[{"id":634,"href":"https:\/\/wordpress.nibis.de\/sadg\/wp-json\/wp\/v2\/pages\/632\/revisions\/634"}],"wp:attachment":[{"href":"https:\/\/wordpress.nibis.de\/sadg\/wp-json\/wp\/v2\/media?parent=632"}],"curies":[{"name":"wp","href":"https:\/\/api.w.org\/{rel}","templated":true}]}}