{"id":75,"date":"2019-08-27T09:23:38","date_gmt":"2019-08-27T07:23:38","guid":{"rendered":"https:\/\/wordpress.nibis.de\/sadg\/?page_id=75"},"modified":"2020-05-04T12:16:11","modified_gmt":"2020-05-04T10:16:11","slug":"foerderschule-lernen","status":"publish","type":"page","link":"https:\/\/wordpress.nibis.de\/sadg\/foerderschule-lernen\/","title":{"rendered":"Schulleben"},"content":{"rendered":"\n<p>Das Schulleben der Schule an der Goethestra\u00dfe ist gepr\u00e4gt durch ein sehr vielf\u00e4ltiges Angebot in den Bereichen<\/p>\n<p><strong>Kreativ<\/strong> \u2013 Musik-, Trommel-, Theater- und Tanzprojekte<\/p>\n<p><strong>Bewegung <\/strong>\u00a0\u2013 Sportturniere und Nachmittagsangebote<\/p>\n<p><strong>Soziales<\/strong> \u2013 Gewaltpr\u00e4vention, Sozialtrainings<\/p>\n<p><strong>Praxis<\/strong> \u2013 Sch\u00fclerfirmen, Schulgarten, Kiosk<\/p>\n<p>Durch dieses Angebot k\u00f6nnen wir viele individuelle Angebote machen und die Sch\u00fclerinnen und Sch\u00fcler gute F\u00f6rderbedingungen anbieten.<\/p>\n","protected":false},"excerpt":{"rendered":"<p>Das Schulleben der Schule an der Goethestra\u00dfe ist gepr\u00e4gt durch ein sehr vielf\u00e4ltiges Angebot in den Bereichen Kreativ \u2013 Musik-, Trommel-, Theater- und Tanzprojekte Bewegung \u00a0\u2013 Sportturniere und Nachmittagsangebote Soziales \u2013 Gewaltpr\u00e4vention, Sozialtrainings Praxis \u2013 Sch\u00fclerfirmen, Schulgarten, Kiosk Durch dieses &hellip; <a href=\"https:\/\/wordpress.nibis.de\/sadg\/foerderschule-lernen\/\">Weiterlesen <span class=\"meta-nav\">&rarr;<\/span><\/a><\/p>\n","protected":false},"author":9192953,"featured_media":0,"parent":0,"menu_order":0,"comment_status":"closed","ping_status":"closed","template":"","meta":{"footnotes":""},"class_list":["post-75","page","type-page","status-publish","hentry"],"_links":{"self":[{"href":"https:\/\/wordpress.nibis.de\/sadg\/wp-json\/wp\/v2\/pages\/75","targetHints":{"allow":["GET"]}}],"collection":[{"href":"https:\/\/wordpress.nibis.de\/sadg\/wp-json\/wp\/v2\/pages"}],"about":[{"href":"https:\/\/wordpress.nibis.de\/sadg\/wp-json\/wp\/v2\/types\/page"}],"author":[{"embeddable":true,"href":"https:\/\/wordpress.nibis.de\/sadg\/wp-json\/wp\/v2\/users\/9192953"}],"replies":[{"embeddable":true,"href":"https:\/\/wordpress.nibis.de\/sadg\/wp-json\/wp\/v2\/comments?post=75"}],"version-history":[{"count":4,"href":"https:\/\/wordpress.nibis.de\/sadg\/wp-json\/wp\/v2\/pages\/75\/revisions"}],"predecessor-version":[{"id":349,"href":"https:\/\/wordpress.nibis.de\/sadg\/wp-json\/wp\/v2\/pages\/75\/revisions\/349"}],"wp:attachment":[{"href":"https:\/\/wordpress.nibis.de\/sadg\/wp-json\/wp\/v2\/media?parent=75"}],"curies":[{"name":"wp","href":"https:\/\/api.w.org\/{rel}","templated":true}]}}