{"id":79,"date":"2019-08-27T09:24:18","date_gmt":"2019-08-27T07:24:18","guid":{"rendered":"https:\/\/wordpress.nibis.de\/sadg\/?page_id=79"},"modified":"2020-05-04T12:26:41","modified_gmt":"2020-05-04T10:26:41","slug":"schulsport-veranstaltungen","status":"publish","type":"page","link":"https:\/\/wordpress.nibis.de\/sadg\/schulsport-veranstaltungen\/","title":{"rendered":"Schulsport\/Veranstaltungen"},"content":{"rendered":"\n<p>Neben dem regul\u00e4ren Schulsport stellen regelm\u00e4\u00dfig wiederkehrende Sport-Ereignisse wie Turniere oder Spielfeste besondere H\u00f6hepunkte dar. Die folgende Aufstellung beinhaltet Veranstaltungen, die traditionell an unserer Schule stattfinden, bzw. im Verbund mit den anderen (Ammerl\u00e4nder) Schulen organisiert werden:<\/p>\n<ul>\n<li>Leichtathletik-Sportfest im Sommer<\/li>\n<li>j\u00e4hrliches Basketballturnier Ammerl\u00e4nder F\u00f6rderschulen in Westerstede<\/li>\n<li>j\u00e4hrliches M\u00e4dchen &#8211; Hockeyturnier in Edewecht<\/li>\n<li>j\u00e4hrliches Fu\u00dfballturnier Ammerl\u00e4nder F\u00f6rderschulen in Rastede<\/li>\n<li>Hallenfu\u00dfballturnier in Sch\u00f6ppenstedt in Spielgemeinschaft mit der Schule am Vo\u00dfbarg Rastede<\/li>\n<\/ul>\n<h4>Hinzu kommen inner- und au\u00dferschulische Veranstaltungen, die sich ganz um die Bereiche Kreativ und Praxis drehen:<\/h4>\n<ul>\n<li>Lichterfest\/Weihnachtsfeier im zweij\u00e4hrigen Wechsel im Dezember \u2013 Verkauf von Sch\u00fclerfirmen-Produkten, Auff\u00fchrungen<\/li>\n<li>Festival \u201eIs doch normal, ey\u201c von MUTIK e.V. in der Kulturetage Oldenburg \u2013 Teilnahme Band-und Theater-AG<\/li>\n<li>Schnuppertag der BBS Rostrup<\/li>\n<li>Schulforum \u2013 Auff\u00fchrungen und Ergebnispr\u00e4sentationen von Sch\u00fclergruppen finden mehrmals im Schuljahr statt<\/li>\n<li>Abschlussfeier \u2013mit gro\u00dfem selbsterstellten Buffet und B\u00fchnenprogramm<\/li>\n<\/ul>\n","protected":false},"excerpt":{"rendered":"<p>Neben dem regul\u00e4ren Schulsport stellen regelm\u00e4\u00dfig wiederkehrende Sport-Ereignisse wie Turniere oder Spielfeste besondere H\u00f6hepunkte dar. Die folgende Aufstellung beinhaltet Veranstaltungen, die traditionell an unserer Schule stattfinden, bzw. im Verbund mit den anderen (Ammerl\u00e4nder) Schulen organisiert werden: Leichtathletik-Sportfest im Sommer j\u00e4hrliches &hellip; <a href=\"https:\/\/wordpress.nibis.de\/sadg\/schulsport-veranstaltungen\/\">Weiterlesen <span class=\"meta-nav\">&rarr;<\/span><\/a><\/p>\n","protected":false},"author":9192953,"featured_media":0,"parent":0,"menu_order":0,"comment_status":"closed","ping_status":"closed","template":"","meta":{"footnotes":""},"class_list":["post-79","page","type-page","status-publish","hentry"],"_links":{"self":[{"href":"https:\/\/wordpress.nibis.de\/sadg\/wp-json\/wp\/v2\/pages\/79","targetHints":{"allow":["GET"]}}],"collection":[{"href":"https:\/\/wordpress.nibis.de\/sadg\/wp-json\/wp\/v2\/pages"}],"about":[{"href":"https:\/\/wordpress.nibis.de\/sadg\/wp-json\/wp\/v2\/types\/page"}],"author":[{"embeddable":true,"href":"https:\/\/wordpress.nibis.de\/sadg\/wp-json\/wp\/v2\/users\/9192953"}],"replies":[{"embeddable":true,"href":"https:\/\/wordpress.nibis.de\/sadg\/wp-json\/wp\/v2\/comments?post=79"}],"version-history":[{"count":4,"href":"https:\/\/wordpress.nibis.de\/sadg\/wp-json\/wp\/v2\/pages\/79\/revisions"}],"predecessor-version":[{"id":353,"href":"https:\/\/wordpress.nibis.de\/sadg\/wp-json\/wp\/v2\/pages\/79\/revisions\/353"}],"wp:attachment":[{"href":"https:\/\/wordpress.nibis.de\/sadg\/wp-json\/wp\/v2\/media?parent=79"}],"curies":[{"name":"wp","href":"https:\/\/api.w.org\/{rel}","templated":true}]}}