{"id":81,"date":"2019-08-27T09:24:39","date_gmt":"2019-08-27T07:24:39","guid":{"rendered":"https:\/\/wordpress.nibis.de\/sadg\/?page_id=81"},"modified":"2023-09-19T08:49:31","modified_gmt":"2023-09-19T06:49:31","slug":"bbs-kooperation","status":"publish","type":"page","link":"https:\/\/wordpress.nibis.de\/sadg\/bbs-kooperation\/","title":{"rendered":"BBS &#8211; Kooperation"},"content":{"rendered":"\n<p>In der 8. Klassenstufe durchlaufen die Sch\u00fclerinnen und Sch\u00fcler der Schule an der Goethestra\u00dfe \u00fcber ein Jahr lang (6 Wochenstunden) die verschiedenen Berufsfelder\/Angebote der BBS. (Metall, Bau, K\u00f6rperpflege, Wirtschaft, Hauswirtschaft\u2026) Sie lernen dort die BBS als System mit Lehrkr\u00e4ften kennen und gew\u00f6hnen sich vorab an \u201ealles\u201c (Bus, Eigenst\u00e4ndigkeit, Orientierung im Schulgeb\u00e4ude, Kontakte zu \u00e4lteren Sch\u00fclern, Angstabbau, Verantwortung usw.).<\/p>\n<p>Am Ende des Schuljahres bekommen die Sch\u00fclerinnen und Sch\u00fcler ein Zertifikat, dass eine Auflistung aller T\u00e4tigkeiten und schulischen Inhalte enth\u00e4lt.<\/p>\n","protected":false},"excerpt":{"rendered":"<p>In der 8. Klassenstufe durchlaufen die Sch\u00fclerinnen und Sch\u00fcler der Schule an der Goethestra\u00dfe \u00fcber ein Jahr lang (6 Wochenstunden) die verschiedenen Berufsfelder\/Angebote der BBS. (Metall, Bau, K\u00f6rperpflege, Wirtschaft, Hauswirtschaft\u2026) Sie lernen dort die BBS als System mit Lehrkr\u00e4ften kennen &hellip; <a href=\"https:\/\/wordpress.nibis.de\/sadg\/bbs-kooperation\/\">Weiterlesen <span class=\"meta-nav\">&rarr;<\/span><\/a><\/p>\n","protected":false},"author":9192953,"featured_media":0,"parent":0,"menu_order":0,"comment_status":"closed","ping_status":"closed","template":"","meta":{"footnotes":""},"class_list":["post-81","page","type-page","status-publish","hentry"],"_links":{"self":[{"href":"https:\/\/wordpress.nibis.de\/sadg\/wp-json\/wp\/v2\/pages\/81","targetHints":{"allow":["GET"]}}],"collection":[{"href":"https:\/\/wordpress.nibis.de\/sadg\/wp-json\/wp\/v2\/pages"}],"about":[{"href":"https:\/\/wordpress.nibis.de\/sadg\/wp-json\/wp\/v2\/types\/page"}],"author":[{"embeddable":true,"href":"https:\/\/wordpress.nibis.de\/sadg\/wp-json\/wp\/v2\/users\/9192953"}],"replies":[{"embeddable":true,"href":"https:\/\/wordpress.nibis.de\/sadg\/wp-json\/wp\/v2\/comments?post=81"}],"version-history":[{"count":4,"href":"https:\/\/wordpress.nibis.de\/sadg\/wp-json\/wp\/v2\/pages\/81\/revisions"}],"predecessor-version":[{"id":657,"href":"https:\/\/wordpress.nibis.de\/sadg\/wp-json\/wp\/v2\/pages\/81\/revisions\/657"}],"wp:attachment":[{"href":"https:\/\/wordpress.nibis.de\/sadg\/wp-json\/wp\/v2\/media?parent=81"}],"curies":[{"name":"wp","href":"https:\/\/api.w.org\/{rel}","templated":true}]}}