{"id":85,"date":"2019-08-27T09:25:13","date_gmt":"2019-08-27T07:25:13","guid":{"rendered":"https:\/\/wordpress.nibis.de\/sadg\/?page_id=85"},"modified":"2023-09-20T09:07:30","modified_gmt":"2023-09-20T07:07:30","slug":"schuelerfirma-2","status":"publish","type":"page","link":"https:\/\/wordpress.nibis.de\/sadg\/schuelerfirma-2\/","title":{"rendered":"Sch\u00fclerfirma"},"content":{"rendered":"\n<h3>Kurzkonzept der Sch\u00fclerfirma \u201eAuf Zack\u201c<\/h3>\n<p>Wesentlicher Arbeitsbestandteil der Berufsvorbereitung an der F\u00f6rderschule \u201eSchule an der Goethestra\u00dfe\u201c in Westerstede ist die Arbeit in der Sch\u00fclerfirma w\u00e4hrend der neunten Jahrgangsstufe. Die Sch\u00fclerfirma unterteilt sich in (zur Zeit) 3 Abteilungen:<\/p>\n<ul>\n<li>CATERING (Hauswirtschaft)<\/li>\n<li>TECHNIK<\/li>\n<li>GARTEN (In Zusammenarbeit mit Acker e.V)<\/li>\n<\/ul>\n<p><a href=\"https:\/\/wordpress.nibis.de\/sadg\/files\/2020\/05\/Kurzkonzept-der-Sch\u00fclerfirma.docx\" target=\"_blank\" rel=\"noopener noreferrer\">weiterlesen -&gt;<\/a><\/p>\n","protected":false},"excerpt":{"rendered":"<p>Kurzkonzept der Sch\u00fclerfirma \u201eAuf Zack\u201c Wesentlicher Arbeitsbestandteil der Berufsvorbereitung an der F\u00f6rderschule \u201eSchule an der Goethestra\u00dfe\u201c in Westerstede ist die Arbeit in der Sch\u00fclerfirma w\u00e4hrend der neunten Jahrgangsstufe. Die Sch\u00fclerfirma unterteilt sich in (zur Zeit) 3 Abteilungen: CATERING (Hauswirtschaft) TECHNIK &hellip; <a href=\"https:\/\/wordpress.nibis.de\/sadg\/schuelerfirma-2\/\">Weiterlesen <span class=\"meta-nav\">&rarr;<\/span><\/a><\/p>\n","protected":false},"author":9192953,"featured_media":0,"parent":0,"menu_order":0,"comment_status":"closed","ping_status":"closed","template":"","meta":{"footnotes":""},"class_list":["post-85","page","type-page","status-publish","hentry"],"_links":{"self":[{"href":"https:\/\/wordpress.nibis.de\/sadg\/wp-json\/wp\/v2\/pages\/85","targetHints":{"allow":["GET"]}}],"collection":[{"href":"https:\/\/wordpress.nibis.de\/sadg\/wp-json\/wp\/v2\/pages"}],"about":[{"href":"https:\/\/wordpress.nibis.de\/sadg\/wp-json\/wp\/v2\/types\/page"}],"author":[{"embeddable":true,"href":"https:\/\/wordpress.nibis.de\/sadg\/wp-json\/wp\/v2\/users\/9192953"}],"replies":[{"embeddable":true,"href":"https:\/\/wordpress.nibis.de\/sadg\/wp-json\/wp\/v2\/comments?post=85"}],"version-history":[{"count":7,"href":"https:\/\/wordpress.nibis.de\/sadg\/wp-json\/wp\/v2\/pages\/85\/revisions"}],"predecessor-version":[{"id":667,"href":"https:\/\/wordpress.nibis.de\/sadg\/wp-json\/wp\/v2\/pages\/85\/revisions\/667"}],"wp:attachment":[{"href":"https:\/\/wordpress.nibis.de\/sadg\/wp-json\/wp\/v2\/media?parent=85"}],"curies":[{"name":"wp","href":"https:\/\/api.w.org\/{rel}","templated":true}]}}