{"id":2,"date":"2019-06-17T11:06:40","date_gmt":"2019-06-17T09:06:40","guid":{"rendered":"https:\/\/wordpress.nibis.de\/schadewe\/?page_id=2"},"modified":"2026-04-14T05:22:54","modified_gmt":"2026-04-14T03:22:54","slug":"impressum","status":"publish","type":"page","link":"https:\/\/wordpress.nibis.de\/schadewe\/impressum\/","title":{"rendered":"Impressum"},"content":{"rendered":"\n<p>Land Niedersachsen (Diensteanbieter im Sinne des Telemediengesetzes)<br>Das Land Niedersachsen ist eine juristische Person des \u00f6ffentlichen Rechts<br><\/p>\n\n\n\n<p><strong>Vertreten durch: <\/strong><br>Kerstin Stroot (Kommissarische Schulleitung)<br><\/p>\n\n\n\n<p>Schule an der Weser<br>Uferstr. 16<br>37603 Holzminden<br>Tel: 05531 94050<br>Mail: <a href=\"&#x6d;a&#x69;&#108;t&#x6f;&#58;&#x73;&#x63;h&#x75;&#108;l&#x65;&#105;&#x74;&#117;n&#x67;&#64;i&#x73;&#101;&#x72;&#118;-&#x66;&#115;&#x67;&#x2d;h&#x6f;&#108;&#46;&#x64;&#101;\">&#x73;&#99;&#104;u&#x6c;&#x6c;&#101;i&#x74;&#x75;&#110;g&#x40;&#x69;&#115;e&#x72;&#x76;&#45;f&#x73;&#x67;&#45;h&#x6f;&#x6c;&#46;&#100;e<\/a><br><\/p>\n\n\n\n<p><strong>Schulischer Datenschutzbeauftragter:<\/strong> <br>Ronny Lachmuth<br>E-Mail: <a href=\"mai&#108;&#116;&#111;&#58;&#x64;&#x61;&#x74;&#x65;&#x6e;&#x73;&#x63;hut&#122;&#64;&#105;&#115;&#101;&#x72;&#x76;&#x2d;&#x66;&#x73;&#x67;-hol&#46;&#100;&#101;\">&#x64;&#97;t&#x65;&#110;s&#x63;&#104;u&#x74;&#122;&#64;&#x69;&#115;e&#x72;&#x76;-&#x66;&#x73;&#103;&#x2d;&#x68;&#111;&#x6c;&#x2e;&#100;e<\/a> <br><\/p>\n\n\n\n<p><strong>Verantwortlich f\u00fcr redaktionell-journalistische Angebote i.S.d. \u00a7 55 Abs. 2 Rundfunkstaatsvertrag:<\/strong><\/p>\n\n\n\n<p>Kerstin Stroot (Kommissarische Schulleitung)<br>Schule an der Weser<br>Uferstr. 16<br>37603 Holzminden<\/p>\n\n\n\n<p><strong>Disclaimer<\/strong><\/p>\n\n\n\n<p>Diese Webseite beinhaltet externe Links. Deren Inhalte entziehen sich unserer Einflussnahme, sodass eine Gew\u00e4hr f\u00fcr solche Inhalte von uns nicht \u00fcbernommen werden kann.<br>Die Verantwortung liegt stets beim jeweiligen Betreiber der externen Seiten. Zum Zeitpunkt der Verkn\u00fcpfung der externen Links waren keine Rechtsverst\u00f6\u00dfe ersichtlich. Die permanente \u00dcberwachung fremder Inhalte auf Rechtsverst\u00f6\u00dfe ohne konkrete Hinweise ist uns nicht zumutbar.<br>Sollten wir Kenntnis von Rechtsverletzungen erlangen, werden wir die entsprechenden externen Links unverz\u00fcglich entfernen. <\/p>\n\n\n\n\n\n<p><\/p>\n","protected":false},"excerpt":{"rendered":"<p>Land Niedersachsen (Diensteanbieter im Sinne des Telemediengesetzes)Das Land Niedersachsen ist eine juristische Person des \u00f6ffentlichen Rechts Vertreten durch: Kerstin Stroot (Kommissarische Schulleitung) Schule an der WeserUferstr. 1637603 HolzmindenTel: 05531 94050Mail: &#x73;&#99;h&#x75;&#x6c;&#108;e&#x69;&#x74;&#117;n&#x67;&#x40;&#105;s&#x65;&#x72;&#118;-&#x66;&#115;&#103;-&#x68;&#111;l&#x2e;&#x64;&#101; Schulischer Datenschutzbeauftragter: Ronny LachmuthE-Mail: d&#97;&#x74;&#x65;n&#115;&#99;&#x68;&#x75;t&#122;&#64;&#x69;&#x73;e&#114;&#x76;&#x2d;&#x66;s&#103;&#x2d;&#x68;o&#108;&#46;&#x64;&#x65; Verantwortlich f\u00fcr redaktionell-journalistische Angebote i.S.d. \u00a7 55 Abs. 2 Rundfunkstaatsvertrag: Kerstin Stroot (Kommissarische Schulleitung)Schule an der WeserUferstr. 1637603 Holzminden Disclaimer Diese Webseite beinhaltet externe Links. Deren Inhalte entziehen sich unserer Einflussnahme, sodass eine Gew\u00e4hr f\u00fcr solche Inhalte von uns nicht \u00fcbernommen werden kann.Die Verantwortung&#8230;<\/p>\n<p class=\"read-more\"><a class=\"btn btn-default\" href=\"https:\/\/wordpress.nibis.de\/schadewe\/impressum\/\">Weiterlesen<span class=\"screen-reader-text\"> Weiterlesen<\/span><\/a><\/p>\n","protected":false},"author":9193178,"featured_media":0,"parent":0,"menu_order":0,"comment_status":"closed","ping_status":"open","template":"","meta":{"footnotes":""},"class_list":["post-2","page","type-page","status-publish","hentry"],"_links":{"self":[{"href":"https:\/\/wordpress.nibis.de\/schadewe\/wp-json\/wp\/v2\/pages\/2","targetHints":{"allow":["GET"]}}],"collection":[{"href":"https:\/\/wordpress.nibis.de\/schadewe\/wp-json\/wp\/v2\/pages"}],"about":[{"href":"https:\/\/wordpress.nibis.de\/schadewe\/wp-json\/wp\/v2\/types\/page"}],"author":[{"embeddable":true,"href":"https:\/\/wordpress.nibis.de\/schadewe\/wp-json\/wp\/v2\/users\/9193178"}],"replies":[{"embeddable":true,"href":"https:\/\/wordpress.nibis.de\/schadewe\/wp-json\/wp\/v2\/comments?post=2"}],"version-history":[{"count":9,"href":"https:\/\/wordpress.nibis.de\/schadewe\/wp-json\/wp\/v2\/pages\/2\/revisions"}],"predecessor-version":[{"id":1048,"href":"https:\/\/wordpress.nibis.de\/schadewe\/wp-json\/wp\/v2\/pages\/2\/revisions\/1048"}],"wp:attachment":[{"href":"https:\/\/wordpress.nibis.de\/schadewe\/wp-json\/wp\/v2\/media?parent=2"}],"curies":[{"name":"wp","href":"https:\/\/api.w.org\/{rel}","templated":true}]}}