{"id":292,"date":"2020-12-22T08:53:34","date_gmt":"2020-12-22T07:53:34","guid":{"rendered":"https:\/\/wordpress.nibis.de\/schadewe\/?page_id=292"},"modified":"2026-01-12T13:55:07","modified_gmt":"2026-01-12T12:55:07","slug":"das-macht-unsere-schule-aus","status":"publish","type":"page","link":"https:\/\/wordpress.nibis.de\/schadewe\/das-macht-unsere-schule-aus\/","title":{"rendered":"Das macht unsere Schule aus"},"content":{"rendered":"\n<p>An unserer Schule lernen alle Kinder mit dem Schwerpunkt Geistige Entwicklung gemeinsam. Wir unterst\u00fctzen uns gegenseitig. Schon im Schulsong hei\u00dft es: &#8222;Keiner bleibt bei uns alleine.&#8220; Unsere Schule befindet sich zur Zeit an zwei Standorten.&nbsp;&nbsp;<\/p>\n\n\n<p>In Bodenwerder ist die Primarstufe und auch Sekundarstufe &#8211; also die Klassen 1 bis 5. In Holzminden sind dann die &#8222;gro\u00dfen&#8220; Sch\u00fclerinnen und Sch\u00fcler. Solange, bis sie die Schule verlassen. Bei uns werden alle F\u00e4cher unterrichtet, die es auch an Regelschulen gibt. Mathe, Deutsch, Musik, Sachunterricht (oder bei den Gr\u00f6\u00dferen Natur- und Gesellschaftswissenschaften), Englisch, Kunst und Textil, Mobilit\u00e4t, Informatik oder auch Sport.\u00a0<\/p>\n<p><img loading=\"lazy\" decoding=\"async\" class=\"alignnone size-medium wp-image-272\" src=\"https:\/\/wordpress.nibis.de\/schadewe\/files\/2019\/10\/cropped-IMG_0276-850x191.png\" alt=\"\" width=\"850\" height=\"191\" \/>Unsere Schule hat zwei Schulgeb\u00e4ude. Eines in Bodenwerder, eines in Holzminden. In Bodenwerder gibt es drei Klassen und ganz viel Platz. Das Geb\u00e4ude d\u00fcrfen wir seit einiger Zeit benutzen, weil eine andere Schule dort ausgezogen ist. Wir haben in Bodenwerder sch\u00f6n helle Klassen und einen riesigen Schulhof mit Garten. F\u00fcr unsere j\u00fcngeren Sch\u00fclerinnen und Sch\u00fcler ist das genau richtig. In Holzminden ist das Geb\u00e4ude schon recht alt. Aber auch alte Geb\u00e4ude haben ihren Scharm &#8211; das hei\u00dft, dass sie auch toll sind.<\/p>\n<p>Es gibt bei uns viele Klassenr\u00e4ume, die jeweils einen zus\u00e4tzlichen F\u00f6rderraum haben. Auch eine gro\u00dfe Lehrk\u00fcche haben wir im Haus. Auf dem Gel\u00e4nde unserer Schule ist zudem eine Sporthalle und neben dem Innenhof, der unser Schulhof ist, haben wir einen sch\u00f6nen Schulgarten mit Blick auf die Weser.\u00a0<\/p>\n\n\n<div class=\"wp-block-group\"><div class=\"wp-block-group__inner-container is-layout-flow wp-block-group-is-layout-flow\">\n<figure class=\"wp-block-gallery has-nested-images columns-default is-cropped wp-block-gallery-1 is-layout-flex wp-block-gallery-is-layout-flex\">\n<figure class=\"wp-block-image size-full\"><img loading=\"lazy\" decoding=\"async\" width=\"2560\" height=\"725\" data-id=\"322\" src=\"https:\/\/wordpress.nibis.de\/schadewe\/files\/2020\/12\/IMG_20200515_070639-1-scaled.jpg\" alt=\"\" class=\"wp-image-322\" srcset=\"https:\/\/wordpress.nibis.de\/schadewe\/files\/2020\/12\/IMG_20200515_070639-1-scaled.jpg 2560w, https:\/\/wordpress.nibis.de\/schadewe\/files\/2020\/12\/IMG_20200515_070639-1-768x218.jpg 768w, https:\/\/wordpress.nibis.de\/schadewe\/files\/2020\/12\/IMG_20200515_070639-1-1536x435.jpg 1536w, https:\/\/wordpress.nibis.de\/schadewe\/files\/2020\/12\/IMG_20200515_070639-1-2048x580.jpg 2048w, https:\/\/wordpress.nibis.de\/schadewe\/files\/2020\/12\/IMG_20200515_070639-1-800x227.jpg 800w\" sizes=\"auto, (max-width: 2560px) 100vw, 2560px\" \/><\/figure>\n\n\n\n<figure class=\"wp-block-image size-full\"><img loading=\"lazy\" decoding=\"async\" width=\"320\" height=\"240\" data-id=\"318\" src=\"https:\/\/wordpress.nibis.de\/schadewe\/files\/2020\/12\/hnJfhOXFpWWHWGoOoiZAqgmt-1.jpg\" alt=\"\" class=\"wp-image-318\" \/><\/figure>\n\n\n\n<figure class=\"wp-block-image size-full\"><img loading=\"lazy\" decoding=\"async\" width=\"320\" height=\"240\" data-id=\"310\" src=\"https:\/\/wordpress.nibis.de\/schadewe\/files\/2020\/12\/CrgWwpsBTgoAScmtwBMULsNG.jpg\" alt=\"\" class=\"wp-image-310\" \/><\/figure>\n\n\n\n<figure class=\"wp-block-image size-full\"><img loading=\"lazy\" decoding=\"async\" width=\"990\" height=\"282\" data-id=\"258\" src=\"https:\/\/wordpress.nibis.de\/schadewe\/files\/2020\/05\/cropped-Panorama.jpg\" alt=\"\" class=\"wp-image-258\" srcset=\"https:\/\/wordpress.nibis.de\/schadewe\/files\/2020\/05\/cropped-Panorama.jpg 990w, https:\/\/wordpress.nibis.de\/schadewe\/files\/2020\/05\/cropped-Panorama-768x219.jpg 768w, https:\/\/wordpress.nibis.de\/schadewe\/files\/2020\/05\/cropped-Panorama-800x228.jpg 800w\" sizes=\"auto, (max-width: 990px) 100vw, 990px\" \/><\/figure>\n\n\n\n<figure class=\"wp-block-image size-full\"><img loading=\"lazy\" decoding=\"async\" width=\"320\" height=\"240\" data-id=\"317\" src=\"https:\/\/wordpress.nibis.de\/schadewe\/files\/2020\/12\/DKWmTeoAxgaaldrWLIYAmwXH-1.jpg\" alt=\"\" class=\"wp-image-317\" \/><\/figure>\n\n\n\n<figure class=\"wp-block-image size-full\"><img loading=\"lazy\" decoding=\"async\" width=\"11200\" height=\"3072\" data-id=\"269\" src=\"https:\/\/wordpress.nibis.de\/schadewe\/files\/2020\/06\/IMG_20200515_070506.jpg\" alt=\"\" class=\"wp-image-269\" srcset=\"https:\/\/wordpress.nibis.de\/schadewe\/files\/2020\/06\/IMG_20200515_070506.jpg 11200w, https:\/\/wordpress.nibis.de\/schadewe\/files\/2020\/06\/IMG_20200515_070506-768x211.jpg 768w, https:\/\/wordpress.nibis.de\/schadewe\/files\/2020\/06\/IMG_20200515_070506-800x219.jpg 800w\" sizes=\"auto, (max-width: 11200px) 100vw, 11200px\" \/><\/figure>\n<\/figure>\n<\/div><\/div>\n\n\n","protected":false},"excerpt":{"rendered":"<p>An unserer Schule lernen alle Kinder mit dem Schwerpunkt Geistige Entwicklung gemeinsam. Wir unterst\u00fctzen uns gegenseitig. Schon im Schulsong hei\u00dft es: &#8222;Keiner bleibt bei uns alleine.&#8220; Unsere Schule befindet sich zur Zeit an zwei Standorten.&nbsp;&nbsp; In Bodenwerder ist die Primarstufe und auch Sekundarstufe &#8211; also die Klassen 1 bis 5. In Holzminden sind dann die &#8222;gro\u00dfen&#8220; Sch\u00fclerinnen und Sch\u00fcler. Solange, bis sie die Schule verlassen. Bei uns werden alle F\u00e4cher unterrichtet, die es auch an Regelschulen gibt. Mathe, Deutsch, Musik,&#8230;<\/p>\n<p class=\"read-more\"><a class=\"btn btn-default\" href=\"https:\/\/wordpress.nibis.de\/schadewe\/das-macht-unsere-schule-aus\/\">Weiterlesen<span class=\"screen-reader-text\"> Weiterlesen<\/span><\/a><\/p>\n","protected":false},"author":9193575,"featured_media":0,"parent":0,"menu_order":0,"comment_status":"closed","ping_status":"closed","template":"","meta":{"footnotes":""},"class_list":["post-292","page","type-page","status-publish","hentry"],"_links":{"self":[{"href":"https:\/\/wordpress.nibis.de\/schadewe\/wp-json\/wp\/v2\/pages\/292","targetHints":{"allow":["GET"]}}],"collection":[{"href":"https:\/\/wordpress.nibis.de\/schadewe\/wp-json\/wp\/v2\/pages"}],"about":[{"href":"https:\/\/wordpress.nibis.de\/schadewe\/wp-json\/wp\/v2\/types\/page"}],"author":[{"embeddable":true,"href":"https:\/\/wordpress.nibis.de\/schadewe\/wp-json\/wp\/v2\/users\/9193575"}],"replies":[{"embeddable":true,"href":"https:\/\/wordpress.nibis.de\/schadewe\/wp-json\/wp\/v2\/comments?post=292"}],"version-history":[{"count":9,"href":"https:\/\/wordpress.nibis.de\/schadewe\/wp-json\/wp\/v2\/pages\/292\/revisions"}],"predecessor-version":[{"id":945,"href":"https:\/\/wordpress.nibis.de\/schadewe\/wp-json\/wp\/v2\/pages\/292\/revisions\/945"}],"wp:attachment":[{"href":"https:\/\/wordpress.nibis.de\/schadewe\/wp-json\/wp\/v2\/media?parent=292"}],"curies":[{"name":"wp","href":"https:\/\/api.w.org\/{rel}","templated":true}]}}