{"id":338,"date":"2020-12-22T10:21:28","date_gmt":"2020-12-22T09:21:28","guid":{"rendered":"https:\/\/wordpress.nibis.de\/schadewe\/?page_id=338"},"modified":"2026-04-14T05:26:11","modified_gmt":"2026-04-14T03:26:11","slug":"wer-an-unserer-schule-arbeitet","status":"publish","type":"page","link":"https:\/\/wordpress.nibis.de\/schadewe\/wer-an-unserer-schule-arbeitet\/","title":{"rendered":"Wer an unserer Schule arbeitet"},"content":{"rendered":"\n<p>An F\u00f6rderschulen arbeiten ganz unterschiedliche Berufsgruppen.<\/p>\n<p>Nat\u00fcrlich haben wir, wie an jeder Schule, Lehrerinnen und Lehrer. Jede Klasse hat einen Klassenlehrer oder eine Klassenlehrerin.&nbsp;<\/p>\n<p>Es gibt in jeder Klasse eine p\u00e4dagogische Fachkraft. Die ist entweder ein Erzieher oder eine Erzieherin, oder aber auch ein Heilerziehungspfleger oder Heilerziehungspflegerin. Sie unterst\u00fctzen die Lehrerinnen und Lehrer und helfen den Sch\u00fclerinnen und Sch\u00fclern.<\/p>\n<p>Da viele Sch\u00fclerinnen und Sch\u00fcler Handicaps &#8211; also Beeintr\u00e4chtigungen &#8211; haben, gibt es bei uns auch noch Therapeuten. Wir haben eine Logop\u00e4din, die sich mit der Sprache und dem Sprechen auskennt. Dann gibt es noch die Ergotherapeuten und die Physiotherapeuten. Diese versuchen einen k\u00f6rperlich fit zu halten.<\/p>\n<p>Als Schule brauchen wir dar\u00fcber hinaus nat\u00fcrlich noch Hausmeister, eine Sekret\u00e4rin, Reinigungskr\u00e4fte und Mitarbeiterinnen in der Schulk\u00fcche, wo das Mittagessen vorbereitet wird.<\/p>\n<p>Alles zusammen sind wir das Team der Schule an der Weser.<\/p>\n<p>&nbsp;<\/p>\n\n\n\n<h3 class=\"wp-block-heading\"><span class=\"has-inline-color has-very-dark-gray-color\">Unsere Verwaltung<\/span><\/h3>\n\n\n\n<figure class=\"wp-block-gallery has-nested-images columns-default is-cropped wp-block-gallery-1 is-layout-flex wp-block-gallery-is-layout-flex\"><\/figure>\n\n\n\n<p><\/p>\n\n\n\n<figure class=\"wp-block-table is-style-stripes\"><table><tbody><tr><td class=\"has-text-align-center\" data-align=\"center\"><img decoding=\"async\" style=\"width: 100px\" src=\"https:\/\/wordpress.nibis.de\/schadewe\/files\/2021\/03\/WhatsApp-Image-2021-03-29-at-09.11.20-668x675.jpeg\" alt=\"Dieses Bild hat ein leeres Alt-Attribut. Der Dateiname ist WhatsApp-Image-2021-03-29-at-09.11.20-668x675.jpeg\"><\/td><td>Frau Stroot<\/td><td>Kommissarische Schulleitung<\/td><\/tr><tr><td class=\"has-text-align-center\" data-align=\"center\"><img decoding=\"async\" style=\"width: 100px\" src=\"https:\/\/wordpress.nibis.de\/schadewe\/files\/2021\/03\/WhatsApp-Image-2021-03-29-at-09.18.48.jpeg\" alt=\"Dieses Bild hat ein leeres Alt-Attribut. Der Dateiname ist WhatsApp-Image-2021-03-29-at-09.18.48.jpeg\"><\/td><td>Frau Lohre<\/td><td>Sekret\u00e4rin<\/td><\/tr><tr><td class=\"has-text-align-center\" data-align=\"center\"><img decoding=\"async\" style=\"width: 100px\" src=\"https:\/\/wordpress.nibis.de\/schadewe\/files\/2021\/03\/WhatsApp-Image-2021-03-29-at-09.46.53.jpeg\" alt=\"Dieses Bild hat ein leeres Alt-Attribut. Der Dateiname ist WhatsApp-Image-2021-03-29-at-09.46.53.jpeg\"><\/td><td>Herr M\u00e4del<\/td><td>Hausmeister<\/td><\/tr><tr><td class=\"has-text-align-center\" data-align=\"center\"><\/td><td><\/td><td><\/td><\/tr><\/tbody><\/table><\/figure>\n\n\n\n<p><\/p>\n\n\n\n<h3 class=\"wp-block-heading\">Unsere Lehrkr\u00e4fte<\/h3>\n\n\n\n<figure class=\"wp-block-gallery has-nested-images columns-default is-cropped wp-block-gallery-2 is-layout-flex wp-block-gallery-is-layout-flex\"><\/figure>\n\n\n\n<figure class=\"wp-block-table is-style-stripes has-small-font-size\"><table><tbody><tr><td><img decoding=\"async\" src=\"https:\/\/wordpress.nibis.de\/schadewe\/files\/2021\/03\/WhatsApp-Image-2021-03-29-at-09.46.53-1.jpeg\" alt=\"Dieses Bild hat ein leeres Alt-Attribut. Der Dateiname ist WhatsApp-Image-2021-03-29-at-09.46.53-1.jpeg\" style=\"width: 100px\"><\/td><td>Frau Albers<\/td><\/tr><tr><td><img decoding=\"async\" src=\"https:\/\/wordpress.nibis.de\/schadewe\/files\/2021\/03\/WhatsApp-Image-2021-03-29-at-09.46.53-1.jpeg\" alt=\"Dieses Bild hat ein leeres Alt-Attribut. Der Dateiname ist WhatsApp-Image-2021-03-29-at-09.46.53-1.jpeg\" style=\"width: 100px\"><\/td><td>Frau Bachler<\/td><\/tr><tr><td><img decoding=\"async\" src=\"https:\/\/wordpress.nibis.de\/schadewe\/files\/2021\/03\/WhatsApp-Image-2021-03-29-at-09.46.53-1.jpeg\" alt=\"Dieses Bild hat ein leeres Alt-Attribut. Der Dateiname ist WhatsApp-Image-2021-03-29-at-09.46.53-1.jpeg\" style=\"width: 100px\"><\/td><td>Frau Borgolte<\/td><\/tr><tr><td><img decoding=\"async\" style=\"width: 100px\" src=\"https:\/\/wordpress.nibis.de\/schadewe\/files\/2021\/03\/WhatsApp-Image-2021-03-29-at-09.46.53-1.jpeg\" alt=\"Dieses Bild hat ein leeres Alt-Attribut. Der Dateiname ist WhatsApp-Image-2021-03-29-at-09.46.53-1.jpeg\"><\/td><td>Frau G\u00fcltzow<\/td><\/tr><tr><td><img decoding=\"async\" style=\"width: 100px\" src=\"https:\/\/wordpress.nibis.de\/schadewe\/files\/2025\/01\/IMG_7837-scaled.jpeg\" alt=\"\"><\/td><td>Frau Hartmann<\/td><\/tr><tr><td><img decoding=\"async\" src=\"https:\/\/wordpress.nibis.de\/schadewe\/files\/2021\/03\/WhatsApp-Image-2021-03-29-at-09.46.53-1.jpeg\" alt=\"Dieses Bild hat ein leeres Alt-Attribut. Der Dateiname ist WhatsApp-Image-2021-03-29-at-09.46.53-1.jpeg\" style=\"width: 100px\"><\/td><td>Frau Kr\u00fcger<\/td><\/tr><tr><td><img decoding=\"async\" style=\"width: 100px\" src=\"https:\/\/wordpress.nibis.de\/schadewe\/files\/2021\/03\/WhatsApp-Image-2021-03-29-at-09.46.53.jpeg\" alt=\"Dieses Bild hat ein leeres Alt-Attribut. Der Dateiname ist WhatsApp-Image-2021-03-29-at-09.46.53.jpeg\"><\/td><td>Herr Kumlehn <\/td><\/tr><tr><td><img decoding=\"async\" src=\"https:\/\/wordpress.nibis.de\/schadewe\/files\/2021\/03\/WhatsApp-Image-2021-03-29-at-09.46.53.jpeg\" alt=\"Dieses Bild hat ein leeres Alt-Attribut. Der Dateiname ist WhatsApp-Image-2021-03-29-at-09.46.53.jpeg\" style=\"width: 100px\"><\/td><td>Herr Lachmuth<\/td><\/tr><tr><td><img decoding=\"async\" style=\"width: 100px\" src=\"https:\/\/wordpress.nibis.de\/schadewe\/files\/2021\/03\/WhatsApp-Image-2021-03-29-at-09.46.53-1.jpeg\" alt=\"Dieses Bild hat ein leeres Alt-Attribut. Der Dateiname ist WhatsApp-Image-2021-03-29-at-09.46.53-1.jpeg\"><\/td><td>Frau Paszenda <\/td><\/tr><tr><td><img decoding=\"async\" src=\"https:\/\/wordpress.nibis.de\/schadewe\/files\/2021\/03\/WhatsApp-Image-2021-03-29-at-09.46.53-1.jpeg\" alt=\"Dieses Bild hat ein leeres Alt-Attribut. Der Dateiname ist WhatsApp-Image-2021-03-29-at-09.46.53-1.jpeg\" style=\"width: 100px\"><\/td><td>Frau Schiffler<\/td><\/tr><tr><td><img decoding=\"async\" src=\"https:\/\/wordpress.nibis.de\/schadewe\/files\/2021\/03\/WhatsApp-Image-2021-03-29-at-09.46.53-1.jpeg\" alt=\"Dieses Bild hat ein leeres Alt-Attribut. Der Dateiname ist WhatsApp-Image-2021-03-29-at-09.46.53-1.jpeg\" style=\"width: 100px\"><\/td><td>Frau Schmalstieg<\/td><\/tr><tr><td><img decoding=\"async\" src=\"https:\/\/wordpress.nibis.de\/schadewe\/files\/2021\/03\/WhatsApp-Image-2021-03-29-at-09.46.53-1.jpeg\" alt=\"Dieses Bild hat ein leeres Alt-Attribut. Der Dateiname ist WhatsApp-Image-2021-03-29-at-09.46.53-1.jpeg\" style=\"width: 100px\"><\/td><td>Frau Schoppe<\/td><\/tr><tr><td><img decoding=\"async\" style=\"width: 100px\" src=\"https:\/\/wordpress.nibis.de\/schadewe\/files\/2021\/03\/WhatsApp-Image-2021-03-29-at-09.46.53-1.jpeg\" alt=\"Dieses Bild hat ein leeres Alt-Attribut. Der Dateiname ist WhatsApp-Image-2021-03-29-at-09.46.53-1.jpeg\"><\/td><td>Frau Thielke<\/td><\/tr><tr><td><img decoding=\"async\" style=\"width: 100px\" src=\"https:\/\/wordpress.nibis.de\/schadewe\/files\/2021\/03\/WhatsApp-Image-2021-03-29-at-09.46.53-1.jpeg\" alt=\"Dieses Bild hat ein leeres Alt-Attribut. Der Dateiname ist WhatsApp-Image-2021-03-29-at-09.46.53-1.jpeg\"><\/td><td>Frau Wagner<\/td><\/tr><tr><td><img decoding=\"async\" style=\"width: 100px\" src=\"https:\/\/wordpress.nibis.de\/schadewe\/files\/2021\/03\/WhatsApp-Image-2021-03-29-at-09.46.53-1.jpeg\" alt=\"Dieses Bild hat ein leeres Alt-Attribut. Der Dateiname ist WhatsApp-Image-2021-03-29-at-09.46.53-1.jpeg\"> <\/td><td>Frau Paduch <\/td><\/tr><tr><td><\/td><td><\/td><\/tr><tr><td><\/td><td><\/td><\/tr><\/tbody><\/table><\/figure>\n\n\n\n\n\n<p><\/p>\n\n\n\n<p><\/p>\n\n\n\n<h3 class=\"wp-block-heading\">Unsere Therapeuten und Therapeutinnen<\/h3>\n\n\n\n<p><\/p>\n\n\n\n<p><\/p>\n\n\n\n<figure class=\"wp-block-table is-style-stripes\"><table><tbody><tr><td><img decoding=\"async\" src=\"https:\/\/wordpress.nibis.de\/schadewe\/files\/2021\/03\/WhatsApp-Image-2021-03-29-at-09.19.04-1024x675.jpeg\" alt=\"Dieses Bild hat ein leeres Alt-Attribut. Der Dateiname ist WhatsApp-Image-2021-03-29-at-09.19.04-1024x675.jpeg\" style=\"width: 100px\"><\/td><td>Frau Krome-Brandt<\/td><td>Logop\u00e4din<\/td><\/tr><tr><td><img decoding=\"async\" src=\"https:\/\/wordpress.nibis.de\/schadewe\/files\/2021\/03\/WhatsApp-Image-2021-03-29-at-09.46.53-1.jpeg\" alt=\"Dieses Bild hat ein leeres Alt-Attribut. Der Dateiname ist WhatsApp-Image-2021-03-29-at-09.46.53-1.jpeg\" style=\"width: 100px\"><\/td><td>Frau Stohlmann<\/td><td>Ergotherapeutin<\/td><\/tr><tr><td><img decoding=\"async\" src=\"https:\/\/wordpress.nibis.de\/schadewe\/files\/2021\/03\/WhatsApp-Image-2021-03-29-at-10.33.15-768x675.jpeg\" alt=\"Dieses Bild hat ein leeres Alt-Attribut. Der Dateiname ist WhatsApp-Image-2021-03-29-at-10.33.15-768x675.jpeg\" style=\"width: 100px\"><\/td><td>Frau Warneke<\/td><td>Physiotherapeutin<\/td><\/tr><tr><td><img decoding=\"async\" src=\"https:\/\/wordpress.nibis.de\/schadewe\/files\/2021\/03\/WhatsApp-Image-2021-03-29-at-09.46.53-2.jpeg\" alt=\"Dieses Bild hat ein leeres Alt-Attribut. Der Dateiname ist WhatsApp-Image-2021-03-29-at-09.46.53-2.jpeg\" style=\"width: 100px\"><\/td><td>Herr Weber<\/td><td>Ergotherapeut<\/td><\/tr><\/tbody><\/table><\/figure>\n\n\n\n<p><\/p>\n\n\n\n<p><\/p>\n\n\n\n<h3 class=\"wp-block-heading\">Unsere P\u00e4dagogischen Fachkr\u00e4fte<\/h3>\n\n\n\n<p><\/p>\n\n\n\n<p><\/p>\n\n\n\n<figure class=\"wp-block-table is-style-stripes\"><table><tbody><tr><td><img decoding=\"async\" src=\"https:\/\/wordpress.nibis.de\/schadewe\/files\/2021\/03\/WhatsApp-Image-2021-03-29-at-09.46.53-1-1.jpeg\" alt=\"Dieses Bild hat ein leeres Alt-Attribut. Der Dateiname ist WhatsApp-Image-2021-03-29-at-09.46.53-1-1.jpeg\" style=\"width: 100px\"><\/td><td>Frau Dietrich<\/td><\/tr><tr><td><img decoding=\"async\" src=\"https:\/\/wordpress.nibis.de\/schadewe\/files\/2021\/03\/WhatsApp-Image-2021-03-29-at-09.46.53-1-1.jpeg\" alt=\"Dieses Bild hat ein leeres Alt-Attribut. Der Dateiname ist WhatsApp-Image-2021-03-29-at-09.46.53-1-1.jpeg\" style=\"width: 100px\"><\/td><td>Frau Dro\u00dfel<\/td><\/tr><tr><td><img decoding=\"async\" src=\"https:\/\/wordpress.nibis.de\/schadewe\/files\/2021\/03\/WhatsApp-Image-2021-03-29-at-09.46.53-1-1.jpeg\" alt=\"Dieses Bild hat ein leeres Alt-Attribut. Der Dateiname ist WhatsApp-Image-2021-03-29-at-09.46.53-1-1.jpeg\" style=\"width: 100px\"><\/td><td>Frau D\u00fcker<\/td><\/tr><tr><td><img decoding=\"async\" src=\"https:\/\/wordpress.nibis.de\/schadewe\/files\/2021\/03\/WhatsApp-Image-2021-03-29-at-09.46.53-1-1.jpeg\" alt=\"Dieses Bild hat ein leeres Alt-Attribut. Der Dateiname ist WhatsApp-Image-2021-03-29-at-09.46.53-1-1.jpeg\" style=\"width: 100px\"><\/td><td>Frau Feindt<\/td><\/tr><tr><td><img decoding=\"async\" src=\"https:\/\/wordpress.nibis.de\/schadewe\/files\/2021\/03\/WhatsApp-Image-2021-03-29-at-09.46.53-1-1.jpeg\" alt=\"Dieses Bild hat ein leeres Alt-Attribut. Der Dateiname ist WhatsApp-Image-2021-03-29-at-09.46.53-1-1.jpeg\" style=\"width: 100px\"><\/td><td>Frau Heil<\/td><\/tr><tr><td><img decoding=\"async\" src=\"https:\/\/wordpress.nibis.de\/schadewe\/files\/2021\/03\/WhatsApp-Image-2021-03-29-at-09.13.56-768x675.jpeg\" alt=\"Dieses Bild hat ein leeres Alt-Attribut. Der Dateiname ist WhatsApp-Image-2021-03-29-at-09.13.56-768x675.jpeg\" style=\"width: 100px\"><\/td><td>Frau Herbst<\/td><\/tr><tr><td><img decoding=\"async\" src=\"https:\/\/wordpress.nibis.de\/schadewe\/files\/2021\/03\/WhatsApp-Image-2021-03-29-at-09.46.53-1-1.jpeg\" alt=\"Dieses Bild hat ein leeres Alt-Attribut. Der Dateiname ist WhatsApp-Image-2021-03-29-at-09.46.53-1-1.jpeg\" style=\"width: 100px\"><\/td><td>Frau Jaskolla-Lein<\/td><\/tr><tr><td><img decoding=\"async\" src=\"https:\/\/wordpress.nibis.de\/schadewe\/files\/2021\/03\/WhatsApp-Image-2021-03-29-at-09.46.53-1-1.jpeg\" alt=\"Dieses Bild hat ein leeres Alt-Attribut. Der Dateiname ist WhatsApp-Image-2021-03-29-at-09.46.53-1-1.jpeg\" style=\"width: 100px\"><\/td><td>Frau Klages<\/td><\/tr><tr><td><img decoding=\"async\" src=\"https:\/\/wordpress.nibis.de\/schadewe\/files\/2021\/03\/WhatsApp-Image-2021-03-29-at-09.46.53-1-1.jpeg\" alt=\"Dieses Bild hat ein leeres Alt-Attribut. Der Dateiname ist WhatsApp-Image-2021-03-29-at-09.46.53-1-1.jpeg\" style=\"width: 100px\"><\/td><td>Frau Marks<\/td><\/tr><tr><td><img decoding=\"async\" style=\"width: 100px\" src=\"https:\/\/wordpress.nibis.de\/schadewe\/files\/2021\/03\/WhatsApp-Image-2021-03-29-at-09.12.23.jpeg\" alt=\"Dieses Bild hat ein leeres Alt-Attribut. Der Dateiname ist WhatsApp-Image-2021-03-29-at-09.12.23.jpeg\"><\/td><td>Herr Nietzsch<\/td><\/tr><tr><td><img decoding=\"async\" style=\"width: 100px\" src=\"https:\/\/wordpress.nibis.de\/schadewe\/files\/2021\/03\/WhatsApp-Image-2021-03-29-at-09.46.53-1-1.jpeg\" alt=\"Dieses Bild hat ein leeres Alt-Attribut. Der Dateiname ist WhatsApp-Image-2021-03-29-at-09.46.53-1-1.jpeg\"><\/td><td>Frau Papenberg<\/td><\/tr><tr><td><img decoding=\"async\" src=\"https:\/\/wordpress.nibis.de\/schadewe\/files\/2021\/03\/WhatsApp-Image-2021-03-29-at-09.46.53-1-1.jpeg\" alt=\"Dieses Bild hat ein leeres Alt-Attribut. Der Dateiname ist WhatsApp-Image-2021-03-29-at-09.46.53-1-1.jpeg\" style=\"width: 100px\"><\/td><td>Frau Porsch<\/td><\/tr><tr><td><img decoding=\"async\" src=\"https:\/\/wordpress.nibis.de\/schadewe\/files\/2021\/03\/WhatsApp-Image-2021-03-29-at-09.46.53-1-1.jpeg\" alt=\"Dieses Bild hat ein leeres Alt-Attribut. Der Dateiname ist WhatsApp-Image-2021-03-29-at-09.46.53-1-1.jpeg\" style=\"width: 100px\"><\/td><td>Frau R\u00f6ssler<\/td><\/tr><tr><td><img decoding=\"async\" src=\"https:\/\/wordpress.nibis.de\/schadewe\/files\/2021\/03\/WhatsApp-Image-2021-03-29-at-09.46.53-1-1.jpeg\" alt=\"Dieses Bild hat ein leeres Alt-Attribut. Der Dateiname ist WhatsApp-Image-2021-03-29-at-09.46.53-1-1.jpeg\" style=\"width: 100px\"><\/td><td>Frau Schultert<\/td><\/tr><tr><td><img decoding=\"async\" src=\"https:\/\/wordpress.nibis.de\/schadewe\/files\/2021\/03\/WhatsApp-Image-2021-03-29-at-09.46.53-2.jpeg\" alt=\"Dieses Bild hat ein leeres Alt-Attribut. Der Dateiname ist WhatsApp-Image-2021-03-29-at-09.46.53-2.jpeg\" style=\"width: 100px\"><\/td><td>Herr Schumann<\/td><\/tr><tr><td><img decoding=\"async\" src=\"https:\/\/wordpress.nibis.de\/schadewe\/files\/2021\/03\/WhatsApp-Image-2021-03-29-at-09.46.53-1-1.jpeg\" alt=\"Dieses Bild hat ein leeres Alt-Attribut. Der Dateiname ist WhatsApp-Image-2021-03-29-at-09.46.53-1-1.jpeg\" style=\"width: 100px\"><\/td><td>Frau Wei\u00dffinger<\/td><\/tr><\/tbody><\/table><\/figure>\n\n\n","protected":false},"excerpt":{"rendered":"<p>An F\u00f6rderschulen arbeiten ganz unterschiedliche Berufsgruppen. Nat\u00fcrlich haben wir, wie an jeder Schule, Lehrerinnen und Lehrer. Jede Klasse hat einen Klassenlehrer oder eine Klassenlehrerin.&nbsp; Es gibt in jeder Klasse eine p\u00e4dagogische Fachkraft. Die ist entweder ein Erzieher oder eine Erzieherin, oder aber auch ein Heilerziehungspfleger oder Heilerziehungspflegerin. Sie unterst\u00fctzen die Lehrerinnen und Lehrer und helfen den Sch\u00fclerinnen und Sch\u00fclern. Da viele Sch\u00fclerinnen und Sch\u00fcler Handicaps &#8211; also Beeintr\u00e4chtigungen &#8211; haben, gibt es bei uns auch noch Therapeuten. Wir haben eine&#8230;<\/p>\n<p class=\"read-more\"><a class=\"btn btn-default\" href=\"https:\/\/wordpress.nibis.de\/schadewe\/wer-an-unserer-schule-arbeitet\/\">Weiterlesen<span class=\"screen-reader-text\"> Weiterlesen<\/span><\/a><\/p>\n","protected":false},"author":9193575,"featured_media":0,"parent":0,"menu_order":0,"comment_status":"closed","ping_status":"closed","template":"","meta":{"footnotes":""},"class_list":["post-338","page","type-page","status-publish","hentry"],"_links":{"self":[{"href":"https:\/\/wordpress.nibis.de\/schadewe\/wp-json\/wp\/v2\/pages\/338","targetHints":{"allow":["GET"]}}],"collection":[{"href":"https:\/\/wordpress.nibis.de\/schadewe\/wp-json\/wp\/v2\/pages"}],"about":[{"href":"https:\/\/wordpress.nibis.de\/schadewe\/wp-json\/wp\/v2\/types\/page"}],"author":[{"embeddable":true,"href":"https:\/\/wordpress.nibis.de\/schadewe\/wp-json\/wp\/v2\/users\/9193575"}],"replies":[{"embeddable":true,"href":"https:\/\/wordpress.nibis.de\/schadewe\/wp-json\/wp\/v2\/comments?post=338"}],"version-history":[{"count":15,"href":"https:\/\/wordpress.nibis.de\/schadewe\/wp-json\/wp\/v2\/pages\/338\/revisions"}],"predecessor-version":[{"id":1052,"href":"https:\/\/wordpress.nibis.de\/schadewe\/wp-json\/wp\/v2\/pages\/338\/revisions\/1052"}],"wp:attachment":[{"href":"https:\/\/wordpress.nibis.de\/schadewe\/wp-json\/wp\/v2\/media?parent=338"}],"curies":[{"name":"wp","href":"https:\/\/api.w.org\/{rel}","templated":true}]}}