{"id":396,"date":"2021-10-04T14:40:21","date_gmt":"2021-10-04T12:40:21","guid":{"rendered":"https:\/\/wordpress.nibis.de\/schadewe\/?page_id=396"},"modified":"2021-10-04T14:40:22","modified_gmt":"2021-10-04T12:40:22","slug":"insekten-hotels","status":"publish","type":"page","link":"https:\/\/wordpress.nibis.de\/schadewe\/insekten-hotels\/","title":{"rendered":"Insekten-Hotels"},"content":{"rendered":"\n<p>Die Klasse 7-9 hat im Biologie-Unterricht Insekten-Hotels gebaut:<\/p>\n\n\n\n<p>Es wurden \u00c4ste und Zweige gesammelt und alte Konservendosen bemalt. <\/p>\n\n\n\n<p>Diese wurden dann mit den \u00c4sten und Zweigen gef\u00fcllt und mit Kronkorken, Pfeifenputzern und Wackelaugen verziert.<\/p>\n\n\n\n<p>Mit einer Schnur wurden die fertigen &#8222;Insekten&#8220; in unserem Schulgarten aufgeh\u00e4ngt. <\/p>\n\n\n\n<p>Dort k\u00f6nnen sie besichtigt werden. <\/p>\n\n\n\n<figure class=\"wp-block-image size-large is-resized is-style-tw-frame\"><img loading=\"lazy\" decoding=\"async\" src=\"https:\/\/wordpress.nibis.de\/schadewe\/files\/2021\/10\/Insekten-Hotels-1200x675.jpg\" alt=\"\" class=\"wp-image-397\" width=\"840\" height=\"472\" srcset=\"https:\/\/wordpress.nibis.de\/schadewe\/files\/2021\/10\/Insekten-Hotels-1200x675.jpg 1200w, https:\/\/wordpress.nibis.de\/schadewe\/files\/2021\/10\/Insekten-Hotels-850x478.jpg 850w, https:\/\/wordpress.nibis.de\/schadewe\/files\/2021\/10\/Insekten-Hotels-250x141.jpg 250w\" sizes=\"auto, (max-width: 840px) 100vw, 840px\" \/><figcaption>Brian, Nils, Vin, Erik, Lena und Alex<\/figcaption><\/figure>\n\n\n\n<p><\/p>\n","protected":false},"excerpt":{"rendered":"<p>Die Klasse 7-9 hat im Biologie-Unterricht Insekten-Hotels gebaut: Es wurden \u00c4ste und Zweige gesammelt und alte Konservendosen bemalt. Diese wurden dann mit den \u00c4sten und Zweigen gef\u00fcllt und mit Kronkorken, Pfeifenputzern und Wackelaugen verziert. Mit einer Schnur wurden die fertigen &#8222;Insekten&#8220; in unserem Schulgarten aufgeh\u00e4ngt. Dort k\u00f6nnen sie besichtigt werden.<\/p>\n","protected":false},"author":9193575,"featured_media":0,"parent":0,"menu_order":0,"comment_status":"closed","ping_status":"closed","template":"","meta":{"footnotes":""},"class_list":["post-396","page","type-page","status-publish","hentry"],"_links":{"self":[{"href":"https:\/\/wordpress.nibis.de\/schadewe\/wp-json\/wp\/v2\/pages\/396","targetHints":{"allow":["GET"]}}],"collection":[{"href":"https:\/\/wordpress.nibis.de\/schadewe\/wp-json\/wp\/v2\/pages"}],"about":[{"href":"https:\/\/wordpress.nibis.de\/schadewe\/wp-json\/wp\/v2\/types\/page"}],"author":[{"embeddable":true,"href":"https:\/\/wordpress.nibis.de\/schadewe\/wp-json\/wp\/v2\/users\/9193575"}],"replies":[{"embeddable":true,"href":"https:\/\/wordpress.nibis.de\/schadewe\/wp-json\/wp\/v2\/comments?post=396"}],"version-history":[{"count":1,"href":"https:\/\/wordpress.nibis.de\/schadewe\/wp-json\/wp\/v2\/pages\/396\/revisions"}],"predecessor-version":[{"id":398,"href":"https:\/\/wordpress.nibis.de\/schadewe\/wp-json\/wp\/v2\/pages\/396\/revisions\/398"}],"wp:attachment":[{"href":"https:\/\/wordpress.nibis.de\/schadewe\/wp-json\/wp\/v2\/media?parent=396"}],"curies":[{"name":"wp","href":"https:\/\/api.w.org\/{rel}","templated":true}]}}