{"id":429,"date":"2021-12-13T13:15:17","date_gmt":"2021-12-13T12:15:17","guid":{"rendered":"https:\/\/wordpress.nibis.de\/schadewe\/?page_id=429"},"modified":"2021-12-13T13:15:18","modified_gmt":"2021-12-13T12:15:18","slug":"helden","status":"publish","type":"page","link":"https:\/\/wordpress.nibis.de\/schadewe\/helden\/","title":{"rendered":"Helden"},"content":{"rendered":"\n<p>\u201e<em>Ich mag die Helden, weil sie die Guten sind. Ich mag Henry Danger am liebsten von allen Helden. Er k\u00e4mpft gegen das B\u00f6se und danger &#8211; force Kinder helfen ihm am Ende. Captain Man geh\u00f6rt dazu. Bei Asterix und Obelix gef\u00e4llt mir, dass sie die R\u00f6mer durch die Luft fliegen lassen. Ich sammle die Asterix Hefte<\/em>.\u201c &#8211; Pascal, Klasse 9 <\/p>\n\n\n\n<p><\/p>\n\n\n\n<figure class=\"wp-block-gallery columns-3 is-cropped is-style-default wp-block-gallery-1 is-layout-flex wp-block-gallery-is-layout-flex\"><ul class=\"blocks-gallery-grid\"><li class=\"blocks-gallery-item\"><figure><img loading=\"lazy\" decoding=\"async\" width=\"1920\" height=\"2560\" src=\"https:\/\/wordpress.nibis.de\/schadewe\/files\/2021\/12\/IMG_20211213_072239-scaled.jpg\" alt=\"\" data-id=\"430\" data-link=\"https:\/\/wordpress.nibis.de\/schadewe\/?attachment_id=430\" class=\"wp-image-430\" srcset=\"https:\/\/wordpress.nibis.de\/schadewe\/files\/2021\/12\/IMG_20211213_072239-scaled.jpg 1920w, https:\/\/wordpress.nibis.de\/schadewe\/files\/2021\/12\/IMG_20211213_072239-768x1024.jpg 768w, https:\/\/wordpress.nibis.de\/schadewe\/files\/2021\/12\/IMG_20211213_072239-1152x1536.jpg 1152w, https:\/\/wordpress.nibis.de\/schadewe\/files\/2021\/12\/IMG_20211213_072239-1536x2048.jpg 1536w, https:\/\/wordpress.nibis.de\/schadewe\/files\/2021\/12\/IMG_20211213_072239-203x270.jpg 203w\" sizes=\"auto, (max-width: 1920px) 100vw, 1920px\" \/><\/figure><\/li><li class=\"blocks-gallery-item\"><figure><img loading=\"lazy\" decoding=\"async\" width=\"1372\" height=\"2560\" src=\"https:\/\/wordpress.nibis.de\/schadewe\/files\/2021\/12\/IMG_20211213_072343_edit_327179778951635-scaled.jpg\" alt=\"\" data-id=\"431\" data-link=\"https:\/\/wordpress.nibis.de\/schadewe\/?attachment_id=431\" class=\"wp-image-431\" srcset=\"https:\/\/wordpress.nibis.de\/schadewe\/files\/2021\/12\/IMG_20211213_072343_edit_327179778951635-scaled.jpg 1372w, https:\/\/wordpress.nibis.de\/schadewe\/files\/2021\/12\/IMG_20211213_072343_edit_327179778951635-768x1433.jpg 768w, https:\/\/wordpress.nibis.de\/schadewe\/files\/2021\/12\/IMG_20211213_072343_edit_327179778951635-823x1536.jpg 823w, https:\/\/wordpress.nibis.de\/schadewe\/files\/2021\/12\/IMG_20211213_072343_edit_327179778951635-1097x2048.jpg 1097w, https:\/\/wordpress.nibis.de\/schadewe\/files\/2021\/12\/IMG_20211213_072343_edit_327179778951635-145x270.jpg 145w\" sizes=\"auto, (max-width: 1372px) 100vw, 1372px\" \/><\/figure><\/li><li class=\"blocks-gallery-item\"><figure><img loading=\"lazy\" decoding=\"async\" width=\"1696\" height=\"2560\" src=\"https:\/\/wordpress.nibis.de\/schadewe\/files\/2021\/12\/IMG_20211213_072404_edit_327134785959455-scaled.jpg\" alt=\"\" data-id=\"433\" data-link=\"https:\/\/wordpress.nibis.de\/schadewe\/?attachment_id=433\" class=\"wp-image-433\" srcset=\"https:\/\/wordpress.nibis.de\/schadewe\/files\/2021\/12\/IMG_20211213_072404_edit_327134785959455-scaled.jpg 1696w, https:\/\/wordpress.nibis.de\/schadewe\/files\/2021\/12\/IMG_20211213_072404_edit_327134785959455-768x1159.jpg 768w, https:\/\/wordpress.nibis.de\/schadewe\/files\/2021\/12\/IMG_20211213_072404_edit_327134785959455-1018x1536.jpg 1018w, https:\/\/wordpress.nibis.de\/schadewe\/files\/2021\/12\/IMG_20211213_072404_edit_327134785959455-1357x2048.jpg 1357w, https:\/\/wordpress.nibis.de\/schadewe\/files\/2021\/12\/IMG_20211213_072404_edit_327134785959455-179x270.jpg 179w\" sizes=\"auto, (max-width: 1696px) 100vw, 1696px\" \/><\/figure><\/li><li class=\"blocks-gallery-item\"><figure><img loading=\"lazy\" decoding=\"async\" width=\"1942\" height=\"2560\" src=\"https:\/\/wordpress.nibis.de\/schadewe\/files\/2021\/12\/IMG_20211213_072414_edit_327117445436020-scaled.jpg\" alt=\"\" data-id=\"434\" data-link=\"https:\/\/wordpress.nibis.de\/schadewe\/?attachment_id=434\" class=\"wp-image-434\" srcset=\"https:\/\/wordpress.nibis.de\/schadewe\/files\/2021\/12\/IMG_20211213_072414_edit_327117445436020-scaled.jpg 1942w, https:\/\/wordpress.nibis.de\/schadewe\/files\/2021\/12\/IMG_20211213_072414_edit_327117445436020-768x1012.jpg 768w, https:\/\/wordpress.nibis.de\/schadewe\/files\/2021\/12\/IMG_20211213_072414_edit_327117445436020-1165x1536.jpg 1165w, https:\/\/wordpress.nibis.de\/schadewe\/files\/2021\/12\/IMG_20211213_072414_edit_327117445436020-1554x2048.jpg 1554w, https:\/\/wordpress.nibis.de\/schadewe\/files\/2021\/12\/IMG_20211213_072414_edit_327117445436020-205x270.jpg 205w\" sizes=\"auto, (max-width: 1942px) 100vw, 1942px\" \/><\/figure><\/li><li class=\"blocks-gallery-item\"><figure><img loading=\"lazy\" decoding=\"async\" width=\"1890\" height=\"2559\" src=\"https:\/\/wordpress.nibis.de\/schadewe\/files\/2021\/12\/IMG_20211213_072423_edit_327092101283420.jpg\" alt=\"\" data-id=\"435\" data-link=\"https:\/\/wordpress.nibis.de\/schadewe\/?attachment_id=435\" class=\"wp-image-435\" srcset=\"https:\/\/wordpress.nibis.de\/schadewe\/files\/2021\/12\/IMG_20211213_072423_edit_327092101283420.jpg 1890w, https:\/\/wordpress.nibis.de\/schadewe\/files\/2021\/12\/IMG_20211213_072423_edit_327092101283420-768x1040.jpg 768w, https:\/\/wordpress.nibis.de\/schadewe\/files\/2021\/12\/IMG_20211213_072423_edit_327092101283420-1134x1536.jpg 1134w, https:\/\/wordpress.nibis.de\/schadewe\/files\/2021\/12\/IMG_20211213_072423_edit_327092101283420-1513x2048.jpg 1513w, https:\/\/wordpress.nibis.de\/schadewe\/files\/2021\/12\/IMG_20211213_072423_edit_327092101283420-199x270.jpg 199w\" sizes=\"auto, (max-width: 1890px) 100vw, 1890px\" \/><\/figure><\/li><li class=\"blocks-gallery-item\"><figure><img loading=\"lazy\" decoding=\"async\" width=\"1902\" height=\"2560\" src=\"https:\/\/wordpress.nibis.de\/schadewe\/files\/2021\/12\/IMG_20211213_072433_edit_327079564743317-scaled.jpg\" alt=\"\" data-id=\"436\" data-link=\"https:\/\/wordpress.nibis.de\/schadewe\/?attachment_id=436\" class=\"wp-image-436\" srcset=\"https:\/\/wordpress.nibis.de\/schadewe\/files\/2021\/12\/IMG_20211213_072433_edit_327079564743317-scaled.jpg 1902w, https:\/\/wordpress.nibis.de\/schadewe\/files\/2021\/12\/IMG_20211213_072433_edit_327079564743317-768x1034.jpg 768w, https:\/\/wordpress.nibis.de\/schadewe\/files\/2021\/12\/IMG_20211213_072433_edit_327079564743317-1141x1536.jpg 1141w, https:\/\/wordpress.nibis.de\/schadewe\/files\/2021\/12\/IMG_20211213_072433_edit_327079564743317-1522x2048.jpg 1522w, https:\/\/wordpress.nibis.de\/schadewe\/files\/2021\/12\/IMG_20211213_072433_edit_327079564743317-201x270.jpg 201w\" sizes=\"auto, (max-width: 1902px) 100vw, 1902px\" \/><\/figure><\/li><li class=\"blocks-gallery-item\"><figure><img loading=\"lazy\" decoding=\"async\" width=\"1585\" height=\"2363\" src=\"https:\/\/wordpress.nibis.de\/schadewe\/files\/2021\/12\/IMG_20211213_072443_edit_327060069345404.jpg\" alt=\"\" data-id=\"437\" data-link=\"https:\/\/wordpress.nibis.de\/schadewe\/?attachment_id=437\" class=\"wp-image-437\" srcset=\"https:\/\/wordpress.nibis.de\/schadewe\/files\/2021\/12\/IMG_20211213_072443_edit_327060069345404.jpg 1585w, https:\/\/wordpress.nibis.de\/schadewe\/files\/2021\/12\/IMG_20211213_072443_edit_327060069345404-768x1145.jpg 768w, https:\/\/wordpress.nibis.de\/schadewe\/files\/2021\/12\/IMG_20211213_072443_edit_327060069345404-1030x1536.jpg 1030w, https:\/\/wordpress.nibis.de\/schadewe\/files\/2021\/12\/IMG_20211213_072443_edit_327060069345404-1374x2048.jpg 1374w, https:\/\/wordpress.nibis.de\/schadewe\/files\/2021\/12\/IMG_20211213_072443_edit_327060069345404-181x270.jpg 181w\" sizes=\"auto, (max-width: 1585px) 100vw, 1585px\" \/><\/figure><\/li><li class=\"blocks-gallery-item\"><figure><img loading=\"lazy\" decoding=\"async\" width=\"1733\" height=\"2416\" src=\"https:\/\/wordpress.nibis.de\/schadewe\/files\/2021\/12\/IMG_20211213_072453_edit_327043426829781.jpg\" alt=\"\" data-id=\"438\" data-link=\"https:\/\/wordpress.nibis.de\/schadewe\/?attachment_id=438\" class=\"wp-image-438\" srcset=\"https:\/\/wordpress.nibis.de\/schadewe\/files\/2021\/12\/IMG_20211213_072453_edit_327043426829781.jpg 1733w, https:\/\/wordpress.nibis.de\/schadewe\/files\/2021\/12\/IMG_20211213_072453_edit_327043426829781-768x1071.jpg 768w, https:\/\/wordpress.nibis.de\/schadewe\/files\/2021\/12\/IMG_20211213_072453_edit_327043426829781-1102x1536.jpg 1102w, https:\/\/wordpress.nibis.de\/schadewe\/files\/2021\/12\/IMG_20211213_072453_edit_327043426829781-1469x2048.jpg 1469w, https:\/\/wordpress.nibis.de\/schadewe\/files\/2021\/12\/IMG_20211213_072453_edit_327043426829781-194x270.jpg 194w\" sizes=\"auto, (max-width: 1733px) 100vw, 1733px\" \/><\/figure><\/li><li class=\"blocks-gallery-item\"><figure><img loading=\"lazy\" decoding=\"async\" width=\"1718\" height=\"2560\" src=\"https:\/\/wordpress.nibis.de\/schadewe\/files\/2021\/12\/IMG_20211213_072353_edit_327147404498515-1-scaled.jpg\" alt=\"\" data-id=\"439\" data-full-url=\"https:\/\/wordpress.nibis.de\/schadewe\/files\/2021\/12\/IMG_20211213_072353_edit_327147404498515-1-scaled.jpg\" data-link=\"https:\/\/wordpress.nibis.de\/schadewe\/?attachment_id=439\" class=\"wp-image-439\" srcset=\"https:\/\/wordpress.nibis.de\/schadewe\/files\/2021\/12\/IMG_20211213_072353_edit_327147404498515-1-scaled.jpg 1718w, https:\/\/wordpress.nibis.de\/schadewe\/files\/2021\/12\/IMG_20211213_072353_edit_327147404498515-1-768x1145.jpg 768w, https:\/\/wordpress.nibis.de\/schadewe\/files\/2021\/12\/IMG_20211213_072353_edit_327147404498515-1-1031x1536.jpg 1031w, https:\/\/wordpress.nibis.de\/schadewe\/files\/2021\/12\/IMG_20211213_072353_edit_327147404498515-1-1374x2048.jpg 1374w, https:\/\/wordpress.nibis.de\/schadewe\/files\/2021\/12\/IMG_20211213_072353_edit_327147404498515-1-181x270.jpg 181w\" sizes=\"auto, (max-width: 1718px) 100vw, 1718px\" \/><\/figure><\/li><\/ul><\/figure>\n","protected":false},"excerpt":{"rendered":"<p>\u201eIch mag die Helden, weil sie die Guten sind. Ich mag Henry Danger am liebsten von allen Helden. Er k\u00e4mpft gegen das B\u00f6se und danger &#8211; force Kinder helfen ihm am Ende. Captain Man geh\u00f6rt dazu. Bei Asterix und Obelix gef\u00e4llt mir, dass sie die R\u00f6mer durch die Luft fliegen lassen. Ich sammle die Asterix Hefte.\u201c &#8211; Pascal, Klasse 9<\/p>\n","protected":false},"author":9193575,"featured_media":0,"parent":0,"menu_order":0,"comment_status":"closed","ping_status":"closed","template":"","meta":{"footnotes":""},"class_list":["post-429","page","type-page","status-publish","hentry"],"_links":{"self":[{"href":"https:\/\/wordpress.nibis.de\/schadewe\/wp-json\/wp\/v2\/pages\/429","targetHints":{"allow":["GET"]}}],"collection":[{"href":"https:\/\/wordpress.nibis.de\/schadewe\/wp-json\/wp\/v2\/pages"}],"about":[{"href":"https:\/\/wordpress.nibis.de\/schadewe\/wp-json\/wp\/v2\/types\/page"}],"author":[{"embeddable":true,"href":"https:\/\/wordpress.nibis.de\/schadewe\/wp-json\/wp\/v2\/users\/9193575"}],"replies":[{"embeddable":true,"href":"https:\/\/wordpress.nibis.de\/schadewe\/wp-json\/wp\/v2\/comments?post=429"}],"version-history":[{"count":3,"href":"https:\/\/wordpress.nibis.de\/schadewe\/wp-json\/wp\/v2\/pages\/429\/revisions"}],"predecessor-version":[{"id":442,"href":"https:\/\/wordpress.nibis.de\/schadewe\/wp-json\/wp\/v2\/pages\/429\/revisions\/442"}],"wp:attachment":[{"href":"https:\/\/wordpress.nibis.de\/schadewe\/wp-json\/wp\/v2\/media?parent=429"}],"curies":[{"name":"wp","href":"https:\/\/api.w.org\/{rel}","templated":true}]}}